{"id":595314,"date":"2025-03-05T00:19:43","date_gmt":"2025-03-04T23:19:43","guid":{"rendered":"https:\/\/shop.kustom.ch\/?post_type=product&#038;p=595314"},"modified":"2026-03-31T08:58:35","modified_gmt":"2026-03-31T07:58:35","slug":"guertel-3","status":"publish","type":"product","link":"https:\/\/shop.kustom.ch\/it\/prodotto\/guertel-3\/","title":{"rendered":"Cintura"},"content":{"rendered":"<p>Cintura regolabile con fibbia in metallo. Disponibile in diversi colori, vi offre l'opportunit\u00e0 di mettere in risalto il vostro abbigliamento da lavoro e la vostra azienda.<\/p>\n<p>DETTAGLI: Senza nichel. CARATTERISTICHE PRINCIPALI: Unisex. MISURE: Lunghezza 130 cm. ISTRUZIONI DI LAVAGGIO: Non stirare.<\/p>","protected":false},"excerpt":{"rendered":"<p>Einstellbarer G\u00fcrtel mit Metallschnalle. Erh\u00e4ltlich in verschiedenen Farben, bieten Ihnen die M\u00f6glichkeit Ihre Arbeitsbekleidung und Ihre Firma hervor zu heben. DETAILS: Nickelfrei. HAUPTEIGENSCHAFTEN: Unisex. MASSANGABE: L\u00e4nge 130 cm. WASCHANLEITUNG: Nicht b\u00fcgeln<\/p>","protected":false},"featured_media":595386,"template":"","meta":[],"product_brand":[],"product_cat":[9643,4209],"product_tag":[],"class_list":{"0":"post-595314","1":"product","2":"type-product","3":"status-publish","4":"has-post-thumbnail","6":"product_cat-equipment","7":"product_cat-zubehoer","8":"pa_brand-blaklaeder","9":"pa_brand-type-workwear","10":"pa_filter-color-blau","11":"pa_filter-color-gelb","12":"pa_filter-color-grau","13":"pa_filter-color-gruen","14":"pa_filter-color-orange","15":"pa_filter-color-rot","16":"pa_filter-color-schwarz","18":"first","19":"instock","20":"sale","21":"taxable","22":"shipping-taxable","23":"purchasable","24":"product-type-variable","25":"add-to-wishlist-before_image"},"exclude_global_add_ons":[],"addons":[],"acf":[],"_links":{"self":[{"href":"https:\/\/shop.kustom.ch\/it\/wp-json\/wp\/v2\/product\/595314"}],"collection":[{"href":"https:\/\/shop.kustom.ch\/it\/wp-json\/wp\/v2\/product"}],"about":[{"href":"https:\/\/shop.kustom.ch\/it\/wp-json\/wp\/v2\/types\/product"}],"wp:featuredmedia":[{"embeddable":true,"href":"https:\/\/shop.kustom.ch\/it\/wp-json\/wp\/v2\/media\/595386"}],"wp:attachment":[{"href":"https:\/\/shop.kustom.ch\/it\/wp-json\/wp\/v2\/media?parent=595314"}],"wp:term":[{"taxonomy":"product_brand","embeddable":true,"href":"https:\/\/shop.kustom.ch\/it\/wp-json\/wp\/v2\/product_brand?post=595314"},{"taxonomy":"product_cat","embeddable":true,"href":"https:\/\/shop.kustom.ch\/it\/wp-json\/wp\/v2\/product_cat?post=595314"},{"taxonomy":"product_tag","embeddable":true,"href":"https:\/\/shop.kustom.ch\/it\/wp-json\/wp\/v2\/product_tag?post=595314"}],"curies":[{"name":"wp","href":"https:\/\/api.w.org\/{rel}","templated":true}]}}