{"id":595312,"date":"2025-03-05T00:19:43","date_gmt":"2025-03-04T23:19:43","guid":{"rendered":"https:\/\/shop.kustom.ch\/?post_type=product&#038;p=595312"},"modified":"2026-03-31T08:58:33","modified_gmt":"2026-03-31T07:58:33","slug":"kniepolster-gel-25-mm","status":"publish","type":"product","link":"https:\/\/shop.kustom.ch\/it\/prodotto\/kniepolster-gel-25-mm\/","title":{"rendered":"Ginocchiera in gel 25 mm"},"content":{"rendered":"<p>Una ginocchiera robusta per chi lavora molto sul pavimento. La ginocchiera \u00e8 comoda e flessibile. \u00c8 realizzata in materiale gel da 25 mm con una vestibilit\u00e0 extra larga, che aumenta il comfort e fornisce una protezione efficace durante i periodi prolungati in ginocchio. Il fondello \u00e8 morbido all'interno per un maggiore comfort e si adatta perfettamente alla forma dei pantaloni.<\/p>\n<p>CARATTERISTICHE PRINCIPALI: Unisex. EN 14004. ADATTO A: Vedere le certificazioni e le raccomandazioni dei pantaloni. SICUREZZA: Ginocchiere standard 245x170x25 mm. ISTRUZIONI DI LAVAGGIO: Rimuovere i pantaloni prima del lavaggio. IMBALLAGGIO: Fornito in coppia. CERTIFICAZIONE: Certificata con i pantaloni marcati M1G e H1G.<\/p>\n<p>100% Gomma sintetica<\/p>","protected":false},"excerpt":{"rendered":"<p>Ein stabiles Kniepolster f\u00fcr alle, die viel auf dem Boden arbeiten. Das Polster ist bequem und flexibel. Es besteht aus 25mm Gel-Material mit extra breiter Passform, die sowohl den Komfort erh\u00f6ht, als auch effektiven Schutz bei l\u00e4ngerer Zeit auf den Knien bietet. Das Polster ist f\u00fcr einen besseren Komfort an der Innenseite weich und passt [&hellip;]<\/p>\n","protected":false},"featured_media":595356,"template":"","meta":[],"product_brand":[],"product_cat":[9643,4209],"product_tag":[],"class_list":{"0":"post-595312","1":"product","2":"type-product","3":"status-publish","4":"has-post-thumbnail","6":"product_cat-equipment","7":"product_cat-zubehoer","8":"pa_brand-blaklaeder","9":"pa_brand-type-workwear","10":"pa_filter-color-schwarz","12":"first","13":"instock","14":"sale","15":"taxable","16":"shipping-taxable","17":"purchasable","18":"product-type-variable","19":"add-to-wishlist-before_image"},"exclude_global_add_ons":[],"addons":[],"acf":[],"_links":{"self":[{"href":"https:\/\/shop.kustom.ch\/it\/wp-json\/wp\/v2\/product\/595312"}],"collection":[{"href":"https:\/\/shop.kustom.ch\/it\/wp-json\/wp\/v2\/product"}],"about":[{"href":"https:\/\/shop.kustom.ch\/it\/wp-json\/wp\/v2\/types\/product"}],"wp:featuredmedia":[{"embeddable":true,"href":"https:\/\/shop.kustom.ch\/it\/wp-json\/wp\/v2\/media\/595356"}],"wp:attachment":[{"href":"https:\/\/shop.kustom.ch\/it\/wp-json\/wp\/v2\/media?parent=595312"}],"wp:term":[{"taxonomy":"product_brand","embeddable":true,"href":"https:\/\/shop.kustom.ch\/it\/wp-json\/wp\/v2\/product_brand?post=595312"},{"taxonomy":"product_cat","embeddable":true,"href":"https:\/\/shop.kustom.ch\/it\/wp-json\/wp\/v2\/product_cat?post=595312"},{"taxonomy":"product_tag","embeddable":true,"href":"https:\/\/shop.kustom.ch\/it\/wp-json\/wp\/v2\/product_tag?post=595312"}],"curies":[{"name":"wp","href":"https:\/\/api.w.org\/{rel}","templated":true}]}}