{"id":595274,"date":"2025-03-05T00:19:11","date_gmt":"2025-03-04T23:19:11","guid":{"rendered":"https:\/\/shop.kustom.ch\/?post_type=product&#038;p=595274"},"modified":"2026-03-31T08:58:32","modified_gmt":"2026-03-31T07:58:32","slug":"high-vis-jacke","status":"publish","type":"product","link":"https:\/\/shop.kustom.ch\/it\/prodotto\/high-vis-jacke\/","title":{"rendered":"Giacca alta visibilit\u00e0"},"content":{"rendered":"<p>Confortevole giacca ad alta visibilit\u00e0 in quattro diverse combinazioni di colori. Vestibilit\u00e0 ergonomica per una buona libert\u00e0 di movimento. Numerose tasche intelligenti, tra cui il taschino sul petto, le tasche laterali e la tasca per il cellulare. Certificato secondo la norma EN ISO 20471, XS-S classe 2 M-XXXL.<\/p>\n<p>CHIUSURA: Schienale allungato. Polsini regolabili con bottoni a pressione. DETTAGLI: Tasca per carte d'identit\u00e0 a scomparsa. Soffietti sul retro. Cucitura a sella sul retro. CHIUSURA ANTERIORE: Zip metallica nascosta. PROPRIET\u00c0 PRINCIPALI: Lavoratore su strada ed edile. RIS-3279-TOM . REFLEX: Materiale riflettente su corpo, maniche e spalle. TESSUTO: Uomo. Giallo alta visibilit\u00e0. Protezione ad alta visibilit\u00e0. TASCHE: Tasche sul petto con patta e bottoni a pressione. Tasca interna per cellulare. Tasche anteriori con pattina e tasche laterali. ISTRUZIONI DI LAVAGGIO: lavaggio industriale X 50. PRO: adatto all'asciugatura in tamburo. LAVAGGIO: Lavaggio industriale EN ISO 15797. CERTIFICAZIONE: Gruppo di certificazione B -&gt;M<\/p>\n<p>85% poliestere, 15% cotone, raso, 300g\/m\u00b2<\/p>","protected":false},"excerpt":{"rendered":"<p>Komfortable High Vis Jacke in vier verschiedenen Farbkombinationen. Ergonomische Passform f\u00fcr eine gute Bewegungsfreiheit. Viele clevere Taschen, inklusive Brusttasche, Seitentaschen und Handytasche. Zertifiziert nach EN ISO 20471, XS-S Klasse 2 M-XXXL. ABSCHLUSS: Verl\u00e4ngerter R\u00fccken. Verstellbare \u00c4rmelb\u00fcndchen mit Druckknopf. DETAILS: Ausweistasche versenkbar. Balg am R\u00fccken. Sattelnaht hinten. FRONTVERSCHLUSS: Verdeckter Reissverschluss aus Metall. HAUPTEIGENSCHAFTEN: Strassen- und Bauarbeiter. [&hellip;]<\/p>\n","protected":false},"featured_media":595342,"template":"","meta":[],"product_brand":[],"product_cat":[4186],"product_tag":[],"class_list":{"0":"post-595274","1":"product","2":"type-product","3":"status-publish","4":"has-post-thumbnail","6":"product_cat-jacken","7":"pa_brand-blaklaeder","8":"pa_brand-type-workwear","9":"pa_filter-color-blau","10":"pa_filter-color-gelb","11":"pa_filter-color-orange","12":"pa_filter-color-schwarz","14":"first","15":"instock","16":"sale","17":"taxable","18":"shipping-taxable","19":"purchasable","20":"product-type-variable","21":"add-to-wishlist-before_image"},"exclude_global_add_ons":[],"addons":[],"acf":[],"_links":{"self":[{"href":"https:\/\/shop.kustom.ch\/it\/wp-json\/wp\/v2\/product\/595274"}],"collection":[{"href":"https:\/\/shop.kustom.ch\/it\/wp-json\/wp\/v2\/product"}],"about":[{"href":"https:\/\/shop.kustom.ch\/it\/wp-json\/wp\/v2\/types\/product"}],"wp:featuredmedia":[{"embeddable":true,"href":"https:\/\/shop.kustom.ch\/it\/wp-json\/wp\/v2\/media\/595342"}],"wp:attachment":[{"href":"https:\/\/shop.kustom.ch\/it\/wp-json\/wp\/v2\/media?parent=595274"}],"wp:term":[{"taxonomy":"product_brand","embeddable":true,"href":"https:\/\/shop.kustom.ch\/it\/wp-json\/wp\/v2\/product_brand?post=595274"},{"taxonomy":"product_cat","embeddable":true,"href":"https:\/\/shop.kustom.ch\/it\/wp-json\/wp\/v2\/product_cat?post=595274"},{"taxonomy":"product_tag","embeddable":true,"href":"https:\/\/shop.kustom.ch\/it\/wp-json\/wp\/v2\/product_tag?post=595274"}],"curies":[{"name":"wp","href":"https:\/\/api.w.org\/{rel}","templated":true}]}}