{"id":595258,"date":"2025-03-05T00:19:07","date_gmt":"2025-03-04T23:19:07","guid":{"rendered":"https:\/\/shop.kustom.ch\/?post_type=product&#038;p=595258"},"modified":"2026-03-31T08:58:19","modified_gmt":"2026-03-31T07:58:19","slug":"hosentraeger","status":"publish","type":"product","link":"https:\/\/shop.kustom.ch\/it\/prodotto\/hosentraeger\/","title":{"rendered":"Apparecchio per i denti"},"content":{"rendered":"<p>Ampie bretelle con cinghie resistenti e robuste clip metalliche. Queste bretelle sono facilmente regolabili.<\/p>\n<p>DETTAGLI: Senza nichel. Ampie bretelle con elastico resistente e clip. CARATTERISTICHE PRINCIPALI: Unisex. TESSUTO: Giallo alta visibilit\u00e0. Elasticizzato. ISTRUZIONI DI LAVAGGIO: Non centrifugare.<\/p>\n<p>70 % poliestere, 30% elastan<\/p>","protected":false},"excerpt":{"rendered":"<p>Breite Hosentr\u00e4ger mit starken B\u00e4ndern und robusten Metallclips. Diese Hosentr\u00e4ger sind leicht einstellbar. DETAILS: Nickelfrei. Breite Hosentr\u00e4ger mit starkem Gummi und Klammern. HAUPTEIGENSCHAFTEN: Unisex. STOFF: High-Vis Gelb. Stretch. WASCHANLEITUNG: Nicht schleudern 70 % Polyester, 30% Elastan<\/p>","protected":false},"featured_media":595323,"template":"","meta":[],"product_brand":[],"product_cat":[9643,4209],"product_tag":[],"class_list":{"0":"post-595258","1":"product","2":"type-product","3":"status-publish","4":"has-post-thumbnail","6":"product_cat-equipment","7":"product_cat-zubehoer","8":"pa_brand-blaklaeder","9":"pa_brand-type-workwear","10":"pa_filter-color-blau","11":"pa_filter-color-gelb","12":"pa_filter-color-rot","13":"pa_filter-color-schwarz","15":"first","16":"instock","17":"sale","18":"taxable","19":"shipping-taxable","20":"purchasable","21":"product-type-variable","22":"add-to-wishlist-before_image"},"exclude_global_add_ons":[],"addons":[],"acf":[],"_links":{"self":[{"href":"https:\/\/shop.kustom.ch\/it\/wp-json\/wp\/v2\/product\/595258"}],"collection":[{"href":"https:\/\/shop.kustom.ch\/it\/wp-json\/wp\/v2\/product"}],"about":[{"href":"https:\/\/shop.kustom.ch\/it\/wp-json\/wp\/v2\/types\/product"}],"wp:featuredmedia":[{"embeddable":true,"href":"https:\/\/shop.kustom.ch\/it\/wp-json\/wp\/v2\/media\/595323"}],"wp:attachment":[{"href":"https:\/\/shop.kustom.ch\/it\/wp-json\/wp\/v2\/media?parent=595258"}],"wp:term":[{"taxonomy":"product_brand","embeddable":true,"href":"https:\/\/shop.kustom.ch\/it\/wp-json\/wp\/v2\/product_brand?post=595258"},{"taxonomy":"product_cat","embeddable":true,"href":"https:\/\/shop.kustom.ch\/it\/wp-json\/wp\/v2\/product_cat?post=595258"},{"taxonomy":"product_tag","embeddable":true,"href":"https:\/\/shop.kustom.ch\/it\/wp-json\/wp\/v2\/product_tag?post=595258"}],"curies":[{"name":"wp","href":"https:\/\/api.w.org\/{rel}","templated":true}]}}