{"id":595255,"date":"2025-03-05T00:19:07","date_gmt":"2025-03-04T23:19:07","guid":{"rendered":"https:\/\/shop.kustom.ch\/?post_type=product&#038;p=595255"},"modified":"2026-03-31T08:58:16","modified_gmt":"2026-03-31T07:58:16","slug":"guertel-stretch-2","status":"publish","type":"product","link":"https:\/\/shop.kustom.ch\/it\/prodotto\/guertel-stretch-2\/","title":{"rendered":"Cintura elastica"},"content":{"rendered":"<p>Una bella cintura elasticizzata con fibbia in acciaio spazzolato. Larghezza 4 cm. Lunghezza 130 cm.<\/p>\n<p>DETTAGLI: fibbia metallica con logo Bl\u00e5kl\u00e4der. CARATTERISTICHE PRINCIPALI: unisex. MISURE: lunghezza 130 cm. SIMBOLI: elasticit\u00e0 bidirezionale. ISTRUZIONI DI LAVAGGIO: non centrifugare.<\/p>","protected":false},"excerpt":{"rendered":"<p>Ein sch\u00f6ner G\u00fcrtel mit Stretch und einer Schnalle aus geb\u00fcrstetem Stahl. Breite 4 cm. L\u00e4nge 130 cm. DETAILS: Metallschnalle mit Bl\u00e5kl\u00e4der-Logo. HAUPTEIGENSCHAFTEN: Unisex. MASSANGABE: L\u00e4nge 130 cm. SYMBOLS: 2-way stretch. WASCHANLEITUNG: Nicht schleudern<\/p>","protected":false},"featured_media":595306,"template":"","meta":[],"product_brand":[],"product_cat":[9643,4209],"product_tag":[],"class_list":{"0":"post-595255","1":"product","2":"type-product","3":"status-publish","4":"has-post-thumbnail","6":"product_cat-equipment","7":"product_cat-zubehoer","8":"pa_brand-blaklaeder","9":"pa_brand-type-workwear","10":"pa_filter-color-schwarz","12":"first","13":"instock","14":"sale","15":"taxable","16":"shipping-taxable","17":"purchasable","18":"product-type-variable","19":"add-to-wishlist-before_image"},"exclude_global_add_ons":[],"addons":[],"acf":[],"_links":{"self":[{"href":"https:\/\/shop.kustom.ch\/it\/wp-json\/wp\/v2\/product\/595255"}],"collection":[{"href":"https:\/\/shop.kustom.ch\/it\/wp-json\/wp\/v2\/product"}],"about":[{"href":"https:\/\/shop.kustom.ch\/it\/wp-json\/wp\/v2\/types\/product"}],"wp:featuredmedia":[{"embeddable":true,"href":"https:\/\/shop.kustom.ch\/it\/wp-json\/wp\/v2\/media\/595306"}],"wp:attachment":[{"href":"https:\/\/shop.kustom.ch\/it\/wp-json\/wp\/v2\/media?parent=595255"}],"wp:term":[{"taxonomy":"product_brand","embeddable":true,"href":"https:\/\/shop.kustom.ch\/it\/wp-json\/wp\/v2\/product_brand?post=595255"},{"taxonomy":"product_cat","embeddable":true,"href":"https:\/\/shop.kustom.ch\/it\/wp-json\/wp\/v2\/product_cat?post=595255"},{"taxonomy":"product_tag","embeddable":true,"href":"https:\/\/shop.kustom.ch\/it\/wp-json\/wp\/v2\/product_tag?post=595255"}],"curies":[{"name":"wp","href":"https:\/\/api.w.org\/{rel}","templated":true}]}}