{"id":594903,"date":"2025-03-05T00:13:33","date_gmt":"2025-03-04T23:13:33","guid":{"rendered":"https:\/\/shop.kustom.ch\/?post_type=product&#038;p=594903"},"modified":"2026-03-31T08:57:14","modified_gmt":"2026-03-31T07:57:14","slug":"pullover-gestrickt","status":"publish","type":"product","link":"https:\/\/shop.kustom.ch\/it\/prodotto\/pullover-gestrickt\/","title":{"rendered":"Maglione lavorato a maglia"},"content":{"rendered":"<p>Maglia con scollo a V che si abbina perfettamente ai pantaloni chino 1465 di Bl\u00e5kl\u00e4der per un look business elegante al lavoro.<\/p>\n<p>FINITURA: Vita a coste. Polsini a coste. DETTAGLI: Scollo a V. PROPRIET\u00c0 PRINCIPALI: Magazziniere. Uomo. TESSUTO: Uomo. blu. ISTRUZIONI DI LAVAGGIO: Utilizzare un detersivo per lana. Non candeggiare<\/p>\n<p>60% lana, 40% poliacrilico<\/p>","protected":false},"excerpt":{"rendered":"<p>Gestrickter V-Ausschnitt Pullover, der perfekt zu den Bl\u00e5kl\u00e4der Chinos 1465 passt, f\u00fcr einen stilvollen Business-Look bei der Arbeit. ABSCHLUSS: Gerippter Taillenbund. Rippstrickb\u00fcndchen. DETAILS: V-Ausschnitt. HAUPTEIGENSCHAFTEN: Lagerarbeiter. Herren. STOFF: Herren. blau. WASCHANLEITUNG: Wollwaschmittel nutzen. Nicht bleichen 60% Wolle, 40% Polyacryl<\/p>","protected":false},"featured_media":594965,"template":"","meta":[],"product_brand":[],"product_cat":[4184],"product_tag":[],"class_list":{"0":"post-594903","1":"product","2":"type-product","3":"status-publish","4":"has-post-thumbnail","6":"product_cat-hoodies-pullover","7":"pa_brand-blaklaeder","8":"pa_brand-type-workwear","9":"pa_filter-color-blau","10":"pa_filter-color-schwarz","12":"first","13":"instock","14":"sale","15":"taxable","16":"shipping-taxable","17":"purchasable","18":"product-type-variable","19":"add-to-wishlist-before_image"},"exclude_global_add_ons":[],"addons":[],"acf":[],"_links":{"self":[{"href":"https:\/\/shop.kustom.ch\/it\/wp-json\/wp\/v2\/product\/594903"}],"collection":[{"href":"https:\/\/shop.kustom.ch\/it\/wp-json\/wp\/v2\/product"}],"about":[{"href":"https:\/\/shop.kustom.ch\/it\/wp-json\/wp\/v2\/types\/product"}],"wp:featuredmedia":[{"embeddable":true,"href":"https:\/\/shop.kustom.ch\/it\/wp-json\/wp\/v2\/media\/594965"}],"wp:attachment":[{"href":"https:\/\/shop.kustom.ch\/it\/wp-json\/wp\/v2\/media?parent=594903"}],"wp:term":[{"taxonomy":"product_brand","embeddable":true,"href":"https:\/\/shop.kustom.ch\/it\/wp-json\/wp\/v2\/product_brand?post=594903"},{"taxonomy":"product_cat","embeddable":true,"href":"https:\/\/shop.kustom.ch\/it\/wp-json\/wp\/v2\/product_cat?post=594903"},{"taxonomy":"product_tag","embeddable":true,"href":"https:\/\/shop.kustom.ch\/it\/wp-json\/wp\/v2\/product_tag?post=594903"}],"curies":[{"name":"wp","href":"https:\/\/api.w.org\/{rel}","templated":true}]}}