{"id":594738,"date":"2025-03-05T00:11:12","date_gmt":"2025-03-04T23:11:12","guid":{"rendered":"https:\/\/shop.kustom.ch\/?post_type=product&#038;p=594738"},"modified":"2026-03-31T08:57:00","modified_gmt":"2026-03-31T07:57:00","slug":"sweatshirt-4","status":"publish","type":"product","link":"https:\/\/shop.kustom.ch\/it\/prodotto\/sweatshirt-4\/","title":{"rendered":"Felpa"},"content":{"rendered":"<p>Una felpa comoda e flessibile con colletto a girocollo e colori a contrasto sulle spalle. Ha polsini a costine ed \u00e8 rinforzata sulle cuciture del collo e delle spalle per una maggiore durata. Questa felpa \u00e8 perfetta per dare visibilit\u00e0 alla vostra azienda. Disponibile anche nel modello 3408 da donna.<\/p>\n<p>CHIUSURA: vita a coste. Polsini con risvolto. DETTAGLI: Spalle in colore a contrasto. PROPRIET\u00c0 PRINCIPALI: Artigianale. Uomo. TESSUTO: Uomo. ISTRUZIONI DI LAVAGGIO: Stiratura - media.<\/p>\n<p>100% Cotone, spugna francese, 320 g\/m\u00b2<\/p>","protected":false},"excerpt":{"rendered":"<p>Ein bequemes und flexibles Sweatshirt mit Rundhalskragen und Kontrastfarben an den Schultern. Es hat rippgestrickte B\u00fcndchen und ist an den Hals- und Schultern\u00e4hten f\u00fcr zus\u00e4tzliche Haltbarkeit verst\u00e4rkt. Das Sweatshirt ist perfekt f\u00fcr die Profilierung Ihres Unternehmens. Auch erh\u00e4ltlich als Damenmodell 3408. ABSCHLUSS: Gerippter Bund. Armabschluss mit B\u00fcndchen. DETAILS: Schulterpartien in Kontrastfarbe. HAUPTEIGENSCHAFTEN: Handwerker. Herren. STOFF: [&hellip;]<\/p>\n","protected":false},"featured_media":594799,"template":"","meta":[],"product_brand":[],"product_cat":[4184],"product_tag":[],"class_list":{"0":"post-594738","1":"product","2":"type-product","3":"status-publish","4":"has-post-thumbnail","6":"product_cat-hoodies-pullover","7":"pa_brand-blaklaeder","8":"pa_brand-type-workwear","9":"pa_filter-color-blau","10":"pa_filter-color-gelb","12":"first","13":"instock","14":"sale","15":"taxable","16":"shipping-taxable","17":"purchasable","18":"product-type-variable","19":"add-to-wishlist-before_image"},"exclude_global_add_ons":[],"addons":[],"acf":[],"_links":{"self":[{"href":"https:\/\/shop.kustom.ch\/it\/wp-json\/wp\/v2\/product\/594738"}],"collection":[{"href":"https:\/\/shop.kustom.ch\/it\/wp-json\/wp\/v2\/product"}],"about":[{"href":"https:\/\/shop.kustom.ch\/it\/wp-json\/wp\/v2\/types\/product"}],"wp:featuredmedia":[{"embeddable":true,"href":"https:\/\/shop.kustom.ch\/it\/wp-json\/wp\/v2\/media\/594799"}],"wp:attachment":[{"href":"https:\/\/shop.kustom.ch\/it\/wp-json\/wp\/v2\/media?parent=594738"}],"wp:term":[{"taxonomy":"product_brand","embeddable":true,"href":"https:\/\/shop.kustom.ch\/it\/wp-json\/wp\/v2\/product_brand?post=594738"},{"taxonomy":"product_cat","embeddable":true,"href":"https:\/\/shop.kustom.ch\/it\/wp-json\/wp\/v2\/product_cat?post=594738"},{"taxonomy":"product_tag","embeddable":true,"href":"https:\/\/shop.kustom.ch\/it\/wp-json\/wp\/v2\/product_tag?post=594738"}],"curies":[{"name":"wp","href":"https:\/\/api.w.org\/{rel}","templated":true}]}}