{"id":594715,"date":"2025-03-05T00:10:40","date_gmt":"2025-03-04T23:10:40","guid":{"rendered":"https:\/\/shop.kustom.ch\/?post_type=product&#038;p=594715"},"modified":"2026-03-31T08:56:47","modified_gmt":"2026-03-31T07:56:47","slug":"high-vis-kapuzensweater-mit-reissverschluss","status":"publish","type":"product","link":"https:\/\/shop.kustom.ch\/it\/prodotto\/high-vis-kapuzensweater-mit-reissverschluss\/","title":{"rendered":"Maglia con cappuccio High Vis con zip"},"content":{"rendered":"<p>Maglia con cappuccio in alta visibilit\u00e0 classe 3 con strisce riflettenti interrotte per una maggiore visibilit\u00e0. Il materiale della maglia \u00e8 un morbido e confortevole pile che offre una combinazione imbattibile di sicurezza e comfort. Ha un cappuccio, una zip a tutta lunghezza, una tasca sul petto e polsini a costine. Pu\u00f2 essere lavato industrialmente. Certificato secondo la norma EN ISO 20471 classe 3, lavanderia industriale EN ISO 15797.<\/p>\n<p>CHIUSURA: vita a coste. Polsini con risvolto. DETTAGLI: Cappuccio fisso e regolabile. CHIUSURA ANTERIORE: Zip in plastica. CARATTERISTICHE PRINCIPALI: Artigiano. Uomo. EN ISO 20471. REFLEX: Materiale riflettente su corpo, maniche e spalle. TESSUTO: Uomo. Giallo alta visibilit\u00e0. Protezione ad alta visibilit\u00e0. Lavanderia industriale EN ISO 15797. TASCHE: Tasca sul petto con cerniera e anello a D. Tasche anteriori con cerniera. ISTRUZIONI DI LAVAGGIO: Lavaggio in casa X 50. 70\u00b0 C. LAVAGGIO: Lavaggio industriale EN ISO 15797. CERTIFICAZIONE: Gli indumenti di classe 2 e 3 in arancione sono conformi alla norma RIS-3279-TOM Issue 2.<\/p>\n<p>100% Poliestere, pile piqu\u00e9, spazzolato su un lato, 240 g\/m\u00b2<\/p>","protected":false},"excerpt":{"rendered":"<p>Ein Kapuzensweater in High Vis Klasse 3 mit unterbrochenen Reflexstreifen f\u00fcr zus\u00e4tzliche Sichtbarkeit. Das Material des Sweaters ist ein weiches und angenehmes Fleece, das eine unschlagbare Kombination aus Sicherheit und Komfort bietet. Er hat eine Kapuze, einen durchgehenden Reissverschluss, eine Brusttasche und Rippstrickb\u00fcndchen. Er kann industriell gewaschen werden. Zertifiziert nach EN ISO 20471 Klasse 3. [&hellip;]<\/p>\n","protected":false},"featured_media":594764,"template":"","meta":[],"product_brand":[],"product_cat":[4184],"product_tag":[],"class_list":{"0":"post-594715","1":"product","2":"type-product","3":"status-publish","4":"has-post-thumbnail","6":"product_cat-hoodies-pullover","7":"pa_brand-blaklaeder","8":"pa_brand-type-workwear","9":"pa_filter-color-gelb","10":"pa_filter-color-orange","11":"pa_filter-color-rot","13":"first","14":"instock","15":"sale","16":"taxable","17":"shipping-taxable","18":"purchasable","19":"product-type-variable","20":"add-to-wishlist-before_image"},"exclude_global_add_ons":[],"addons":[],"acf":[],"_links":{"self":[{"href":"https:\/\/shop.kustom.ch\/it\/wp-json\/wp\/v2\/product\/594715"}],"collection":[{"href":"https:\/\/shop.kustom.ch\/it\/wp-json\/wp\/v2\/product"}],"about":[{"href":"https:\/\/shop.kustom.ch\/it\/wp-json\/wp\/v2\/types\/product"}],"wp:featuredmedia":[{"embeddable":true,"href":"https:\/\/shop.kustom.ch\/it\/wp-json\/wp\/v2\/media\/594764"}],"wp:attachment":[{"href":"https:\/\/shop.kustom.ch\/it\/wp-json\/wp\/v2\/media?parent=594715"}],"wp:term":[{"taxonomy":"product_brand","embeddable":true,"href":"https:\/\/shop.kustom.ch\/it\/wp-json\/wp\/v2\/product_brand?post=594715"},{"taxonomy":"product_cat","embeddable":true,"href":"https:\/\/shop.kustom.ch\/it\/wp-json\/wp\/v2\/product_cat?post=594715"},{"taxonomy":"product_tag","embeddable":true,"href":"https:\/\/shop.kustom.ch\/it\/wp-json\/wp\/v2\/product_tag?post=594715"}],"curies":[{"name":"wp","href":"https:\/\/api.w.org\/{rel}","templated":true}]}}