{"id":594657,"date":"2025-03-05T00:10:02","date_gmt":"2025-03-04T23:10:02","guid":{"rendered":"https:\/\/shop.kustom.ch\/?post_type=product&#038;p=594657"},"modified":"2026-03-31T08:56:40","modified_gmt":"2026-03-31T07:56:40","slug":"high-vis-sweatjacke-2","status":"publish","type":"product","link":"https:\/\/shop.kustom.ch\/it\/prodotto\/high-vis-sweatjacke-2\/","title":{"rendered":"Giacca in felpa ad alta visibilit\u00e0"},"content":{"rendered":"<p>Giacca felpata High Vis di classe 3 con strisce riflettenti intermittenti per una maggiore visibilit\u00e0. Il materiale della giacca felpata High Vis \u00e8 un morbido e confortevole pile che offre una combinazione imbattibile di sicurezza e comfort. \u00c8 dotata di colletto, zip a tutta lunghezza, tasche anteriori, taschino sul petto e polsini a costine. Pu\u00f2 essere lavato industrialmente. Certificato secondo la norma EN ISO 20471 classe 3, lavanderia industriale EN ISO 15797.<\/p>\n<p>CHIUSURA: vita a coste. Polsini con risvolto. DETTAGLI: Collo alto con cerniera. CHIUSURA ANTERIORE: Zip in plastica. CARATTERISTICHE PRINCIPALI: Autista. Uomo. EN ISO 20471. REFLEX: strisce riflettenti a trasferimento larghe 50 mm. TESSUTO: Uomo. Giallo alta visibilit\u00e0. Alta visibilit\u00e0. Lavanderia industriale EN ISO 15797. TASCHE: Tasca sul petto con cerniera e anello a D. Tasche anteriori con cerniera. ISTRUZIONI DI LAVAGGIO: lavaggio industriale X 50. PRO: adatto all'asciugatura in tamburo. LAVAGGIO: Lavaggio industriale EN ISO 15797. CERTIFICAZIONE: Gruppo di certificazione C -&gt;S<\/p>\n<p>100% Poliestere, pile piqu\u00e9, spazzolato su un lato, 240 g\/m\u00b2<\/p>","protected":false},"excerpt":{"rendered":"<p>Eine Sweatjacke in High Vis Klasse 3 mit unterbrochenen Reflexstreifen f\u00fcr zus\u00e4tzliche Sichtbarkeit. Das Material der High Vis Sweatjacke ist ein weiches und angenehmes Fleece, das eine unschlagbare Kombination aus Sicherheit und Komfort bietet. Sie hat einen Kragen, einen durchgehenden Reissverschluss, Vordertaschen, eine Brusttasche und Rippstrickb\u00fcndchen. Sie kann industriell gewaschen werden. Zertifiziert nach EN ISO [&hellip;]<\/p>\n","protected":false},"featured_media":594696,"template":"","meta":[],"product_brand":[],"product_cat":[4184],"product_tag":[],"class_list":{"0":"post-594657","1":"product","2":"type-product","3":"status-publish","4":"has-post-thumbnail","6":"product_cat-hoodies-pullover","7":"pa_brand-blaklaeder","8":"pa_brand-type-workwear","9":"pa_filter-color-gelb","10":"pa_filter-color-orange","11":"pa_filter-color-rot","13":"first","14":"instock","15":"sale","16":"taxable","17":"shipping-taxable","18":"purchasable","19":"product-type-variable","20":"add-to-wishlist-before_image"},"exclude_global_add_ons":[],"addons":[],"acf":[],"_links":{"self":[{"href":"https:\/\/shop.kustom.ch\/it\/wp-json\/wp\/v2\/product\/594657"}],"collection":[{"href":"https:\/\/shop.kustom.ch\/it\/wp-json\/wp\/v2\/product"}],"about":[{"href":"https:\/\/shop.kustom.ch\/it\/wp-json\/wp\/v2\/types\/product"}],"wp:featuredmedia":[{"embeddable":true,"href":"https:\/\/shop.kustom.ch\/it\/wp-json\/wp\/v2\/media\/594696"}],"wp:attachment":[{"href":"https:\/\/shop.kustom.ch\/it\/wp-json\/wp\/v2\/media?parent=594657"}],"wp:term":[{"taxonomy":"product_brand","embeddable":true,"href":"https:\/\/shop.kustom.ch\/it\/wp-json\/wp\/v2\/product_brand?post=594657"},{"taxonomy":"product_cat","embeddable":true,"href":"https:\/\/shop.kustom.ch\/it\/wp-json\/wp\/v2\/product_cat?post=594657"},{"taxonomy":"product_tag","embeddable":true,"href":"https:\/\/shop.kustom.ch\/it\/wp-json\/wp\/v2\/product_tag?post=594657"}],"curies":[{"name":"wp","href":"https:\/\/api.w.org\/{rel}","templated":true}]}}