{"id":594633,"date":"2025-03-05T00:09:28","date_gmt":"2025-03-04T23:09:28","guid":{"rendered":"https:\/\/shop.kustom.ch\/?post_type=product&#038;p=594633"},"modified":"2026-03-31T08:56:40","modified_gmt":"2026-03-31T07:56:40","slug":"high-vis-sweatshirt-4","status":"publish","type":"product","link":"https:\/\/shop.kustom.ch\/it\/prodotto\/high-vis-sweatshirt-4\/","title":{"rendered":"Felpa High Vis"},"content":{"rendered":"<p>Felpa a girocollo in High Vis classe 3 con strisce riflettenti interrotte per una maggiore visibilit\u00e0. Il materiale della felpa High Vis \u00e8 un morbido e confortevole pile che offre una combinazione imbattibile di sicurezza e comfort. \u00c8 dotata di polsini a coste e pu\u00f2 essere lavata industrialmente. Certificata secondo la norma EN ISO 20471 classe 3 e il lavaggio industriale EN ISO 15797.<\/p>\n<p>CHIUSURA: vita a coste. Polsini con risvolto. DETTAGLI: Collo rotondo. CARATTERISTICHE PRINCIPALI: Autista. Uomo. EN ISO 20471. REFLEX: strisce riflettenti a trasferimento larghe 50 mm. TESSUTO: Uomo. Giallo alta visibilit\u00e0. Alta visibilit\u00e0. Lavaggio industriale EN ISO 15797. ISTRUZIONI DI LAVAGGIO: Lavaggio industriale X 50. PRO: adatto all'asciugatura in tamburo. LAVAGGIO: Lavaggio industriale EN ISO 15797. CERTIFICAZIONE: Gruppo di certificazione C -&gt;S<\/p>\n<p>100% Poliestere, pile piqu\u00e9, spazzolato su un lato, 240 g\/m\u00b2<\/p>","protected":false},"excerpt":{"rendered":"<p>Ein Sweatshirt mit Rundhals in High Vis Klasse 3 mit unterbrochenen Reflexstreifen f\u00fcr zus\u00e4tzliche Sichtbarkeit. Das Material des High Vis Sweatshirts ist ein weiches und angenehmes Fleece, das eine unschlagbare Kombination aus Sicherheit und Komfort bietet. Es hat Rippstrickb\u00fcndchen und kann industriell gewaschen werden. Zertifiziert nach EN ISO 20471 Klasse 3. Industriew\u00e4sche EN ISO 15797. [&hellip;]<\/p>\n","protected":false},"featured_media":594693,"template":"","meta":[],"product_brand":[],"product_cat":[4184],"product_tag":[],"class_list":{"0":"post-594633","1":"product","2":"type-product","3":"status-publish","4":"has-post-thumbnail","6":"product_cat-hoodies-pullover","7":"pa_brand-blaklaeder","8":"pa_brand-type-workwear","9":"pa_filter-color-gelb","10":"pa_filter-color-orange","11":"pa_filter-color-rot","13":"first","14":"instock","15":"sale","16":"taxable","17":"shipping-taxable","18":"purchasable","19":"product-type-variable","20":"add-to-wishlist-before_image"},"exclude_global_add_ons":[],"addons":[],"acf":[],"_links":{"self":[{"href":"https:\/\/shop.kustom.ch\/it\/wp-json\/wp\/v2\/product\/594633"}],"collection":[{"href":"https:\/\/shop.kustom.ch\/it\/wp-json\/wp\/v2\/product"}],"about":[{"href":"https:\/\/shop.kustom.ch\/it\/wp-json\/wp\/v2\/types\/product"}],"wp:featuredmedia":[{"embeddable":true,"href":"https:\/\/shop.kustom.ch\/it\/wp-json\/wp\/v2\/media\/594693"}],"wp:attachment":[{"href":"https:\/\/shop.kustom.ch\/it\/wp-json\/wp\/v2\/media?parent=594633"}],"wp:term":[{"taxonomy":"product_brand","embeddable":true,"href":"https:\/\/shop.kustom.ch\/it\/wp-json\/wp\/v2\/product_brand?post=594633"},{"taxonomy":"product_cat","embeddable":true,"href":"https:\/\/shop.kustom.ch\/it\/wp-json\/wp\/v2\/product_cat?post=594633"},{"taxonomy":"product_tag","embeddable":true,"href":"https:\/\/shop.kustom.ch\/it\/wp-json\/wp\/v2\/product_tag?post=594633"}],"curies":[{"name":"wp","href":"https:\/\/api.w.org\/{rel}","templated":true}]}}