{"id":594448,"date":"2025-03-05T00:06:58","date_gmt":"2025-03-04T23:06:58","guid":{"rendered":"https:\/\/shop.kustom.ch\/?post_type=product&#038;p=594448"},"modified":"2026-03-31T08:56:25","modified_gmt":"2026-03-31T07:56:25","slug":"high-vis-sweater-2","status":"publish","type":"product","link":"https:\/\/shop.kustom.ch\/it\/prodotto\/high-vis-sweater-2\/","title":{"rendered":"Maglione High Vis"},"content":{"rendered":"<p>Un morbido e confortevole maglione ad alta visibilit\u00e0 con strisce riflettenti intermittenti per una maggiore elasticit\u00e0 e traspirabilit\u00e0. Ha un collo alto, una mezza zip e polsini sul fondo e sulle maniche per un maggiore comfort. La parte scura del maglione \u00e8 realizzata al 100% in cotone, mentre la parte a vista \u00e8 realizzata al 100% in poliestere. Certificato secondo la norma EN ISO 20471, classe 1.<\/p>\n<p>CHIUSURA: Polsini con risvolto. DETTAGLI: Stampa Bl\u00e5kl\u00e4der sulla spalla. Collo alto con zip. CARATTERISTICHE PRINCIPALI: Artigiano. Uomo. EN ISO 20471. REFLEX: strisce riflettenti a trasferimento larghe 50 mm. TESSUTO: Uomo. blu. Trasporto. Materiale fluorescente in poliestere 100% ad alta visibilit\u00e0. ISTRUZIONI DI LAVAGGIO: Numero di lavaggi: 25, non candeggiare. CERTIFICAZIONE: Gruppo di certificazione D<\/p>\n<p>100% Cotone, spugna francese, 320 g\/m\u00b2<\/p>","protected":false},"excerpt":{"rendered":"<p>Ein weicher und bequemer High Vis Sweater mit unterbrochenen Reflexstreifen f\u00fcr besonders gute Stretch-F\u00e4higkeit und Atmungsaktivit\u00e4t. Er hat einen hohen Kragen, einen Half Zip-Reissverschluss und B\u00fcndchen an der Unterseite und den \u00c4rmelenden f\u00fcr h\u00f6heren Komfort. Der dunkle Teil des Sweaters besteht aus 100 Prozent Baumwolle und der High Vis-Teil ist aus 100 Prozent Polyester gefertigt. [&hellip;]<\/p>\n","protected":false},"featured_media":594488,"template":"","meta":[],"product_brand":[],"product_cat":[4184],"product_tag":[],"class_list":{"0":"post-594448","1":"product","2":"type-product","3":"status-publish","4":"has-post-thumbnail","6":"product_cat-hoodies-pullover","7":"pa_brand-blaklaeder","8":"pa_brand-type-workwear","9":"pa_filter-color-blau","10":"pa_filter-color-gelb","11":"pa_filter-color-orange","12":"pa_filter-color-rot","13":"pa_filter-color-schwarz","15":"first","16":"instock","17":"sale","18":"taxable","19":"shipping-taxable","20":"purchasable","21":"product-type-variable","22":"add-to-wishlist-before_image"},"exclude_global_add_ons":[],"addons":[],"acf":[],"_links":{"self":[{"href":"https:\/\/shop.kustom.ch\/it\/wp-json\/wp\/v2\/product\/594448"}],"collection":[{"href":"https:\/\/shop.kustom.ch\/it\/wp-json\/wp\/v2\/product"}],"about":[{"href":"https:\/\/shop.kustom.ch\/it\/wp-json\/wp\/v2\/types\/product"}],"wp:featuredmedia":[{"embeddable":true,"href":"https:\/\/shop.kustom.ch\/it\/wp-json\/wp\/v2\/media\/594488"}],"wp:attachment":[{"href":"https:\/\/shop.kustom.ch\/it\/wp-json\/wp\/v2\/media?parent=594448"}],"wp:term":[{"taxonomy":"product_brand","embeddable":true,"href":"https:\/\/shop.kustom.ch\/it\/wp-json\/wp\/v2\/product_brand?post=594448"},{"taxonomy":"product_cat","embeddable":true,"href":"https:\/\/shop.kustom.ch\/it\/wp-json\/wp\/v2\/product_cat?post=594448"},{"taxonomy":"product_tag","embeddable":true,"href":"https:\/\/shop.kustom.ch\/it\/wp-json\/wp\/v2\/product_tag?post=594448"}],"curies":[{"name":"wp","href":"https:\/\/api.w.org\/{rel}","templated":true}]}}