{"id":594428,"date":"2025-03-05T00:06:25","date_gmt":"2025-03-04T23:06:25","guid":{"rendered":"https:\/\/shop.kustom.ch\/?post_type=product&#038;p=594428"},"modified":"2026-03-31T08:56:21","modified_gmt":"2026-03-31T07:56:21","slug":"high-vis-kapuzenjacke","status":"publish","type":"product","link":"https:\/\/shop.kustom.ch\/it\/prodotto\/high-vis-kapuzenjacke\/","title":{"rendered":"Giacca con cappuccio High Vis"},"content":{"rendered":"<p>Una giacca con cappuccio morbida e confortevole in alta visibilit\u00e0 con una grande qualit\u00e0 di cotone. \u00c8 dotata di strisce riflettenti interrotte per una maggiore elasticit\u00e0 e traspirabilit\u00e0. La giacca \u00e8 dotata di tasche laterali, colletto alto, zip a tutta lunghezza sul davanti e polsini sul fondo e sulle maniche per un maggiore comfort. La parte scura della giacca con cappuccio \u00e8 realizzata al 100% in cotone, mentre la parte ad alta visibilit\u00e0 \u00e8 realizzata al 100% in poliestere. Certificato secondo la norma EN ISO 20471, classe 1.<\/p>\n<p>CHIUSURA: Polsini con risvolto. DETTAGLI: Stampa Bl\u00e5kl\u00e4der sulla spalla. Cappuccio fisso e regolabile. CHIUSURA ANTERIORE: Cerniera in plastica. CARATTERISTICHE PRINCIPALI: Autista. Uomo. EN ISO 20471. REFLEX: strisce riflettenti a trasferimento larghe 50 mm. TESSUTO: Uomo. giallo. Alta visibilit\u00e0. Cotone 100%. TASCHE: Tasca interna con zip nascosta. ISTRUZIONI DI LAVAGGIO: Numero di lavaggi: 25, non lavare a secco. CERTIFICAZIONE: EN ISO 20471, Classe 1.<\/p>\n<p>100% Cotone, spugna francese, 320 g\/m\u00b2<\/p>","protected":false},"excerpt":{"rendered":"<p>Eine weiche und bequeme Kapuzenjacke in High Vis mit einer grossartigen Baumwollqualit\u00e4t. Sie hat unterbrochene Reflexstreifen f\u00fcr besonders gute Stretch-F\u00e4higkeit und Atmungsaktivit\u00e4t. Die Jacke besitzt Taschen an den Seiten, einen hohen Kragen, einen durchgehenden Reissverschluss an der Vorderseite und B\u00fcndchen an der Unterseite und den \u00c4rmelenden f\u00fcr h\u00f6heren Komfort. Der dunkle Teil der Kapuzenjacke besteht [&hellip;]<\/p>\n","protected":false},"featured_media":594486,"template":"","meta":[],"product_brand":[],"product_cat":[4184],"product_tag":[],"class_list":{"0":"post-594428","1":"product","2":"type-product","3":"status-publish","4":"has-post-thumbnail","6":"product_cat-hoodies-pullover","7":"pa_brand-blaklaeder","8":"pa_brand-type-workwear","9":"pa_filter-color-blau","10":"pa_filter-color-gelb","11":"pa_filter-color-orange","12":"pa_filter-color-rot","13":"pa_filter-color-schwarz","15":"first","16":"instock","17":"sale","18":"taxable","19":"shipping-taxable","20":"purchasable","21":"product-type-variable","22":"add-to-wishlist-before_image"},"exclude_global_add_ons":[],"addons":[],"acf":[],"_links":{"self":[{"href":"https:\/\/shop.kustom.ch\/it\/wp-json\/wp\/v2\/product\/594428"}],"collection":[{"href":"https:\/\/shop.kustom.ch\/it\/wp-json\/wp\/v2\/product"}],"about":[{"href":"https:\/\/shop.kustom.ch\/it\/wp-json\/wp\/v2\/types\/product"}],"wp:featuredmedia":[{"embeddable":true,"href":"https:\/\/shop.kustom.ch\/it\/wp-json\/wp\/v2\/media\/594486"}],"wp:attachment":[{"href":"https:\/\/shop.kustom.ch\/it\/wp-json\/wp\/v2\/media?parent=594428"}],"wp:term":[{"taxonomy":"product_brand","embeddable":true,"href":"https:\/\/shop.kustom.ch\/it\/wp-json\/wp\/v2\/product_brand?post=594428"},{"taxonomy":"product_cat","embeddable":true,"href":"https:\/\/shop.kustom.ch\/it\/wp-json\/wp\/v2\/product_cat?post=594428"},{"taxonomy":"product_tag","embeddable":true,"href":"https:\/\/shop.kustom.ch\/it\/wp-json\/wp\/v2\/product_tag?post=594428"}],"curies":[{"name":"wp","href":"https:\/\/api.w.org\/{rel}","templated":true}]}}