{"id":594386,"date":"2025-03-05T00:05:48","date_gmt":"2025-03-04T23:05:48","guid":{"rendered":"https:\/\/shop.kustom.ch\/?post_type=product&#038;p=594386"},"modified":"2026-03-31T08:56:21","modified_gmt":"2026-03-31T07:56:21","slug":"high-vis-sweatjacke","status":"publish","type":"product","link":"https:\/\/shop.kustom.ch\/it\/prodotto\/high-vis-sweatjacke\/","title":{"rendered":"Giacca in felpa ad alta visibilit\u00e0"},"content":{"rendered":"<p>Una giacca in felpa ad alta visibilit\u00e0, morbida e confortevole, in cotone di ottima qualit\u00e0 con strisce riflettenti interrotte per una maggiore elasticit\u00e0 e traspirabilit\u00e0. \u00c8 dotata di tasche laterali, colletto alto, cerniera frontale a tutta lunghezza e polsini sul fondo e sulle maniche per un maggiore comfort. La parte scura della giacca \u00e8 realizzata in cotone al 100%, mentre la parte ad alta visibilit\u00e0 \u00e8 in poliestere al 100%. Certificato secondo la norma EN ISO 20471, classe 1.<\/p>\n<p>CHIUSURA: Polsini con risvolto. DETTAGLI: Stampa Bl\u00e5kl\u00e4der sulla spalla. Collo alto con cerniera. CHIUSURA ANTERIORE: Cerniera in plastica. CARATTERISTICHE PRINCIPALI: Autista. Uomo. EN ISO 20471. REFLEX: strisce riflettenti a trasferimento larghe 50 mm. TESSUTO: giallo. Trasporto. Cotone 100%. TASCHE: tasca interna con zip nascosta. ISTRUZIONI DI LAVAGGIO: Numero di lavaggi: 25, non candeggiare. CERTIFICAZIONE: Gruppo di certificazione D<\/p>\n<p>100% Cotone, spugna francese, 320 g\/m\u00b2<\/p>","protected":false},"excerpt":{"rendered":"<p>Eine weiche und bequeme High Vis Sweatjacke in einer grossartigen Baumwollqualit\u00e4t mit unterbrochenen Reflexstreifen f\u00fcr besonders gute Stretch-F\u00e4higkeit und Atmungsaktivit\u00e4t. Sie hat Taschen an den Seiten, einen hohen Kragen, einen durchgehenden Reissverschluss an der Vorderseite und B\u00fcndchen an der Unterseite und den \u00c4rmelenden f\u00fcr h\u00f6heren Komfort. Der dunkle Teil der Sweatjacke besteht aus 100 Prozent [&hellip;]<\/p>\n","protected":false},"featured_media":594437,"template":"","meta":[],"product_brand":[],"product_cat":[4184],"product_tag":[],"class_list":{"0":"post-594386","1":"product","2":"type-product","3":"status-publish","4":"has-post-thumbnail","6":"product_cat-hoodies-pullover","7":"pa_brand-blaklaeder","8":"pa_brand-type-workwear","9":"pa_filter-color-blau","10":"pa_filter-color-gelb","11":"pa_filter-color-orange","12":"pa_filter-color-rot","13":"pa_filter-color-schwarz","15":"first","16":"instock","17":"sale","18":"taxable","19":"shipping-taxable","20":"purchasable","21":"product-type-variable","22":"add-to-wishlist-before_image"},"exclude_global_add_ons":[],"addons":[],"acf":[],"_links":{"self":[{"href":"https:\/\/shop.kustom.ch\/it\/wp-json\/wp\/v2\/product\/594386"}],"collection":[{"href":"https:\/\/shop.kustom.ch\/it\/wp-json\/wp\/v2\/product"}],"about":[{"href":"https:\/\/shop.kustom.ch\/it\/wp-json\/wp\/v2\/types\/product"}],"wp:featuredmedia":[{"embeddable":true,"href":"https:\/\/shop.kustom.ch\/it\/wp-json\/wp\/v2\/media\/594437"}],"wp:attachment":[{"href":"https:\/\/shop.kustom.ch\/it\/wp-json\/wp\/v2\/media?parent=594386"}],"wp:term":[{"taxonomy":"product_brand","embeddable":true,"href":"https:\/\/shop.kustom.ch\/it\/wp-json\/wp\/v2\/product_brand?post=594386"},{"taxonomy":"product_cat","embeddable":true,"href":"https:\/\/shop.kustom.ch\/it\/wp-json\/wp\/v2\/product_cat?post=594386"},{"taxonomy":"product_tag","embeddable":true,"href":"https:\/\/shop.kustom.ch\/it\/wp-json\/wp\/v2\/product_tag?post=594386"}],"curies":[{"name":"wp","href":"https:\/\/api.w.org\/{rel}","templated":true}]}}