{"id":594369,"date":"2025-03-05T00:05:45","date_gmt":"2025-03-04T23:05:45","guid":{"rendered":"https:\/\/shop.kustom.ch\/?post_type=product&#038;p=594369"},"modified":"2026-03-31T08:56:15","modified_gmt":"2026-03-31T07:56:15","slug":"sweatshirt-mit-high-vis-einsaetzen","status":"publish","type":"product","link":"https:\/\/shop.kustom.ch\/it\/prodotto\/sweatshirt-mit-high-vis-einsaetzen\/","title":{"rendered":"Felpa con inserti high vis"},"content":{"rendered":"<p>Felpa con inserti high vis e mezza zip. I polsini a costine e la parte posteriore pi\u00f9 lunga garantiscono un maggiore comfort. Gli inserti di colore scuro sono in cotone, mentre quelli ad alta visibilit\u00e0 sono in poliestere.<\/p>\n<p>CHIUSURA: Schiena allungata. Polsini con risvolto. DETTAGLI: Collo alto con cerniera. Inserti high-vis per una maggiore visibilit\u00e0. FUNZIONALIT\u00c0: Vestibilit\u00e0 regolare. CARATTERISTICHE PRINCIPALI: Roofer. Uomo. TESSUTO: Uomo. giallo. Profilo. Materiale fluorescente in poliestere 100% ad alta visibilit\u00e0. ISTRUZIONI DI LAVAGGIO: Non candeggiare. CERTIFICAZIONE: Non certificato High Vis<\/p>\n<p>100% Cotone, spugna francese, 320 g\/m\u00b2<\/p>","protected":false},"excerpt":{"rendered":"<p>Sweatshirt mit High Vis Eins\u00e4tzen und Half-Zip. Die gerippten Armb\u00fcndchen und der l\u00e4ngere R\u00fccken sorgen f\u00fcr mehr Komfort. Die dunklen Eins\u00e4tze sind aus Baumwolle und die High Vis Eins\u00e4tze aus Polyester. ABSCHLUSS: Verl\u00e4ngerter R\u00fccken. Armabschluss mit B\u00fcndchen. DETAILS: Hoher Kragen mit Reissverschluss. Eins\u00e4tze in High Vis, f\u00fcr h\u00f6here Sichtbarkeit. FUNKTIONALIT\u00c4T: Normale Passform. HAUPTEIGENSCHAFTEN: Dachdecker. Herren. [&hellip;]<\/p>\n","protected":false},"featured_media":594402,"template":"","meta":[],"product_brand":[],"product_cat":[4184],"product_tag":[],"class_list":{"0":"post-594369","1":"product","2":"type-product","3":"status-publish","4":"has-post-thumbnail","6":"product_cat-hoodies-pullover","7":"pa_brand-blaklaeder","8":"pa_brand-type-workwear","9":"pa_filter-color-blau","10":"pa_filter-color-gelb","11":"pa_filter-color-schwarz","13":"first","14":"instock","15":"sale","16":"taxable","17":"shipping-taxable","18":"purchasable","19":"product-type-variable","20":"add-to-wishlist-before_image"},"exclude_global_add_ons":[],"addons":[],"acf":[],"_links":{"self":[{"href":"https:\/\/shop.kustom.ch\/it\/wp-json\/wp\/v2\/product\/594369"}],"collection":[{"href":"https:\/\/shop.kustom.ch\/it\/wp-json\/wp\/v2\/product"}],"about":[{"href":"https:\/\/shop.kustom.ch\/it\/wp-json\/wp\/v2\/types\/product"}],"wp:featuredmedia":[{"embeddable":true,"href":"https:\/\/shop.kustom.ch\/it\/wp-json\/wp\/v2\/media\/594402"}],"wp:attachment":[{"href":"https:\/\/shop.kustom.ch\/it\/wp-json\/wp\/v2\/media?parent=594369"}],"wp:term":[{"taxonomy":"product_brand","embeddable":true,"href":"https:\/\/shop.kustom.ch\/it\/wp-json\/wp\/v2\/product_brand?post=594369"},{"taxonomy":"product_cat","embeddable":true,"href":"https:\/\/shop.kustom.ch\/it\/wp-json\/wp\/v2\/product_cat?post=594369"},{"taxonomy":"product_tag","embeddable":true,"href":"https:\/\/shop.kustom.ch\/it\/wp-json\/wp\/v2\/product_tag?post=594369"}],"curies":[{"name":"wp","href":"https:\/\/api.w.org\/{rel}","templated":true}]}}