{"id":594331,"date":"2025-03-05T00:05:09","date_gmt":"2025-03-04T23:05:09","guid":{"rendered":"https:\/\/shop.kustom.ch\/?post_type=product&#038;p=594331"},"modified":"2026-03-31T08:56:08","modified_gmt":"2026-03-31T07:56:08","slug":"high-vis-kapuzensweater","status":"publish","type":"product","link":"https:\/\/shop.kustom.ch\/it\/prodotto\/high-vis-kapuzensweater\/","title":{"rendered":"Maglia con cappuccio High Vis"},"content":{"rendered":"<p>Felpa con tasca a canguro. Felpa bicolore con aree pi\u00f9 scure dove \u00e8 probabile che si accumuli lo sporco. Ha una zip e un cappuccio a tre pezzi per una migliore vestibilit\u00e0. Caratteristiche pratiche come l'apertura nella tasca per le cuffie e la tasca per il cellulare con zip. La felpa \u00e8 ben visibile da tutte le direzioni. Certificata secondo la norma EN ISO 20471, classe 2.<\/p>\n<p>CHIUSURA: vita a coste. Polsini con risvolto. DETTAGLI: Buone superfici per le rifiniture. Anello a D. Cappuccio a tre pezzi, foderato in rete. CHIUSURA ANTERIORE: Robusta cerniera in plastica. FUNZIONALIT\u00c0: Toppe di colore scuro nelle zone esposte allo sporco. PROPRIET\u00c0 PRINCIPALI: Lavoratori stradali ed edili. Uomo. RIS-3279-TOM . REFLEX: Materiale riflettente su busto, maniche e spalle. TESSUTO: Uomo. Giallo alta visibilit\u00e0. Alta visibilit\u00e0. TASCHE: Supporto per il cavo del telefono cellulare. Tasca a canguro, tasca interna per cellulare con zip. ISTRUZIONI DI LAVAGGIO: Numero di lavaggi: 25, non candeggiare. CERTIFICAZIONE: Gli indumenti di classe 2 e 3 in arancione sono conformi alla norma RIS-3279-TOM, edizione 2.<\/p>\n<p>100% poliestere, jersey, interno spazzolato, 270 g\/m\u00b2<\/p>","protected":false},"excerpt":{"rendered":"<p>Sweatshirt mit K\u00e4ngurutasche. Zweifarbiges Sweatshirt mit dunkleren Bereichen an schmutzgef\u00e4hrdeten Stellen. Es hat einen Reissverschluss und eine dreiteilige Kapuze f\u00fcr eine verbesserte Passform. Praktische Funktionen wie eine \u00d6ffnung in der Tasche f\u00fcr Kopfh\u00f6rer und eine Handytasche mit Reissverschluss. Das Sweatshirt ist aus allen Richtungen gut sichtbar. Zertifiziert nach EN ISO 20471, Klasse 2. ABSCHLUSS: Gerippter [&hellip;]<\/p>\n","protected":false},"featured_media":594356,"template":"","meta":[],"product_brand":[],"product_cat":[4184],"product_tag":[],"class_list":{"0":"post-594331","1":"product","2":"type-product","3":"status-publish","4":"has-post-thumbnail","6":"product_cat-hoodies-pullover","7":"pa_brand-blaklaeder","8":"pa_brand-type-workwear","9":"pa_filter-color-blau","10":"pa_filter-color-gelb","11":"pa_filter-color-orange","12":"pa_filter-color-rot","13":"pa_filter-color-schwarz","15":"first","16":"instock","17":"sale","18":"taxable","19":"shipping-taxable","20":"purchasable","21":"product-type-variable","22":"add-to-wishlist-before_image"},"exclude_global_add_ons":[],"addons":[],"acf":[],"_links":{"self":[{"href":"https:\/\/shop.kustom.ch\/it\/wp-json\/wp\/v2\/product\/594331"}],"collection":[{"href":"https:\/\/shop.kustom.ch\/it\/wp-json\/wp\/v2\/product"}],"about":[{"href":"https:\/\/shop.kustom.ch\/it\/wp-json\/wp\/v2\/types\/product"}],"wp:featuredmedia":[{"embeddable":true,"href":"https:\/\/shop.kustom.ch\/it\/wp-json\/wp\/v2\/media\/594356"}],"wp:attachment":[{"href":"https:\/\/shop.kustom.ch\/it\/wp-json\/wp\/v2\/media?parent=594331"}],"wp:term":[{"taxonomy":"product_brand","embeddable":true,"href":"https:\/\/shop.kustom.ch\/it\/wp-json\/wp\/v2\/product_brand?post=594331"},{"taxonomy":"product_cat","embeddable":true,"href":"https:\/\/shop.kustom.ch\/it\/wp-json\/wp\/v2\/product_cat?post=594331"},{"taxonomy":"product_tag","embeddable":true,"href":"https:\/\/shop.kustom.ch\/it\/wp-json\/wp\/v2\/product_tag?post=594331"}],"curies":[{"name":"wp","href":"https:\/\/api.w.org\/{rel}","templated":true}]}}