{"id":594289,"date":"2025-03-05T00:04:30","date_gmt":"2025-03-04T23:04:30","guid":{"rendered":"https:\/\/shop.kustom.ch\/?post_type=product&#038;p=594289"},"modified":"2026-03-31T08:56:03","modified_gmt":"2026-03-31T07:56:03","slug":"high-vis-sweatshirt-3","status":"publish","type":"product","link":"https:\/\/shop.kustom.ch\/it\/prodotto\/high-vis-sweatshirt-3\/","title":{"rendered":"Felpa High Vis"},"content":{"rendered":"<p>Felpa con tasca a canguro. Felpa bicolore con aree pi\u00f9 scure dove \u00e8 probabile che si accumuli lo sporco. Caratteristiche pratiche come l'apertura nella tasca per le cuffie e la tasca per il cellulare con cerniera. La felpa \u00e8 ben visibile da tutte le direzioni. Certificata secondo la norma EN ISO 20471, classe 2.<\/p>\n<p>CHIUSURA: Vita a coste. Polsini con risvolto. DETTAGLI: Buone superfici per le rifiniture. Anello a D. Polsino al collo. FUNZIONALIT\u00c0: Toppe di colore scuro nelle zone esposte allo sporco. TITOLI PRINCIPALI: Lavoratori stradali ed edili. Uomo. RIS-3279-TOM . REFLEX: Materiale riflettente su busto, maniche e spalle. TESSUTO: Uomo. Giallo alta visibilit\u00e0. Alta visibilit\u00e0. TASCHE: Supporto per il cavo del telefono cellulare. Tasca a canguro, tasca interna per cellulare con zip. ISTRUZIONI DI LAVAGGIO: Numero di lavaggi: 25, non stirare. CERTIFICAZIONE: Gruppo di certificazione B<\/p>\n<p>100% poliestere, jersey, interno spazzolato, 270 g\/m\u00b2<\/p>","protected":false},"excerpt":{"rendered":"<p>Sweatshirt mit K\u00e4ngurutasche. Zweifarbiges Sweatshirt mit dunkleren Bereichen an schmutzgef\u00e4hrdeten Stellen. Praktische Funktionen wie eine \u00d6ffnung in der Tasche f\u00fcr Kopfh\u00f6rer und eine Handytasche mit Reissverschluss. Das Sweatshirt ist aus allen Richtungen gut sichtbar. Zertifiziert nach EN ISO 20471, Klasse 2. ABSCHLUSS: Gerippter Bund. Armabschluss mit B\u00fcndchen. DETAILS: Gute Oberfl\u00e4chen f\u00fcr Veredelung. D-Ring. B\u00fcndchenhals. FUNKTIONALIT\u00c4T: [&hellip;]<\/p>\n","protected":false},"featured_media":594313,"template":"","meta":[],"product_brand":[],"product_cat":[4184],"product_tag":[],"class_list":{"0":"post-594289","1":"product","2":"type-product","3":"status-publish","4":"has-post-thumbnail","6":"product_cat-hoodies-pullover","7":"pa_brand-blaklaeder","8":"pa_brand-type-workwear","9":"pa_filter-color-blau","10":"pa_filter-color-gelb","11":"pa_filter-color-orange","12":"pa_filter-color-rot","13":"pa_filter-color-schwarz","15":"first","16":"instock","17":"sale","18":"taxable","19":"shipping-taxable","20":"purchasable","21":"product-type-variable","22":"add-to-wishlist-before_image"},"exclude_global_add_ons":[],"addons":[],"acf":[],"_links":{"self":[{"href":"https:\/\/shop.kustom.ch\/it\/wp-json\/wp\/v2\/product\/594289"}],"collection":[{"href":"https:\/\/shop.kustom.ch\/it\/wp-json\/wp\/v2\/product"}],"about":[{"href":"https:\/\/shop.kustom.ch\/it\/wp-json\/wp\/v2\/types\/product"}],"wp:featuredmedia":[{"embeddable":true,"href":"https:\/\/shop.kustom.ch\/it\/wp-json\/wp\/v2\/media\/594313"}],"wp:attachment":[{"href":"https:\/\/shop.kustom.ch\/it\/wp-json\/wp\/v2\/media?parent=594289"}],"wp:term":[{"taxonomy":"product_brand","embeddable":true,"href":"https:\/\/shop.kustom.ch\/it\/wp-json\/wp\/v2\/product_brand?post=594289"},{"taxonomy":"product_cat","embeddable":true,"href":"https:\/\/shop.kustom.ch\/it\/wp-json\/wp\/v2\/product_cat?post=594289"},{"taxonomy":"product_tag","embeddable":true,"href":"https:\/\/shop.kustom.ch\/it\/wp-json\/wp\/v2\/product_tag?post=594289"}],"curies":[{"name":"wp","href":"https:\/\/api.w.org\/{rel}","templated":true}]}}