{"id":594020,"date":"2025-03-05T00:00:53","date_gmt":"2025-03-04T23:00:53","guid":{"rendered":"https:\/\/shop.kustom.ch\/?post_type=product&#038;p=594020"},"modified":"2026-03-31T08:55:31","modified_gmt":"2026-03-31T07:55:31","slug":"kapuzensweater-3d","status":"publish","type":"product","link":"https:\/\/shop.kustom.ch\/it\/prodotto\/kapuzensweater-3d\/","title":{"rendered":"Maglia con cappuccio 3D"},"content":{"rendered":"<p>Maglia elegante e piacevolmente calda in morbido jersey, ideale per il lavoro e il tempo libero. Dotato di una tasca per il cellulare con zip e di aperture per le cuffie nella tasca. Il maglione con cappuccio \u00e8 decorato con un'accattivante stampa 3D sul petto con la scritta \u201aBl\u00e5kl\u00e4der\u2018, che dimostra che il vostro cuore \u00e8 nel posto giusto quando si tratta di abbigliamento da lavoro. Disponibile anche come modello da donna 3560.<\/p>\n<p>CHIUSURA: Vita a coste. Polsini con risvolto. DETTAGLI: Stampa - Bl\u00e5kl\u00e4der 3D. Cappuccio fisso e regolabile. FUNZIONALIT\u00c0: Vestibilit\u00e0 regolare. CARATTERISTICHE PRINCIPALI: Giardiniere. Uomo. TESSUTO: Uomo. grigio. Profilo. TASCHE: Supporto per il cavo del cellulare. Tasca a canguro con tasca interna per cellulare. ISTRUZIONI DI LAVAGGIO: 40\u00b0 C<\/p>\n<p>55% cotone, 45% poliestere, maglia in spugna, spazzolato su un lato, 320 g\/m\u00b2<\/p>","protected":false},"excerpt":{"rendered":"<p>Stylischer, angenehm warmer Sweater aus weichem Jersey, ideal f\u00fcr die Arbeit und Freizeit. Ausgestattet mit einer Handytasche mit Reissverschluss und \u00d6ffnungen f\u00fcr Kopfh\u00f6rer in der Tasche. Der Kapuzensweater ist mit einem sehr auff\u00e4lligen 3D-Druck auf der Brust mit der Aufschrift &#8218;Bl\u00e5kl\u00e4der&#8216; verziert, der zeigt, dass Ihr Herz in Sachen Arbeitskleidung an der richtigen Stelle sitzt. [&hellip;]<\/p>\n","protected":false},"featured_media":594029,"template":"","meta":[],"product_brand":[],"product_cat":[4184],"product_tag":[],"class_list":{"0":"post-594020","1":"product","2":"type-product","3":"status-publish","4":"has-post-thumbnail","6":"product_cat-hoodies-pullover","7":"pa_brand-blaklaeder","8":"pa_brand-type-workwear","9":"pa_filter-color-beige","10":"pa_filter-color-blau","11":"pa_filter-color-grau","12":"pa_filter-color-gruen","13":"pa_filter-color-orange","14":"pa_filter-color-rot","15":"pa_filter-color-schwarz","17":"first","18":"instock","19":"sale","20":"taxable","21":"shipping-taxable","22":"purchasable","23":"product-type-variable","24":"add-to-wishlist-before_image"},"exclude_global_add_ons":[],"addons":[],"acf":[],"_links":{"self":[{"href":"https:\/\/shop.kustom.ch\/it\/wp-json\/wp\/v2\/product\/594020"}],"collection":[{"href":"https:\/\/shop.kustom.ch\/it\/wp-json\/wp\/v2\/product"}],"about":[{"href":"https:\/\/shop.kustom.ch\/it\/wp-json\/wp\/v2\/types\/product"}],"wp:featuredmedia":[{"embeddable":true,"href":"https:\/\/shop.kustom.ch\/it\/wp-json\/wp\/v2\/media\/594029"}],"wp:attachment":[{"href":"https:\/\/shop.kustom.ch\/it\/wp-json\/wp\/v2\/media?parent=594020"}],"wp:term":[{"taxonomy":"product_brand","embeddable":true,"href":"https:\/\/shop.kustom.ch\/it\/wp-json\/wp\/v2\/product_brand?post=594020"},{"taxonomy":"product_cat","embeddable":true,"href":"https:\/\/shop.kustom.ch\/it\/wp-json\/wp\/v2\/product_cat?post=594020"},{"taxonomy":"product_tag","embeddable":true,"href":"https:\/\/shop.kustom.ch\/it\/wp-json\/wp\/v2\/product_tag?post=594020"}],"curies":[{"name":"wp","href":"https:\/\/api.w.org\/{rel}","templated":true}]}}