{"id":593789,"date":"2025-03-04T23:57:46","date_gmt":"2025-03-04T22:57:46","guid":{"rendered":"https:\/\/shop.kustom.ch\/?post_type=product&#038;p=593789"},"modified":"2026-03-31T08:54:59","modified_gmt":"2026-03-31T07:54:59","slug":"langarm-shirt","status":"publish","type":"product","link":"https:\/\/shop.kustom.ch\/it\/prodotto\/langarm-shirt\/","title":{"rendered":"Camicia a maniche lunghe"},"content":{"rendered":"<p>Maglia a maniche lunghe in cotone con inserti gialli ad alta visibilit\u00e0 per garantire una buona visibilit\u00e0.<\/p>\n<p>FINITURA: Schiena allungata. Polsini con bordi elasticizzati. DETTAGLI: Collo rotondo. Inserti in tessuto ad alta visibilit\u00e0 per una maggiore visibilit\u00e0. Spacchi sui lati. FUNZIONALIT\u00c0: Vestibilit\u00e0 normale. CARATTERISTICHE PRINCIPALI: Giardinaggio. TESSUTO: Uomo. Giallo ad alta visibilit\u00e0. Visibile. ISTRUZIONI DI LAVAGGIO: 60 \u00b0C. CERTIFICAZIONE: Non certificato ad alta visibilit\u00e0.<\/p>\n<p>100% Cotone, jersey, 180 g\/m\u00b2<\/p>","protected":false},"excerpt":{"rendered":"<p>Langarm Shirt aus Baumwolle mit gelben High Vis Eins\u00e4tzen um eine gute Sichtbarkeit zu gew\u00e4hrleisten. ABSCHLUSS: Verl\u00e4ngerter R\u00fccken. Armabschluss mit B\u00fcndchen. DETAILS: Rundhals. Eins\u00e4tze in High Vis, f\u00fcr h\u00f6here Sichtbarkeit. Schlitze an den Seiten. FUNKTIONALIT\u00c4T: Normale Passform. HAUPTEIGENSCHAFTEN: Gartenarbeiter. STOFF: Herren. High-Vis Gelb. Visible. WASCHANLEITUNG: 60\u00b0 C. ZERTIFIZIERUNG: Nicht High Vis zertifiziert 100% Baumwolle, Jersey, [&hellip;]<\/p>\n","protected":false},"featured_media":593838,"template":"","meta":[],"product_brand":[],"product_cat":[4201],"product_tag":[],"class_list":{"0":"post-593789","1":"product","2":"type-product","3":"status-publish","4":"has-post-thumbnail","6":"product_cat-t-shirts","7":"pa_brand-blaklaeder","8":"pa_brand-type-workwear","9":"pa_filter-color-blau","10":"pa_filter-color-gelb","11":"pa_filter-color-schwarz","13":"first","14":"instock","15":"sale","16":"taxable","17":"shipping-taxable","18":"purchasable","19":"product-type-variable","20":"add-to-wishlist-before_image"},"exclude_global_add_ons":[],"addons":[],"acf":[],"_links":{"self":[{"href":"https:\/\/shop.kustom.ch\/it\/wp-json\/wp\/v2\/product\/593789"}],"collection":[{"href":"https:\/\/shop.kustom.ch\/it\/wp-json\/wp\/v2\/product"}],"about":[{"href":"https:\/\/shop.kustom.ch\/it\/wp-json\/wp\/v2\/types\/product"}],"wp:featuredmedia":[{"embeddable":true,"href":"https:\/\/shop.kustom.ch\/it\/wp-json\/wp\/v2\/media\/593838"}],"wp:attachment":[{"href":"https:\/\/shop.kustom.ch\/it\/wp-json\/wp\/v2\/media?parent=593789"}],"wp:term":[{"taxonomy":"product_brand","embeddable":true,"href":"https:\/\/shop.kustom.ch\/it\/wp-json\/wp\/v2\/product_brand?post=593789"},{"taxonomy":"product_cat","embeddable":true,"href":"https:\/\/shop.kustom.ch\/it\/wp-json\/wp\/v2\/product_cat?post=593789"},{"taxonomy":"product_tag","embeddable":true,"href":"https:\/\/shop.kustom.ch\/it\/wp-json\/wp\/v2\/product_tag?post=593789"}],"curies":[{"name":"wp","href":"https:\/\/api.w.org\/{rel}","templated":true}]}}