{"id":593767,"date":"2025-03-04T23:57:42","date_gmt":"2025-03-04T22:57:42","guid":{"rendered":"https:\/\/shop.kustom.ch\/?post_type=product&#038;p=593767"},"modified":"2026-03-31T08:54:58","modified_gmt":"2026-03-31T07:54:58","slug":"t-shirt-4","status":"publish","type":"product","link":"https:\/\/shop.kustom.ch\/it\/prodotto\/t-shirt-4\/","title":{"rendered":"Maglietta"},"content":{"rendered":"<p>La T-shirt con maniche raglan in viscosa \u00e8 disponibile in due diverse combinazioni di colori. La maglietta \u00e8 realizzata in cotone 100%, tranne che per le maniche, il che la rende comoda da indossare. L'interno delle maniche \u00e8 in cotone per mantenere il comfort.<\/p>\n<p>DETTAGLI: Collo rotondo. Maniche raglan. FUNZIONALIT\u00c0: Vestibilit\u00e0 regolare. CARATTERISTICHE PRINCIPALI: Autista. TESSUTO: Uomo. Giallo alta visibilit\u00e0. Visibile. ISTRUZIONI DI LAVAGGIO: Asciugare a bassa temperatura. CERTIFICAZIONE: Non certificato High Vis<\/p>\n<p>100% Cotone, jersey, 180 g\/m\u00b2<\/p>","protected":false},"excerpt":{"rendered":"<p>Das T-Shirt mit Raglan\u00e4rmeln aus High Vis ist in zwei verschiedenen Farbkombinationen erh\u00e4ltlich. Das T-Shirt besteht zu 100% aus Baumwolle, ausser den \u00c4rmeln, was bei der Nutzung ein sch\u00f6nes Tragegef\u00fchl gibt. Die Innenseite der \u00c4rmel besteht aus Baumwolle, um den Komfort bei zu behalten. DETAILS: Rundhals. Raglan-\u00c4rmel. FUNKTIONALIT\u00c4T: Normale Passform. HAUPTEIGENSCHAFTEN: Fahrer. STOFF: Herren. High-Vis [&hellip;]<\/p>\n","protected":false},"featured_media":593808,"template":"","meta":[],"product_brand":[],"product_cat":[4201],"product_tag":[],"class_list":{"0":"post-593767","1":"product","2":"type-product","3":"status-publish","4":"has-post-thumbnail","6":"product_cat-t-shirts","7":"pa_brand-blaklaeder","8":"pa_brand-type-workwear","9":"pa_filter-color-blau","10":"pa_filter-color-gelb","11":"pa_filter-color-schwarz","13":"first","14":"instock","15":"sale","16":"taxable","17":"shipping-taxable","18":"purchasable","19":"product-type-variable","20":"add-to-wishlist-before_image"},"exclude_global_add_ons":[],"addons":[],"acf":[],"_links":{"self":[{"href":"https:\/\/shop.kustom.ch\/it\/wp-json\/wp\/v2\/product\/593767"}],"collection":[{"href":"https:\/\/shop.kustom.ch\/it\/wp-json\/wp\/v2\/product"}],"about":[{"href":"https:\/\/shop.kustom.ch\/it\/wp-json\/wp\/v2\/types\/product"}],"wp:featuredmedia":[{"embeddable":true,"href":"https:\/\/shop.kustom.ch\/it\/wp-json\/wp\/v2\/media\/593808"}],"wp:attachment":[{"href":"https:\/\/shop.kustom.ch\/it\/wp-json\/wp\/v2\/media?parent=593767"}],"wp:term":[{"taxonomy":"product_brand","embeddable":true,"href":"https:\/\/shop.kustom.ch\/it\/wp-json\/wp\/v2\/product_brand?post=593767"},{"taxonomy":"product_cat","embeddable":true,"href":"https:\/\/shop.kustom.ch\/it\/wp-json\/wp\/v2\/product_cat?post=593767"},{"taxonomy":"product_tag","embeddable":true,"href":"https:\/\/shop.kustom.ch\/it\/wp-json\/wp\/v2\/product_tag?post=593767"}],"curies":[{"name":"wp","href":"https:\/\/api.w.org\/{rel}","templated":true}]}}