{"id":593742,"date":"2025-03-04T23:57:12","date_gmt":"2025-03-04T22:57:12","guid":{"rendered":"https:\/\/shop.kustom.ch\/?post_type=product&#038;p=593742"},"modified":"2026-03-31T08:54:49","modified_gmt":"2026-03-31T07:54:49","slug":"high-vis-shirt-langaermelig","status":"publish","type":"product","link":"https:\/\/shop.kustom.ch\/it\/prodotto\/high-vis-shirt-langaermelig\/","title":{"rendered":"Camicia High Vis a maniche lunghe"},"content":{"rendered":"<p>Camicia a maniche lunghe in cotone 100% certificata in Classe 1. L'indumento combina dettagli ad alta visibilit\u00e0 con strisce riflettenti intermittenti che garantiscono una buona visibilit\u00e0 in ambienti esposti. Certificato secondo la norma EN ISO 20471, classe 1.<\/p>\n<p>DETTAGLI: Stampa - Bl\u00e5kl\u00e4der. Collo rotondo. Cuciture del collo rinforzate. CARATTERISTICHE PRINCIPALI: Artigianale. EN ISO 20471. REFLEX: strisce riflettenti a trasferimento larghe 50 mm. TESSUTO: Uomo. nero. Trasporto. Materiale fluorescente in poliestere 100% ad alta visibilit\u00e0. ISTRUZIONI DI LAVAGGIO: Numero di lavaggi: 50, non centrifugare. CERTIFICAZIONE: Gruppo di certificazione D<\/p>\n<p>100% Cotone, jersey, 180 g\/m\u00b2<\/p>","protected":false},"excerpt":{"rendered":"<p>Ein lang\u00e4rmeliges Shirt aus 100% Baumwolle, das nach Klasse 1 zertifiziert ist. Das Kleidungsst\u00fcck kombiniert High Vis Details mit unterbrochenen Reflexstreifen, die gute Sichtbarkeit in ungesch\u00fctzter Umgebung bieten. Zertifiziert nach EN ISO 20471, Klasse 1. DETAILS: Aufdruck &#8211; Bl\u00e5kl\u00e4der. Rundhals. Verst\u00e4rkte Halsn\u00e4hte. HAUPTEIGENSCHAFTEN: Handwerker. EN ISO 20471. REFLEX: 50 mm breite Transferreflexstreifen. STOFF: Herren. schwarz. [&hellip;]<\/p>\n","protected":false},"featured_media":593806,"template":"","meta":[],"product_brand":[],"product_cat":[4201],"product_tag":[],"class_list":{"0":"post-593742","1":"product","2":"type-product","3":"status-publish","4":"has-post-thumbnail","6":"product_cat-t-shirts","7":"pa_brand-blaklaeder","8":"pa_brand-type-workwear","9":"pa_filter-color-rot","10":"pa_filter-color-schwarz","12":"first","13":"instock","14":"sale","15":"taxable","16":"shipping-taxable","17":"purchasable","18":"product-type-variable","19":"add-to-wishlist-before_image"},"exclude_global_add_ons":[],"addons":[],"acf":[],"_links":{"self":[{"href":"https:\/\/shop.kustom.ch\/it\/wp-json\/wp\/v2\/product\/593742"}],"collection":[{"href":"https:\/\/shop.kustom.ch\/it\/wp-json\/wp\/v2\/product"}],"about":[{"href":"https:\/\/shop.kustom.ch\/it\/wp-json\/wp\/v2\/types\/product"}],"wp:featuredmedia":[{"embeddable":true,"href":"https:\/\/shop.kustom.ch\/it\/wp-json\/wp\/v2\/media\/593806"}],"wp:attachment":[{"href":"https:\/\/shop.kustom.ch\/it\/wp-json\/wp\/v2\/media?parent=593742"}],"wp:term":[{"taxonomy":"product_brand","embeddable":true,"href":"https:\/\/shop.kustom.ch\/it\/wp-json\/wp\/v2\/product_brand?post=593742"},{"taxonomy":"product_cat","embeddable":true,"href":"https:\/\/shop.kustom.ch\/it\/wp-json\/wp\/v2\/product_cat?post=593742"},{"taxonomy":"product_tag","embeddable":true,"href":"https:\/\/shop.kustom.ch\/it\/wp-json\/wp\/v2\/product_tag?post=593742"}],"curies":[{"name":"wp","href":"https:\/\/api.w.org\/{rel}","templated":true}]}}