{"id":593601,"date":"2025-03-04T23:54:48","date_gmt":"2025-03-04T22:54:48","guid":{"rendered":"https:\/\/shop.kustom.ch\/?post_type=product&#038;p=593601"},"modified":"2026-03-31T08:54:25","modified_gmt":"2026-03-31T07:54:25","slug":"damen-uv-shirt-high-vis-langarm","status":"publish","type":"product","link":"https:\/\/shop.kustom.ch\/it\/prodotto\/damen-uv-shirt-high-vis-langarm\/","title":{"rendered":"Camicia UV da donna a maniche lunghe High Vis"},"content":{"rendered":"<p>La camicia leggera a maniche lunghe High Vis da donna \u00e8 realizzata in un tessuto a maglia leggero con struttura per la ventilazione. Il materiale ha propriet\u00e0 traspiranti per una sensazione di comfort e asciutto sul corpo. Le strisce riflettenti larghe ed elastiche offrono un'elevata visibilit\u00e0 e una libert\u00e0 di movimento ottimale. Certificata secondo la norma EN ISO 20471, XS-M classe 2, L-&gt; classe 3, abbigliamento protettivo per alta visibilit\u00e0 e EN 13758-2 UPF 40+.<\/p>\n<p>DETTAGLI: Scollo a V. Spacchi laterali. Maniche lunghe. FUNZIONALIT\u00c0: Materiale con protezione UV. Taglia da donna. PROPRIET\u00c0 PRINCIPALI: Lavoratori stradali ed edili. EN ISO 20471. REFLEX: Materiale riflettente su corpo, maniche e spalle. TESSUTO: Disponibile per uomo e donna. Colore giallo alta visibilit\u00e0. Protezione UV. Protezione ad alta visibilit\u00e0. ISTRUZIONI DI LAVAGGIO: Numero di lavaggi: 50. Asciugatrice - bassa. CERTIFICAZIONE: EN 13758-2 UPF 40 +. Gruppo di certificazione C -&gt;M<\/p>\n<p>100% poliestere, maglia birdseye, trasporto dell'umidit\u00e0, protezione UV, 130g\/m\u00b2<\/p>","protected":false},"excerpt":{"rendered":"<p>Das lang\u00e4rmelige leichte High Vis Shirt f\u00fcr Damen besteht aus leichtem Strickgewebe mit Struktur f\u00fcr die Bel\u00fcftung. Das Material hat feuchtigkeitstransportierende Eigenschaften f\u00fcr ein angenehmes und trockenes Gef\u00fchl am K\u00f6rper. Die breiten dehnbaren Reflexstreifen bieten hohe Sichtbarkeit und optimale Bewegungsfreiheit. Zertifiziert nach EN ISO 20471, XS-M Klasse 2, L-&gt; Klasse 3, Schutzkleidung f\u00fcr hohe Sichtbarkeit [&hellip;]<\/p>\n","protected":false},"featured_media":593657,"template":"","meta":[],"product_brand":[],"product_cat":[4201],"product_tag":[],"class_list":{"0":"post-593601","1":"product","2":"type-product","3":"status-publish","4":"has-post-thumbnail","6":"product_cat-t-shirts","7":"pa_brand-blaklaeder","8":"pa_brand-type-workwear","9":"pa_filter-color-gelb","10":"pa_filter-color-orange","12":"first","13":"instock","14":"sale","15":"taxable","16":"shipping-taxable","17":"purchasable","18":"product-type-variable","19":"add-to-wishlist-before_image"},"exclude_global_add_ons":[],"addons":[],"acf":[],"_links":{"self":[{"href":"https:\/\/shop.kustom.ch\/it\/wp-json\/wp\/v2\/product\/593601"}],"collection":[{"href":"https:\/\/shop.kustom.ch\/it\/wp-json\/wp\/v2\/product"}],"about":[{"href":"https:\/\/shop.kustom.ch\/it\/wp-json\/wp\/v2\/types\/product"}],"wp:featuredmedia":[{"embeddable":true,"href":"https:\/\/shop.kustom.ch\/it\/wp-json\/wp\/v2\/media\/593657"}],"wp:attachment":[{"href":"https:\/\/shop.kustom.ch\/it\/wp-json\/wp\/v2\/media?parent=593601"}],"wp:term":[{"taxonomy":"product_brand","embeddable":true,"href":"https:\/\/shop.kustom.ch\/it\/wp-json\/wp\/v2\/product_brand?post=593601"},{"taxonomy":"product_cat","embeddable":true,"href":"https:\/\/shop.kustom.ch\/it\/wp-json\/wp\/v2\/product_cat?post=593601"},{"taxonomy":"product_tag","embeddable":true,"href":"https:\/\/shop.kustom.ch\/it\/wp-json\/wp\/v2\/product_tag?post=593601"}],"curies":[{"name":"wp","href":"https:\/\/api.w.org\/{rel}","templated":true}]}}