{"id":593553,"date":"2025-03-04T23:53:44","date_gmt":"2025-03-04T22:53:44","guid":{"rendered":"https:\/\/shop.kustom.ch\/?post_type=product&#038;p=593553"},"modified":"2026-03-31T08:54:17","modified_gmt":"2026-03-31T07:54:17","slug":"flammschutz-t-shirt","status":"publish","type":"product","link":"https:\/\/shop.kustom.ch\/it\/prodotto\/flammschutz-t-shirt\/","title":{"rendered":"Maglietta ignifuga"},"content":{"rendered":"<p>T-shirt ignifuga in tessuto sottile e arioso, molto confortevole. Scollo rotondo e cuciture rinforzate su collo e spalle. Certificata secondo le norme EN 1149-5, EN ISO 14116.<\/p>\n<p>DETTAGLI: Etichette esterne di certificazione. Collo rotondo. CARATTERISTICHE PRINCIPALI: Elettricista. EN ISO 14116. TESSUTO: Uomo. blu. Ritardante di fiamma. ISTRUZIONI DI LAVAGGIO: Non lavare a secco. CERTIFICAZIONE: EN 1149-5. EN ISO 14116, indice 3.<\/p>\n<p>60% modacrilico, 39% cotone, 1% fibra antistatica, single jersey, ignifugo, antistatico 210g\/m\u00b2<\/p>","protected":false},"excerpt":{"rendered":"<p>Flammhemmendes T-Shirt aus einem d\u00fcnnen, luftigen Stoff, der sehr bequem ist. Runder Ausschnitt und verst\u00e4rkte Hals- und Schultern\u00e4hte. Zertifiziert nach EN 1149-5, EN ISO 14116. DETAILS: Aussenliegende Zertifizierungsetiketten. Rundhals. HAUPTEIGENSCHAFTEN: Elektriker. EN ISO 14116. STOFF: Herren. blau. Flammschutz. WASCHANLEITUNG: Nicht chemisch reinigen. ZERTIFIZIERUNG: EN 1149-5. EN ISO 14116, Index 3 60% Modacryl, 39% Baumwolle, 1% [&hellip;]<\/p>\n","protected":false},"featured_media":593622,"template":"","meta":[],"product_brand":[],"product_cat":[4201],"product_tag":[],"class_list":{"0":"post-593553","1":"product","2":"type-product","3":"status-publish","4":"has-post-thumbnail","6":"product_cat-t-shirts","7":"pa_brand-blaklaeder","8":"pa_brand-type-workwear","9":"pa_filter-color-blau","10":"pa_filter-color-schwarz","12":"first","13":"instock","14":"sale","15":"taxable","16":"shipping-taxable","17":"purchasable","18":"product-type-variable","19":"add-to-wishlist-before_image"},"exclude_global_add_ons":[],"addons":[],"acf":[],"_links":{"self":[{"href":"https:\/\/shop.kustom.ch\/it\/wp-json\/wp\/v2\/product\/593553"}],"collection":[{"href":"https:\/\/shop.kustom.ch\/it\/wp-json\/wp\/v2\/product"}],"about":[{"href":"https:\/\/shop.kustom.ch\/it\/wp-json\/wp\/v2\/types\/product"}],"wp:featuredmedia":[{"embeddable":true,"href":"https:\/\/shop.kustom.ch\/it\/wp-json\/wp\/v2\/media\/593622"}],"wp:attachment":[{"href":"https:\/\/shop.kustom.ch\/it\/wp-json\/wp\/v2\/media?parent=593553"}],"wp:term":[{"taxonomy":"product_brand","embeddable":true,"href":"https:\/\/shop.kustom.ch\/it\/wp-json\/wp\/v2\/product_brand?post=593553"},{"taxonomy":"product_cat","embeddable":true,"href":"https:\/\/shop.kustom.ch\/it\/wp-json\/wp\/v2\/product_cat?post=593553"},{"taxonomy":"product_tag","embeddable":true,"href":"https:\/\/shop.kustom.ch\/it\/wp-json\/wp\/v2\/product_tag?post=593553"}],"curies":[{"name":"wp","href":"https:\/\/api.w.org\/{rel}","templated":true}]}}