{"id":593489,"date":"2025-03-04T23:53:03","date_gmt":"2025-03-04T22:53:03","guid":{"rendered":"https:\/\/shop.kustom.ch\/?post_type=product&#038;p=593489"},"modified":"2026-03-31T08:54:14","modified_gmt":"2026-03-31T07:54:14","slug":"damen-t-shirt-4","status":"publish","type":"product","link":"https:\/\/shop.kustom.ch\/it\/prodotto\/damen-t-shirt-4\/","title":{"rendered":"Maglietta da donna"},"content":{"rendered":"<p>T-shirt bicolore pensata per la figura femminile. Perfetto abbigliamento di base per i dipendenti per promuovere la vostra azienda.<\/p>\n<p>DETTAGLI: Collo a coste. Cuciture rinforzate sulle spalle. FUNZIONALIT\u00c0: Taglio sartoriale. CARATTERISTICHE PRINCIPALI: Pescatore. TESSUTO: Donna. Profilo. ISTRUZIONI DI LAVAGGIO: Non centrifugare.<\/p>\n<p>100% Cotone, jersey, 150 g\/m\u00b2<\/p>","protected":false},"excerpt":{"rendered":"<p>Zweifarbiges T-Shirt entwickelt f\u00fcr die weibliche Figur. Perfekte Mitarbeiter Basiskleidung zum Werben f\u00fcr Ihr Unternehmen. DETAILS: Gerippter Halsbund. Verst\u00e4rkte Schultern\u00e4hte. FUNKTIONALIT\u00c4T: Tailliert geschnitten. HAUPTEIGENSCHAFTEN: Fischer. STOFF: Damen. Profil. WASCHANLEITUNG: Nicht schleudern 100% Baumwolle, Jersey, 150 g\/m\u00b2<\/p>","protected":false},"featured_media":593517,"template":"","meta":[],"product_brand":[],"product_cat":[4201],"product_tag":[],"class_list":{"0":"post-593489","1":"product","2":"type-product","3":"status-publish","4":"has-post-thumbnail","6":"product_cat-t-shirts","7":"pa_brand-blaklaeder","8":"pa_brand-type-workwear","9":"pa_filter-color-blau","10":"pa_filter-color-gelb","12":"first","13":"instock","14":"sale","15":"taxable","16":"shipping-taxable","17":"purchasable","18":"product-type-variable","19":"add-to-wishlist-before_image"},"exclude_global_add_ons":[],"addons":[],"acf":[],"_links":{"self":[{"href":"https:\/\/shop.kustom.ch\/it\/wp-json\/wp\/v2\/product\/593489"}],"collection":[{"href":"https:\/\/shop.kustom.ch\/it\/wp-json\/wp\/v2\/product"}],"about":[{"href":"https:\/\/shop.kustom.ch\/it\/wp-json\/wp\/v2\/types\/product"}],"wp:featuredmedia":[{"embeddable":true,"href":"https:\/\/shop.kustom.ch\/it\/wp-json\/wp\/v2\/media\/593517"}],"wp:attachment":[{"href":"https:\/\/shop.kustom.ch\/it\/wp-json\/wp\/v2\/media?parent=593489"}],"wp:term":[{"taxonomy":"product_brand","embeddable":true,"href":"https:\/\/shop.kustom.ch\/it\/wp-json\/wp\/v2\/product_brand?post=593489"},{"taxonomy":"product_cat","embeddable":true,"href":"https:\/\/shop.kustom.ch\/it\/wp-json\/wp\/v2\/product_cat?post=593489"},{"taxonomy":"product_tag","embeddable":true,"href":"https:\/\/shop.kustom.ch\/it\/wp-json\/wp\/v2\/product_tag?post=593489"}],"curies":[{"name":"wp","href":"https:\/\/api.w.org\/{rel}","templated":true}]}}