{"id":593405,"date":"2025-03-04T23:51:13","date_gmt":"2025-03-04T22:51:13","guid":{"rendered":"https:\/\/shop.kustom.ch\/?post_type=product&#038;p=593405"},"modified":"2026-03-31T08:53:43","modified_gmt":"2026-03-31T07:53:43","slug":"hybrid-sweater","status":"publish","type":"product","link":"https:\/\/shop.kustom.ch\/it\/prodotto\/hybrid-sweater\/","title":{"rendered":"Maglione ibrido"},"content":{"rendered":"<p>Questa felpa \u00e8 un capo tuttofare. Funziona bene anche come giacca, a seconda di ci\u00f2 che si sta facendo. Questa giacca in felpa ha il fronte trapuntato ed \u00e8 sfoderata. \u00c8 un capo eccellente per la stampa del logo aziendale.<\/p>\n<p>CHIUSURA: vita a coste. Polsini con risvolto. DETTAGLI: Buone superfici per le finiture. Cappuccio fisso. CHIUSURA ANTERIORE: Patta antivento interna. FUNZIONALIT\u00c0: Materiale imbottito sul davanti. CARATTERISTICHE PRINCIPALI: Autista. Disponibile per uomo e donna. TESSUTO: Uomo. nero. Profilo. TASCHE: Tasche anteriori con cerniera. ISTRUZIONI DI LAVAGGIO: 40\u00b0 C<\/p>\n<p>100% poliestere, pile piqu\u00e9, spazzolato su un lato, 260 g\/m\u00b2<\/p>","protected":false},"excerpt":{"rendered":"<p>Dieses Sweatshirt ist der ultimative Allrounder. Es funktioniert genauso gut wie eine Jacke, je nachdem, was Sie gerade tun. Diese Sweatshirt-Jacke hat eine gesteppte Vorderseite und ist ungef\u00fcttert. Ein hervorragendes Kleidungsst\u00fcck zum Bedrucken mit Ihrem Firmenlogo. ABSCHLUSS: Gerippter Bund. Armabschluss mit B\u00fcndchen. DETAILS: Gute Oberfl\u00e4chen f\u00fcr Veredelung. Feste Kapuze. FRONTVERSCHLUSS: Windleiste innen. FUNKTIONALIT\u00c4T: Wattiertes Material [&hellip;]<\/p>\n","protected":false},"featured_media":593451,"template":"","meta":[],"product_brand":[],"product_cat":[4184],"product_tag":[],"class_list":{"0":"post-593405","1":"product","2":"type-product","3":"status-publish","4":"has-post-thumbnail","6":"product_cat-hoodies-pullover","7":"pa_brand-blaklaeder","8":"pa_brand-type-workwear","9":"pa_filter-color-blau","10":"pa_filter-color-gelb","11":"pa_filter-color-grau","12":"pa_filter-color-gruen","13":"pa_filter-color-rot","14":"pa_filter-color-schwarz","16":"first","17":"instock","18":"sale","19":"taxable","20":"shipping-taxable","21":"purchasable","22":"product-type-variable","23":"add-to-wishlist-before_image"},"exclude_global_add_ons":[],"addons":[],"acf":[],"_links":{"self":[{"href":"https:\/\/shop.kustom.ch\/it\/wp-json\/wp\/v2\/product\/593405"}],"collection":[{"href":"https:\/\/shop.kustom.ch\/it\/wp-json\/wp\/v2\/product"}],"about":[{"href":"https:\/\/shop.kustom.ch\/it\/wp-json\/wp\/v2\/types\/product"}],"wp:featuredmedia":[{"embeddable":true,"href":"https:\/\/shop.kustom.ch\/it\/wp-json\/wp\/v2\/media\/593451"}],"wp:attachment":[{"href":"https:\/\/shop.kustom.ch\/it\/wp-json\/wp\/v2\/media?parent=593405"}],"wp:term":[{"taxonomy":"product_brand","embeddable":true,"href":"https:\/\/shop.kustom.ch\/it\/wp-json\/wp\/v2\/product_brand?post=593405"},{"taxonomy":"product_cat","embeddable":true,"href":"https:\/\/shop.kustom.ch\/it\/wp-json\/wp\/v2\/product_cat?post=593405"},{"taxonomy":"product_tag","embeddable":true,"href":"https:\/\/shop.kustom.ch\/it\/wp-json\/wp\/v2\/product_tag?post=593405"}],"curies":[{"name":"wp","href":"https:\/\/api.w.org\/{rel}","templated":true}]}}