{"id":593381,"date":"2025-03-04T23:50:38","date_gmt":"2025-03-04T22:50:38","guid":{"rendered":"https:\/\/shop.kustom.ch\/?post_type=product&#038;p=593381"},"modified":"2026-03-31T08:53:35","modified_gmt":"2026-03-31T07:53:35","slug":"flammschutz-sweatshirt-2","status":"publish","type":"product","link":"https:\/\/shop.kustom.ch\/it\/prodotto\/flammschutz-sweatshirt-2\/","title":{"rendered":"Felpa ignifuga"},"content":{"rendered":"<p>Uno strato di base funzionale con un alto livello di protezione e una migliore visibilit\u00e0, sviluppato per ambienti di lavoro che richiedono funzionalit\u00e0 e comfort. Realizzato in una qualit\u00e0 morbida e confortevole e rinforzato con due strati di tessuto in colori contrastanti su gomiti e spalle. Certificato secondo le norme EN 1149-5, EN ISO 11612, IEC 61482-2, ELIM - 12cal\/cm\u00b2, EBT - 13 cal\/cm\u00b2.<\/p>\n<p>CHIUSURA: vita a coste. Polsini con risvolto. DETTAGLI: Etichette esterne di certificazione. Collo rotondo. PROPRIET\u00c0 PRINCIPALI: Artigianale. Uomo. EN ISO 11612. TESSUTO: Uomo. blu. Ritardante di fiamma. ISTRUZIONI DI LAVAGGIO: Non candeggiare. CERTIFICAZIONE: EN 1149-5. EBT - 13 cal\/cm\u00b2. ISO 11612 A1, B1, C2<\/p>\n<p>60% modacrilico, 39% cotone, 1% fibra antistatica, pile, ignifugo, antistatico, 280g\/m\u00b2<\/p>","protected":false},"excerpt":{"rendered":"<p>Eine funktionelle Basisschicht mit hohem Schutzniveau und verbesserter Sichtbarkeit, entwickelt f\u00fcr Arbeitsumgebungen, die sowohl Funktion als auch Komfort erfordern. Hergestellt in weicher, komfortabler Qualit\u00e4t und verst\u00e4rkt mit zwei Lagen Stoff in Kontrastfarben an Ellbogen und Schultern. Zertifiziert nach EN 1149-5, EN ISO 11612, IEC 61482-2. ELIM &#8211; 12cal\/cm\u00b2, EBT &#8211; 13 cal\/cm\u00b2. ABSCHLUSS: Gerippter Bund. [&hellip;]<\/p>\n","protected":false},"featured_media":593449,"template":"","meta":[],"product_brand":[],"product_cat":[4184],"product_tag":[],"class_list":{"0":"post-593381","1":"product","2":"type-product","3":"status-publish","4":"has-post-thumbnail","6":"product_cat-hoodies-pullover","7":"pa_brand-blaklaeder","8":"pa_brand-type-workwear","9":"pa_filter-color-blau","10":"pa_filter-color-gelb","12":"first","13":"instock","14":"sale","15":"taxable","16":"shipping-taxable","17":"purchasable","18":"product-type-variable","19":"add-to-wishlist-before_image"},"exclude_global_add_ons":[],"addons":[],"acf":[],"_links":{"self":[{"href":"https:\/\/shop.kustom.ch\/it\/wp-json\/wp\/v2\/product\/593381"}],"collection":[{"href":"https:\/\/shop.kustom.ch\/it\/wp-json\/wp\/v2\/product"}],"about":[{"href":"https:\/\/shop.kustom.ch\/it\/wp-json\/wp\/v2\/types\/product"}],"wp:featuredmedia":[{"embeddable":true,"href":"https:\/\/shop.kustom.ch\/it\/wp-json\/wp\/v2\/media\/593449"}],"wp:attachment":[{"href":"https:\/\/shop.kustom.ch\/it\/wp-json\/wp\/v2\/media?parent=593381"}],"wp:term":[{"taxonomy":"product_brand","embeddable":true,"href":"https:\/\/shop.kustom.ch\/it\/wp-json\/wp\/v2\/product_brand?post=593381"},{"taxonomy":"product_cat","embeddable":true,"href":"https:\/\/shop.kustom.ch\/it\/wp-json\/wp\/v2\/product_cat?post=593381"},{"taxonomy":"product_tag","embeddable":true,"href":"https:\/\/shop.kustom.ch\/it\/wp-json\/wp\/v2\/product_tag?post=593381"}],"curies":[{"name":"wp","href":"https:\/\/api.w.org\/{rel}","templated":true}]}}