{"id":593258,"date":"2025-03-04T23:47:44","date_gmt":"2025-03-04T22:47:44","guid":{"rendered":"https:\/\/shop.kustom.ch\/?post_type=product&#038;p=593258"},"modified":"2025-06-25T09:26:15","modified_gmt":"2025-06-25T08:26:15","slug":"neckwarmer-camouflage","status":"publish","type":"product","link":"https:\/\/shop.kustom.ch\/it\/prodotto\/neckwarmer-camouflage\/","title":{"rendered":"Scaldacollo mimetico"},"content":{"rendered":"<p>Scaldacollo o fascia per capelli in tessuto leggero e morbido che tiene al caldo nelle giornate pi\u00f9 fredde. Uno scaldacollo versatile che pu\u00f2 essere indossato in diversi modi e che ora \u00e8 disponibile anche in un'attraente fantasia mimetica.<\/p>\n<p>DETTAGLI: Stampa grafica. Etichetta tessuta sul davanti. FUNZIONALIT\u00c0: pu\u00f2 essere indossato come cappello, sciarpa o fascia. CARATTERISTICHE PRINCIPALI: Unisex. TESSUTO: grigio. Vento \/ bagnato \/ freddo. ISTRUZIONI DI LAVAGGIO: Non stirare.<\/p>\n<p>100% poliestere, regolazione dell'umidit\u00e0<\/p>","protected":false},"excerpt":{"rendered":"<p>Ein Neckwarmer oder Stirnband aus einem leichten, weichen Stoff, der Sie an k\u00e4lteren Tagen warm h\u00e4lt. Ein vielseitiger Neckwarmer, der auf vielf\u00e4ltige Weise getragen werden kann und jetzt auch mit einem attraktiven Camouflage-Muster erh\u00e4ltlich ist. DETAILS: Grafikdruck. Gewebtes Etikett auf der Vorderseite. FUNKTIONALIT\u00c4T: Kann als M\u00fctze, Halstuch oder Stirnband getragen werden. HAUPTEIGENSCHAFTEN: Unisex. STOFF: grau. [&hellip;]<\/p>\n","protected":false},"featured_media":593299,"template":"","meta":[],"product_brand":[],"product_cat":[9643,4209],"product_tag":[],"class_list":{"0":"post-593258","1":"product","2":"type-product","3":"status-publish","4":"has-post-thumbnail","6":"product_cat-equipment","7":"product_cat-zubehoer","8":"pa_brand-blaklaeder","9":"pa_brand-type-workwear","10":"pa_filter-color-gelb","11":"pa_filter-color-grau","13":"first","14":"instock","15":"sale","16":"taxable","17":"shipping-taxable","18":"purchasable","19":"product-type-variable","20":"add-to-wishlist-before_image"},"exclude_global_add_ons":[],"addons":[],"acf":[],"_links":{"self":[{"href":"https:\/\/shop.kustom.ch\/it\/wp-json\/wp\/v2\/product\/593258"}],"collection":[{"href":"https:\/\/shop.kustom.ch\/it\/wp-json\/wp\/v2\/product"}],"about":[{"href":"https:\/\/shop.kustom.ch\/it\/wp-json\/wp\/v2\/types\/product"}],"wp:featuredmedia":[{"embeddable":true,"href":"https:\/\/shop.kustom.ch\/it\/wp-json\/wp\/v2\/media\/593299"}],"wp:attachment":[{"href":"https:\/\/shop.kustom.ch\/it\/wp-json\/wp\/v2\/media?parent=593258"}],"wp:term":[{"taxonomy":"product_brand","embeddable":true,"href":"https:\/\/shop.kustom.ch\/it\/wp-json\/wp\/v2\/product_brand?post=593258"},{"taxonomy":"product_cat","embeddable":true,"href":"https:\/\/shop.kustom.ch\/it\/wp-json\/wp\/v2\/product_cat?post=593258"},{"taxonomy":"product_tag","embeddable":true,"href":"https:\/\/shop.kustom.ch\/it\/wp-json\/wp\/v2\/product_tag?post=593258"}],"curies":[{"name":"wp","href":"https:\/\/api.w.org\/{rel}","templated":true}]}}