{"id":593155,"date":"2025-03-04T23:44:26","date_gmt":"2025-03-04T22:44:26","guid":{"rendered":"https:\/\/shop.kustom.ch\/?post_type=product&#038;p=593155"},"modified":"2026-03-31T09:14:19","modified_gmt":"2026-03-31T08:14:19","slug":"kinder-strickjacke","status":"publish","type":"product","link":"https:\/\/shop.kustom.ch\/it\/prodotto\/kinder-strickjacke\/","title":{"rendered":"Cardigan per bambini"},"content":{"rendered":"<p>Comodo cardigan per bambini con schiena allungata e collo foderato in pile. Perfetto come secondo strato o come giacca, a seconda del tempo.<\/p>\n<p>CHIUSURA: Schiena allungata. Polsini elasticizzati. DETTAGLI: Collo alto con cerniera. CHIUSURA ANTERIORE: Cerniera anteriore con protezione per il mento in pile. CARATTERISTICHE PRINCIPALI: Bambini. TESSUTO: Bambini. bianco. TASCHE: Tasche anteriori con cerniera. ISTRUZIONI DI LAVAGGIO: Non lavare a secco.<\/p>\n<p>100% Poliestere, spazzolato su un lato, 380 g\/m\u00b2<\/p>","protected":false},"excerpt":{"rendered":"<p>Komfortable Strickjacke f\u00fcr Kinder mit verl\u00e4ngertem R\u00fccken und fleecegef\u00fctterten Kragen. Perfekt als zweite Lage oder Jacke, abh\u00e4ngig vom Wetter. ABSCHLUSS: Verl\u00e4ngerter R\u00fccken. \u00c4rmelb\u00fcndchen mit Gummizug. DETAILS: Hoher Kragen mit Reissverschluss. FRONTVERSCHLUSS: Reissverschluss vorne mit Kinnschutz aus Fleece. HAUPTEIGENSCHAFTEN: Kinder. STOFF: Kinder. weiss. TASCHEN: Vordertaschen mit Reissverschl\u00fcssen. WASCHANLEITUNG: Nicht chemisch reinigen 100% Polyester, einseitig aufgeb\u00fcrstet, 380 [&hellip;]<\/p>\n","protected":false},"featured_media":0,"template":"","meta":[],"product_brand":[],"product_cat":[4184],"product_tag":[],"class_list":{"0":"post-593155","1":"product","2":"type-product","3":"status-publish","5":"product_cat-hoodies-pullover","6":"pa_brand-blaklaeder","7":"pa_brand-type-workwear","8":"pa_filter-color-blau","9":"pa_filter-color-grau","10":"pa_filter-color-rot","11":"pa_filter-color-weiss","13":"first","14":"instock","15":"sale","16":"taxable","17":"shipping-taxable","18":"purchasable","19":"product-type-variable","20":"add-to-wishlist-before_image"},"exclude_global_add_ons":[],"addons":[],"acf":[],"_links":{"self":[{"href":"https:\/\/shop.kustom.ch\/it\/wp-json\/wp\/v2\/product\/593155"}],"collection":[{"href":"https:\/\/shop.kustom.ch\/it\/wp-json\/wp\/v2\/product"}],"about":[{"href":"https:\/\/shop.kustom.ch\/it\/wp-json\/wp\/v2\/types\/product"}],"wp:attachment":[{"href":"https:\/\/shop.kustom.ch\/it\/wp-json\/wp\/v2\/media?parent=593155"}],"wp:term":[{"taxonomy":"product_brand","embeddable":true,"href":"https:\/\/shop.kustom.ch\/it\/wp-json\/wp\/v2\/product_brand?post=593155"},{"taxonomy":"product_cat","embeddable":true,"href":"https:\/\/shop.kustom.ch\/it\/wp-json\/wp\/v2\/product_cat?post=593155"},{"taxonomy":"product_tag","embeddable":true,"href":"https:\/\/shop.kustom.ch\/it\/wp-json\/wp\/v2\/product_tag?post=593155"}],"curies":[{"name":"wp","href":"https:\/\/api.w.org\/{rel}","templated":true}]}}