{"id":593143,"date":"2025-03-04T23:44:24","date_gmt":"2025-03-04T22:44:24","guid":{"rendered":"https:\/\/shop.kustom.ch\/?post_type=product&#038;p=593143"},"modified":"2026-03-31T09:14:18","modified_gmt":"2026-03-31T08:14:18","slug":"polo-shirt-limited","status":"publish","type":"product","link":"https:\/\/shop.kustom.ch\/it\/prodotto\/polo-shirt-limited\/","title":{"rendered":"Polo Shirt Limited"},"content":{"rendered":"<p>Polo dal taglio dritto. Ricamo sul petto e sulle maniche. Colletto e polsini a coste. Una buona scelta per il lavoro e il tempo libero.<\/p>\n<p>FINITURA: Polsini a coste. DETTAGLI: Scollo con bottoni. Colletto a coste. Cuciture del collo rinforzate. Spacchi laterali. CARATTERISTICHE PRINCIPALI: Roofer. TESSUTO: Uomo. grigio. Profilo. ISTRUZIONI DI LAVAGGIO: Non centrifugare.<\/p>\n<p>cotone 60%, poliestere 40%, 220 g\/m\u00b2<\/p>","protected":false},"excerpt":{"rendered":"<p>Gerade geschnittenes Polo Shirt. Stick an der Brust und an den \u00c4rmeln. Ripp-gestrickter Kragen und B\u00fcndchen. Eine gute Wahl f\u00fcr Arbeit und Freizeit. ABSCHLUSS: Rippstrickb\u00fcndchen. DETAILS: Halsausschnitt mit Kn\u00f6pfen. Gerippter Kragen. Verst\u00e4rkte Halsn\u00e4hte. Schlitze an den Seiten. HAUPTEIGENSCHAFTEN: Dachdecker. STOFF: Herren. grau. Profil. WASCHANLEITUNG: Nicht schleudern 60% Baumwolle, 40% Polyester, 220 g\/m\u00b2<\/p>","protected":false},"featured_media":593214,"template":"","meta":[],"product_brand":[],"product_cat":[4193],"product_tag":[],"class_list":{"0":"post-593143","1":"product","2":"type-product","3":"status-publish","4":"has-post-thumbnail","6":"product_cat-polos","7":"pa_brand-blaklaeder","8":"pa_brand-type-workwear","9":"pa_filter-color-grau","10":"pa_filter-color-weiss","12":"first","13":"instock","14":"sale","15":"taxable","16":"shipping-taxable","17":"purchasable","18":"product-type-variable","19":"add-to-wishlist-before_image"},"exclude_global_add_ons":[],"addons":[],"acf":[],"_links":{"self":[{"href":"https:\/\/shop.kustom.ch\/it\/wp-json\/wp\/v2\/product\/593143"}],"collection":[{"href":"https:\/\/shop.kustom.ch\/it\/wp-json\/wp\/v2\/product"}],"about":[{"href":"https:\/\/shop.kustom.ch\/it\/wp-json\/wp\/v2\/types\/product"}],"wp:featuredmedia":[{"embeddable":true,"href":"https:\/\/shop.kustom.ch\/it\/wp-json\/wp\/v2\/media\/593214"}],"wp:attachment":[{"href":"https:\/\/shop.kustom.ch\/it\/wp-json\/wp\/v2\/media?parent=593143"}],"wp:term":[{"taxonomy":"product_brand","embeddable":true,"href":"https:\/\/shop.kustom.ch\/it\/wp-json\/wp\/v2\/product_brand?post=593143"},{"taxonomy":"product_cat","embeddable":true,"href":"https:\/\/shop.kustom.ch\/it\/wp-json\/wp\/v2\/product_cat?post=593143"},{"taxonomy":"product_tag","embeddable":true,"href":"https:\/\/shop.kustom.ch\/it\/wp-json\/wp\/v2\/product_tag?post=593143"}],"curies":[{"name":"wp","href":"https:\/\/api.w.org\/{rel}","templated":true}]}}