{"id":593140,"date":"2025-03-04T23:44:23","date_gmt":"2025-03-04T22:44:23","guid":{"rendered":"https:\/\/shop.kustom.ch\/?post_type=product&#038;p=593140"},"modified":"2025-03-05T22:28:31","modified_gmt":"2025-03-05T21:28:31","slug":"trolley","status":"publish","type":"product","link":"https:\/\/shop.kustom.ch\/it\/prodotto\/trolley\/","title":{"rendered":"Carrello"},"content":{"rendered":"<p>Un pratico compagno di viaggio realizzato in materiale robusto e idrorepellente, con robuste ruote da fuoristrada. Si muove senza problemi nella sala arrivi come in cantiere. Questa borsa \u00e8 robusta grazie al suo materiale estremamente durevole. Ha un manico telescopico ed \u00e8 dotata di pratici scomparti.<\/p>\n<p>DETTAGLI: Tasca per carte d'identit\u00e0. Stampa - multistampa tono su tono sul davanti. Etichetta Bl\u00e5kl\u00e4der tessuta sul lato. Manico telescopico integrato. CARATTERISTICHE PRINCIPALI: Unisex. DIMENSIONI: 50x20x35 cm. SIMBOLI: Idrorepellente 2. TASCHE: Tasca interna per documenti. Tasca interna con zip. Tasca esterna sulla patta. ISTRUZIONI DI LAVAGGIO: Non candeggiare.<\/p>\n<p>100% Poliestere rivestito in PVC, impermeabile, 680 g\/m\u00b2<\/p>","protected":false},"excerpt":{"rendered":"<p>Ein handlicher Reisebegleiter aus einem robusten, schmutz- und wasserabweisenden Material mit stabilen Offroad-R\u00e4dern. Er rollt genauso reibungslos durch die Ankunftshalle wie auf der Baustelle. Diese Tasche ist dank ihres extrem haltbaren Materials robust. Sie hat einen Teleskopgriff und ist mit praktischen Stauf\u00e4chern ausgestattet. DETAILS: Ausweistasche. Druck &#8211; Multiprint Ton in Ton vorne. Gewebtes Bl\u00e5kl\u00e4der Etikett [&hellip;]<\/p>\n","protected":false},"featured_media":593206,"template":"","meta":[],"product_brand":[],"product_cat":[9643,4209],"product_tag":[],"class_list":{"0":"post-593140","1":"product","2":"type-product","3":"status-publish","4":"has-post-thumbnail","6":"product_cat-equipment","7":"product_cat-zubehoer","8":"pa_brand-blaklaeder","9":"pa_brand-type-workwear","10":"pa_filter-color-schwarz","12":"first","13":"instock","14":"sale","15":"taxable","16":"shipping-taxable","17":"purchasable","18":"product-type-variable","19":"add-to-wishlist-before_image"},"exclude_global_add_ons":[],"addons":[],"acf":[],"_links":{"self":[{"href":"https:\/\/shop.kustom.ch\/it\/wp-json\/wp\/v2\/product\/593140"}],"collection":[{"href":"https:\/\/shop.kustom.ch\/it\/wp-json\/wp\/v2\/product"}],"about":[{"href":"https:\/\/shop.kustom.ch\/it\/wp-json\/wp\/v2\/types\/product"}],"wp:featuredmedia":[{"embeddable":true,"href":"https:\/\/shop.kustom.ch\/it\/wp-json\/wp\/v2\/media\/593206"}],"wp:attachment":[{"href":"https:\/\/shop.kustom.ch\/it\/wp-json\/wp\/v2\/media?parent=593140"}],"wp:term":[{"taxonomy":"product_brand","embeddable":true,"href":"https:\/\/shop.kustom.ch\/it\/wp-json\/wp\/v2\/product_brand?post=593140"},{"taxonomy":"product_cat","embeddable":true,"href":"https:\/\/shop.kustom.ch\/it\/wp-json\/wp\/v2\/product_cat?post=593140"},{"taxonomy":"product_tag","embeddable":true,"href":"https:\/\/shop.kustom.ch\/it\/wp-json\/wp\/v2\/product_tag?post=593140"}],"curies":[{"name":"wp","href":"https:\/\/api.w.org\/{rel}","templated":true}]}}