{"id":593064,"date":"2025-03-04T23:42:36","date_gmt":"2025-03-04T22:42:36","guid":{"rendered":"https:\/\/shop.kustom.ch\/?post_type=product&#038;p=593064"},"modified":"2026-03-31T09:14:03","modified_gmt":"2026-03-31T08:14:03","slug":"high-vis-kombihose-2","status":"publish","type":"product","link":"https:\/\/shop.kustom.ch\/it\/prodotto\/high-vis-kombihose-2\/","title":{"rendered":"Pantaloni combinati ad alta visibilit\u00e0"},"content":{"rendered":"<p>Un preferito visibile con tasche per ginocchiere in CORDURA\u00ae. Due tasche pettorali libere con cinghie di sicurezza, una con tasca per cellulare e una con tasca per penna. Due tasche libere per le unghie possono essere inserite nelle tasche anteriori a soffietto. Certificato secondo la norma EN ISO 20471 Classe 2 per gli indumenti protettivi ad alta visibilit\u00e0.<\/p>\n<p>CHIUSURA: Coulisse all'estremit\u00e0 delle gambe. DETTAGLI: passante per martello su entrambi i lati. Ampi passanti per cintura. Vita elasticizzata. CHIUSURA ANTERIORE: zip nascosta in plastica a due vie. FUNZIONALIT\u00c0: materiale antivento e impermeabile con traspirabilit\u00e0, cuciture nastrate. PROPRIET\u00c0 PRINCIPALI: Lavoratori stradali e edili. Uomo. EN 342. REFLEX: Materiale riflettente intorno alle gambe. TESSUTO: Uomo. Arancione ad alta visibilit\u00e0. Tasche per ginocchiere. Fodera trapuntata. Protezione ad alta visibilit\u00e0. TASCHE: Tasca sulla gamba con soffietto e patta. Tasche sul petto con cinghie di sicurezza, una con tasca per cellulare e una con tasca per penna. Tasca posteriore con soffietto e patta. Tasca per cellulare. Tasche per ginocchiere. Le tasche per le unghie possono essere inserite nelle tasche anteriori con soffietto. Tasca per regolo pieghevole con tasca aggiuntiva. ISTRUZIONI DI LAVAGGIO: Numero di lavaggi: 20, non stirare. RINFORZO: CORDURA\u00ae rinforzato sulle ginocchia. CERTIFICAZIONE: EN 14404:2004+A1:2010 insieme alle ginocchiere 4027, 4057, 4058 e 4032. EN 342 insieme all'articolo 4851. EN 343, classe 3.1. gruppo di certificazione Y<\/p>\n<p>100% poliestere, Oxford, rivestito, impermeabile 15.000 mm, antivento, traspirante Ret 8.5, 200g\/m\u00b2<\/p>","protected":false},"excerpt":{"rendered":"<p>Ein sichtbarer Favorit mit Kniepolstertaschen aus CORDURA\u00ae. Zwei lose Brusttaschen mit Sicherheitsriemen, eine mit Handytasche und eine mit Stifttasche. Zwei lose Nageltaschen k\u00f6nnen in die Vordertaschen mit Balg gesteckt werden. Zertifiziert nach EN ISO 20471 Klasse 2 Schutzkleidung mit hoher Sichtbarkeit. ABSCHLUSS: Kordelzug am Beinabschluss. DETAILS: Hammerschlaufe an beiden Seiten. Breite G\u00fcrtelschlaufen. Gummizug an der [&hellip;]<\/p>\n","protected":false},"featured_media":593104,"template":"","meta":[],"product_brand":[],"product_cat":[10454],"product_tag":[],"class_list":{"0":"post-593064","1":"product","2":"type-product","3":"status-publish","4":"has-post-thumbnail","6":"product_cat-overalls","7":"pa_brand-blaklaeder","8":"pa_brand-type-workwear","9":"pa_filter-color-blau","10":"pa_filter-color-orange","12":"first","13":"instock","14":"sale","15":"taxable","16":"shipping-taxable","17":"purchasable","18":"product-type-variable","19":"add-to-wishlist-before_image"},"exclude_global_add_ons":[],"addons":[],"acf":[],"_links":{"self":[{"href":"https:\/\/shop.kustom.ch\/it\/wp-json\/wp\/v2\/product\/593064"}],"collection":[{"href":"https:\/\/shop.kustom.ch\/it\/wp-json\/wp\/v2\/product"}],"about":[{"href":"https:\/\/shop.kustom.ch\/it\/wp-json\/wp\/v2\/types\/product"}],"wp:featuredmedia":[{"embeddable":true,"href":"https:\/\/shop.kustom.ch\/it\/wp-json\/wp\/v2\/media\/593104"}],"wp:attachment":[{"href":"https:\/\/shop.kustom.ch\/it\/wp-json\/wp\/v2\/media?parent=593064"}],"wp:term":[{"taxonomy":"product_brand","embeddable":true,"href":"https:\/\/shop.kustom.ch\/it\/wp-json\/wp\/v2\/product_brand?post=593064"},{"taxonomy":"product_cat","embeddable":true,"href":"https:\/\/shop.kustom.ch\/it\/wp-json\/wp\/v2\/product_cat?post=593064"},{"taxonomy":"product_tag","embeddable":true,"href":"https:\/\/shop.kustom.ch\/it\/wp-json\/wp\/v2\/product_tag?post=593064"}],"curies":[{"name":"wp","href":"https:\/\/api.w.org\/{rel}","templated":true}]}}