{"id":593016,"date":"2025-03-04T23:42:27","date_gmt":"2025-03-04T22:42:27","guid":{"rendered":"https:\/\/shop.kustom.ch\/?post_type=product&#038;p=593016"},"modified":"2026-03-31T09:13:54","modified_gmt":"2026-03-31T08:13:54","slug":"damen-handwerker-arbeitshose-stretch-x1900","status":"publish","type":"product","link":"https:\/\/shop.kustom.ch\/it\/prodotto\/damen-handwerker-arbeitshose-stretch-x1900\/","title":{"rendered":"Pantaloni da lavoro artigianali da donna elasticizzati X1900"},"content":{"rendered":"<p>Robusti pantaloni artigianali dal taglio femminile in Cordura\u00ae denim elasticizzato con inserti elasticizzati nel cavallo per una libert\u00e0 di movimento ottimale. I pantaloni hanno una vita elasticizzata e gambe affusolate per una vestibilit\u00e0 perfetta. Tasche per ginocchiere con riempimento inferiore in materiale elasticizzato CORDURA\u00ae per il massimo comfort anche quando si \u00e8 in ginocchio.<\/p>\n<p>DETTAGLI: Bottoni in metallo. Portacoltelli con bottone. Cuciture rinforzate al cavallo. Zip in metallo sul cavallo. Passanti, due con anello a D. Vita elasticizzata. FUNZIONALIT\u00c0: inserti elasticizzati al cavallo, al polpaccio e tasca per ginocchiere. Taglia donna. CARATTERISTICHE PRINCIPALI: Artigianale. EN 14004. TESSUTO: Disponibile per uomo e donna. nero. Tasche per ginocchiere. Stretch. TASCHE: Tasca sulla gamba con soffietto e patta con chiusura a velcro e tasca interna per cellulare in rete. Tasca posteriore con soffietto. Tasche esterne per ginocchiere. Tasche per i chiodi - extra larghe, con passanti per attrezzi e scomparti supplementari per attrezzi. Tasche laterali. Tasca rinforzata per regolo pieghevole con portacoltelli e portapenne. ISTRUZIONI DI LAVAGGIO: Non lavare a secco. RINFORZO: tasche per chiodi, tasche posteriori e tasca per righello rinforzate in Cordura\u00ae 1000. CERTIFICAZIONE: EN 14404:2004+A1:2010 insieme alle ginocchiere 4027 e 4057.<\/p>\n<p>55% cotone, 15% poliammide, 30% poliestere, denim, rivestito, CORDURA\u00ae denim, stretch, 340 g\/m\u00b2<\/p>","protected":false},"excerpt":{"rendered":"<p>Robuste Handwerker Hose mit Damenschnitt aus Cordura\u00ae Denim Stretch Material und Stretch Eins\u00e4tzen im Schritt f\u00fcr optimale Bewegungsfreiheit. F\u00fcr die optimale Passform hat die Hose einen elastischen Bund und konisch geschnittene Beine. Von unten zu f\u00fcllende Kniepolstertaschen aus CORDURA\u00ae Stretch Material f\u00fcr maximalen Komfort auch in kniender Position. DETAILS: Metallkn\u00f6pfe. Messerhalter mit Knopf. Verst\u00e4rkte N\u00e4hte [&hellip;]<\/p>\n","protected":false},"featured_media":593073,"template":"","meta":[],"product_brand":[],"product_cat":[4185],"product_tag":[],"class_list":{"0":"post-593016","1":"product","2":"type-product","3":"status-publish","4":"has-post-thumbnail","6":"product_cat-hosen","7":"pa_brand-blaklaeder","8":"pa_brand-type-workwear","9":"pa_filter-color-blau","10":"pa_filter-color-schwarz","12":"first","13":"instock","14":"sale","15":"taxable","16":"shipping-taxable","17":"purchasable","18":"product-type-variable","19":"add-to-wishlist-before_image"},"exclude_global_add_ons":[],"addons":[],"acf":[],"_links":{"self":[{"href":"https:\/\/shop.kustom.ch\/it\/wp-json\/wp\/v2\/product\/593016"}],"collection":[{"href":"https:\/\/shop.kustom.ch\/it\/wp-json\/wp\/v2\/product"}],"about":[{"href":"https:\/\/shop.kustom.ch\/it\/wp-json\/wp\/v2\/types\/product"}],"wp:featuredmedia":[{"embeddable":true,"href":"https:\/\/shop.kustom.ch\/it\/wp-json\/wp\/v2\/media\/593073"}],"wp:attachment":[{"href":"https:\/\/shop.kustom.ch\/it\/wp-json\/wp\/v2\/media?parent=593016"}],"wp:term":[{"taxonomy":"product_brand","embeddable":true,"href":"https:\/\/shop.kustom.ch\/it\/wp-json\/wp\/v2\/product_brand?post=593016"},{"taxonomy":"product_cat","embeddable":true,"href":"https:\/\/shop.kustom.ch\/it\/wp-json\/wp\/v2\/product_cat?post=593016"},{"taxonomy":"product_tag","embeddable":true,"href":"https:\/\/shop.kustom.ch\/it\/wp-json\/wp\/v2\/product_tag?post=593016"}],"curies":[{"name":"wp","href":"https:\/\/api.w.org\/{rel}","templated":true}]}}