{"id":592929,"date":"2025-03-04T23:40:12","date_gmt":"2025-03-04T22:40:12","guid":{"rendered":"https:\/\/shop.kustom.ch\/?post_type=product&#038;p=592929"},"modified":"2026-03-31T09:13:48","modified_gmt":"2026-03-31T08:13:48","slug":"damen-high-vis-winter-arbeitshose","status":"publish","type":"product","link":"https:\/\/shop.kustom.ch\/it\/prodotto\/damen-high-vis-winter-arbeitshose\/","title":{"rendered":"Pantaloni da lavoro invernali da donna ad alta visibilit\u00e0"},"content":{"rendered":"<p>Pantaloni da lavoro invernali trapuntati in robusto materiale antivento e idrorepellente con cuciture nastrate. I pantaloni sono dotati di paraneve con chiusura a velcro e bretelle staccabili. Per una sicurezza e una protezione ottimali contro le intemperie, i pantaloni sono certificati per l'alta visibilit\u00e0 e la protezione contro la pioggia e il freddo. Certificato secondo le norme EN ISO 20471 classe 2, EN ISO 20471 classe 3 e 4872, EN 342 e EN 343.<\/p>\n<p>CHIUSURA: estremit\u00e0 delle gambe con cerniera. DETTAGLI: Tasca per carte d'identit\u00e0 staccabile. Passante per martello sul lato. Bretelle staccabili con coulisse elastica. Passanti, uno con anello a D. Gonna da neve con chiusura a velcro e bottone. Vita elasticizzata. FUNZIONALIT\u00c0: materiale antivento e impermeabile con traspirabilit\u00e0, cuciture nastrate. Taglia da donna. PROPRIET\u00c0 PRINCIPALI: Lavoratori stradali ed edili. EN 343. REFLEX: Materiale riflettente intorno alle gambe. TESSUTO: Disponibile per uomo e donna. Giallo alta visibilit\u00e0. Antivento. Alta visibilit\u00e0. TASCHE: Tasca sulla gamba con soffietto e patta. Tasca posteriore con soffietto e patta con chiusura a velcro. Tasche esterne per ginocchiere. Tasche laterali con fodera in pile. Tasche interne con pattina. Tasca per regolo pieghevole con portacoltelli e portapenne. ISTRUZIONI DI LAVAGGIO: Numero di lavaggi: 20. 40\u00b0 C. RINFORZO: CORDURA\u00ae rinforzato sulle ginocchia. CERTIFICAZIONE: EN 14404:2004+A1:2010 insieme alle ginocchiere 4027 e 4057. EN 342 insieme a 4872 e 4472. EN 343, classe 3.1. gruppo di certificazione Z<\/p>\n<p>100% poliestere, Oxford, rivestito, impermeabile 15.000 mm, antivento, traspirante Ret 8.5, 200g\/m\u00b2<\/p>","protected":false},"excerpt":{"rendered":"<p>Stepp-gef\u00fctterte Winter Arbeitshose aus einem robusten wind- und wasserabweisenden Material mit verschweissten N\u00e4hten. Die Hose hat einen Schneefang mit Klettverschluss und abnehmbare Hosentr\u00e4ger. F\u00fcr optimale Sicherheit und Schutz vor dem Wetter, ist die Bundhose f\u00fcr hohe Sichtbarkeit und Schutz vor Regen und K\u00e4lte, zertifiziert. Zertifiziert nach EN ISO 20471 Klasse 2, EN ISO 20471 Klasse [&hellip;]<\/p>\n","protected":false},"featured_media":592986,"template":"","meta":[],"product_brand":[],"product_cat":[4185],"product_tag":[],"class_list":{"0":"post-592929","1":"product","2":"type-product","3":"status-publish","4":"has-post-thumbnail","6":"product_cat-hosen","7":"pa_brand-blaklaeder","8":"pa_brand-type-workwear","9":"pa_filter-color-blau","10":"pa_filter-color-gelb","11":"pa_filter-color-orange","12":"pa_filter-color-schwarz","14":"first","15":"instock","16":"sale","17":"taxable","18":"shipping-taxable","19":"purchasable","20":"product-type-variable","21":"add-to-wishlist-before_image"},"exclude_global_add_ons":[],"addons":[],"acf":[],"_links":{"self":[{"href":"https:\/\/shop.kustom.ch\/it\/wp-json\/wp\/v2\/product\/592929"}],"collection":[{"href":"https:\/\/shop.kustom.ch\/it\/wp-json\/wp\/v2\/product"}],"about":[{"href":"https:\/\/shop.kustom.ch\/it\/wp-json\/wp\/v2\/types\/product"}],"wp:featuredmedia":[{"embeddable":true,"href":"https:\/\/shop.kustom.ch\/it\/wp-json\/wp\/v2\/media\/592986"}],"wp:attachment":[{"href":"https:\/\/shop.kustom.ch\/it\/wp-json\/wp\/v2\/media?parent=592929"}],"wp:term":[{"taxonomy":"product_brand","embeddable":true,"href":"https:\/\/shop.kustom.ch\/it\/wp-json\/wp\/v2\/product_brand?post=592929"},{"taxonomy":"product_cat","embeddable":true,"href":"https:\/\/shop.kustom.ch\/it\/wp-json\/wp\/v2\/product_cat?post=592929"},{"taxonomy":"product_tag","embeddable":true,"href":"https:\/\/shop.kustom.ch\/it\/wp-json\/wp\/v2\/product_tag?post=592929"}],"curies":[{"name":"wp","href":"https:\/\/api.w.org\/{rel}","templated":true}]}}