{"id":592928,"date":"2025-03-04T23:40:12","date_gmt":"2025-03-04T22:40:12","guid":{"rendered":"https:\/\/shop.kustom.ch\/?post_type=product&#038;p=592928"},"modified":"2026-03-31T09:13:43","modified_gmt":"2026-03-31T08:13:43","slug":"damen-thermo-shirt-mit-reissverschluss-xwarm","status":"publish","type":"product","link":"https:\/\/shop.kustom.ch\/it\/prodotto\/damen-thermo-shirt-mit-reissverschluss-xwarm\/","title":{"rendered":"Camicia termica da donna con zip XWarm"},"content":{"rendered":"<p>Questa accogliente camicia termica dal taglio femminile mantiene il corpo caldo e asciutto nella stagione fredda. La camicia termica in lana merino bicolore offre un'eccellente protezione contro il freddo e mantiene il corpo caldo e asciutto grazie alle sue propriet\u00e0 di traspirazione. Consigliata per temperature comprese tra -20\u00b0C e -35\u00b0C.<\/p>\n<p>CHIUSURA: Schiena allungata. Polsini con risvolto. DETTAGLI: Collo alto con cerniera. Cuciture a contrasto. FUNZIONALIT\u00c0: Temperatura consigliata da -20\u00b0C a -35\u00b0C. Taglia donna. CARATTERISTICHE PRINCIPALI: Donna. TESSUTO: Disponibile per uomo e donna. nero. Vento \/ bagnato \/ freddo. ISTRUZIONI DI LAVAGGIO: Utilizzare un detersivo per lana. Non centrifugare<\/p>\n<p>100% Lana, merino, interlock, 260 g\/m\u00b2<\/p>","protected":false},"excerpt":{"rendered":"<p>Dieses kuschelige Thermo-Shirt mit femininem Schnitt h\u00e4lt den K\u00f6rper bei kaltem Wetter warm und trocken. Das zweifarbige Thermo-Shirt aus Merinowolle bietet hervorragenden K\u00e4lteschutz und h\u00e4lt durch seine feuchtigkeitstransportierenden Eigenschaften warm und trocken. Empfohlen f\u00fcr Temperaturen zwischen -20\u00b0C und -35\u00b0C. ABSCHLUSS: Verl\u00e4ngerter R\u00fccken. Armabschluss mit B\u00fcndchen. DETAILS: Hoher Kragen mit Reissverschluss. Kontrastn\u00e4hte. FUNKTIONALIT\u00c4T: Empfohlene Temperatur -20\u00b0C [&hellip;]<\/p>\n","protected":false},"featured_media":592985,"template":"","meta":[],"product_brand":[],"product_cat":[4206],"product_tag":[],"class_list":{"0":"post-592928","1":"product","2":"type-product","3":"status-publish","4":"has-post-thumbnail","6":"product_cat-underwear","7":"pa_brand-blaklaeder","8":"pa_brand-type-workwear","9":"pa_filter-color-grau","10":"pa_filter-color-schwarz","12":"first","13":"instock","14":"sale","15":"taxable","16":"shipping-taxable","17":"purchasable","18":"product-type-variable","19":"add-to-wishlist-before_image"},"exclude_global_add_ons":[],"addons":[],"acf":[],"_links":{"self":[{"href":"https:\/\/shop.kustom.ch\/it\/wp-json\/wp\/v2\/product\/592928"}],"collection":[{"href":"https:\/\/shop.kustom.ch\/it\/wp-json\/wp\/v2\/product"}],"about":[{"href":"https:\/\/shop.kustom.ch\/it\/wp-json\/wp\/v2\/types\/product"}],"wp:featuredmedia":[{"embeddable":true,"href":"https:\/\/shop.kustom.ch\/it\/wp-json\/wp\/v2\/media\/592985"}],"wp:attachment":[{"href":"https:\/\/shop.kustom.ch\/it\/wp-json\/wp\/v2\/media?parent=592928"}],"wp:term":[{"taxonomy":"product_brand","embeddable":true,"href":"https:\/\/shop.kustom.ch\/it\/wp-json\/wp\/v2\/product_brand?post=592928"},{"taxonomy":"product_cat","embeddable":true,"href":"https:\/\/shop.kustom.ch\/it\/wp-json\/wp\/v2\/product_cat?post=592928"},{"taxonomy":"product_tag","embeddable":true,"href":"https:\/\/shop.kustom.ch\/it\/wp-json\/wp\/v2\/product_tag?post=592928"}],"curies":[{"name":"wp","href":"https:\/\/api.w.org\/{rel}","templated":true}]}}