{"id":592913,"date":"2025-03-04T23:40:09","date_gmt":"2025-03-04T22:40:09","guid":{"rendered":"https:\/\/shop.kustom.ch\/?post_type=product&#038;p=592913"},"modified":"2026-03-31T09:13:42","modified_gmt":"2026-03-31T08:13:42","slug":"damen-thermo-leggings-xwarm","status":"publish","type":"product","link":"https:\/\/shop.kustom.ch\/it\/prodotto\/damen-thermo-leggings-xwarm\/","title":{"rendered":"Leggings termici da donna XWarm"},"content":{"rendered":"<p>Questi accoglienti leggings termici dal taglio femminile mantengono il corpo caldo e asciutto nella stagione fredda. I leggings in lana merino bicolore con cuciture rosse offrono un'eccellente protezione dal freddo e mantengono il corpo caldo e asciutto grazie alle loro propriet\u00e0 traspiranti. Consigliato per temperature comprese tra -20\u00b0C e -35\u00b0C.<\/p>\n<p>CHIUSURA: Polsini all'estremit\u00e0 delle gambe. DETTAGLI: Cuciture a contrasto. Vita elasticizzata con logo Bl\u00e5kl\u00e4der. FUNZIONALIT\u00c0: Temperatura consigliata da -20\u00b0C a -35\u00b0C. Taglia da donna. CARATTERISTICHE PRINCIPALI: Donna. TESSUTO: Disponibile per uomo e donna. nero. Vento \/ bagnato \/ freddo. ISTRUZIONI DI LAVAGGIO: Utilizzare un detersivo per lana. Non centrifugare<\/p>\n<p>100% Lana, merino, interlock, 260 g\/m\u00b2<\/p>","protected":false},"excerpt":{"rendered":"<p>Diese kuscheligen Thermo-Leggings mit femininem Schnitt halten den K\u00f6rper bei kaltem Wetter warm und trocken. Die zweifarbige Merinowolle-Leggings mit roter Naht bietet hervorragenden K\u00e4lteschutz und h\u00e4lt durch ihre feuchtigkeitstransportierenden Eigenschaften warm und trocken. Empfohlen f\u00fcr Temperaturen zwischen -20\u00b0C und -35\u00b0C. ABSCHLUSS: Manschetten an den Beinabschl\u00fcssen. DETAILS: Kontrastn\u00e4hte. Gummizug an der Taille mit Bl\u00e5kl\u00e4der Logo. FUNKTIONALIT\u00c4T: [&hellip;]<\/p>\n","protected":false},"featured_media":592967,"template":"","meta":[],"product_brand":[],"product_cat":[4206],"product_tag":[],"class_list":{"0":"post-592913","1":"product","2":"type-product","3":"status-publish","4":"has-post-thumbnail","6":"product_cat-underwear","7":"pa_brand-blaklaeder","8":"pa_brand-type-workwear","9":"pa_filter-color-grau","10":"pa_filter-color-schwarz","12":"first","13":"instock","14":"sale","15":"taxable","16":"shipping-taxable","17":"purchasable","18":"product-type-variable","19":"add-to-wishlist-before_image"},"exclude_global_add_ons":[],"addons":[],"acf":[],"_links":{"self":[{"href":"https:\/\/shop.kustom.ch\/it\/wp-json\/wp\/v2\/product\/592913"}],"collection":[{"href":"https:\/\/shop.kustom.ch\/it\/wp-json\/wp\/v2\/product"}],"about":[{"href":"https:\/\/shop.kustom.ch\/it\/wp-json\/wp\/v2\/types\/product"}],"wp:featuredmedia":[{"embeddable":true,"href":"https:\/\/shop.kustom.ch\/it\/wp-json\/wp\/v2\/media\/592967"}],"wp:attachment":[{"href":"https:\/\/shop.kustom.ch\/it\/wp-json\/wp\/v2\/media?parent=592913"}],"wp:term":[{"taxonomy":"product_brand","embeddable":true,"href":"https:\/\/shop.kustom.ch\/it\/wp-json\/wp\/v2\/product_brand?post=592913"},{"taxonomy":"product_cat","embeddable":true,"href":"https:\/\/shop.kustom.ch\/it\/wp-json\/wp\/v2\/product_cat?post=592913"},{"taxonomy":"product_tag","embeddable":true,"href":"https:\/\/shop.kustom.ch\/it\/wp-json\/wp\/v2\/product_tag?post=592913"}],"curies":[{"name":"wp","href":"https:\/\/api.w.org\/{rel}","templated":true}]}}