{"id":592912,"date":"2025-03-04T23:40:09","date_gmt":"2025-03-04T22:40:09","guid":{"rendered":"https:\/\/shop.kustom.ch\/?post_type=product&#038;p=592912"},"modified":"2026-03-31T09:13:34","modified_gmt":"2026-03-31T08:13:34","slug":"damen-flammschutz-thermo-shirt-68-merinowolle","status":"publish","type":"product","link":"https:\/\/shop.kustom.ch\/it\/prodotto\/damen-flammschutz-thermo-shirt-68-merinowolle\/","title":{"rendered":"Camicia termica ignifuga da donna, lana merino 68%"},"content":{"rendered":"<p>Top termico ignifugo dal taglio femminile, realizzato in lana merino di alta qualit\u00e0. La migliore qualit\u00e0 in termini di materiali e lavorazione garantisce tutti i requisiti di una buona biancheria intima. Oltre alla vestibilit\u00e0 ergonomica e alle propriet\u00e0 protettive, questo capo intimo ha la capacit\u00e0 unica della lana di trattenere il calore sia da bagnato che da asciutto. \u00c8 ideale per l'uso interno ed esterno. Lavare in un lavaggio delicato a 60\u00baC. Certificato secondo le norme EN 1149-5, EN ISO 11612, IEC 61482-2. EBT 7,3 cal\/cm\u00b2.<\/p>\n<p>CHIUSURA: Polsini a coste. DETTAGLI: Etichette di certificazione esterne. Collo a coste. Cuciture a contrasto. CARATTERISTICHE PRINCIPALI: EN 1149-5. TESSUTO: Donna. nero. Ritardante di fiamma. ISTRUZIONI DI LAVAGGIO: Non candeggiare. CERTIFICAZIONE: EBT 7,3 cal\/cm\u00b2, HAF: 78,6%. EN 1149-5. ISO 11612 A1, B1, C1. EBT - 7,3 cal\/cm\u00b2<\/p>\n<p>68% lana, 30% modacrilico, 2% antistatico, interlock merino, ritardante di fiamma, antistatico, 225 g\/m\u00b2<\/p>","protected":false},"excerpt":{"rendered":"<p>Flammhemmendes Thermo-Oberteil mit femininem Schnitt, hergestellt aus hochwertiger Merinowolle. Beste Qualit\u00e4t in Bezug auf Material und Verarbeitung garantieren alle Anforderungen an gute Unterw\u00e4sche. Neben der ergonomischen Passform und den Schutzeigenschaften verf\u00fcgt diese Unterw\u00e4sche \u00fcber die einzigartige F\u00e4higkeit der Wolle, die W\u00e4rme sowohl bei N\u00e4sse als auch bei Trockenheit zu speichern. Es ist ideal f\u00fcr Innen- [&hellip;]<\/p>\n","protected":false},"featured_media":592966,"template":"","meta":[],"product_brand":[],"product_cat":[4206],"product_tag":[],"class_list":{"0":"post-592912","1":"product","2":"type-product","3":"status-publish","4":"has-post-thumbnail","6":"product_cat-underwear","7":"pa_brand-blaklaeder","8":"pa_brand-type-workwear","9":"pa_filter-color-schwarz","11":"first","12":"instock","13":"sale","14":"taxable","15":"shipping-taxable","16":"purchasable","17":"product-type-variable","18":"add-to-wishlist-before_image"},"exclude_global_add_ons":[],"addons":[],"acf":[],"_links":{"self":[{"href":"https:\/\/shop.kustom.ch\/it\/wp-json\/wp\/v2\/product\/592912"}],"collection":[{"href":"https:\/\/shop.kustom.ch\/it\/wp-json\/wp\/v2\/product"}],"about":[{"href":"https:\/\/shop.kustom.ch\/it\/wp-json\/wp\/v2\/types\/product"}],"wp:featuredmedia":[{"embeddable":true,"href":"https:\/\/shop.kustom.ch\/it\/wp-json\/wp\/v2\/media\/592966"}],"wp:attachment":[{"href":"https:\/\/shop.kustom.ch\/it\/wp-json\/wp\/v2\/media?parent=592912"}],"wp:term":[{"taxonomy":"product_brand","embeddable":true,"href":"https:\/\/shop.kustom.ch\/it\/wp-json\/wp\/v2\/product_brand?post=592912"},{"taxonomy":"product_cat","embeddable":true,"href":"https:\/\/shop.kustom.ch\/it\/wp-json\/wp\/v2\/product_cat?post=592912"},{"taxonomy":"product_tag","embeddable":true,"href":"https:\/\/shop.kustom.ch\/it\/wp-json\/wp\/v2\/product_tag?post=592912"}],"curies":[{"name":"wp","href":"https:\/\/api.w.org\/{rel}","templated":true}]}}