{"id":592911,"date":"2025-03-04T23:40:09","date_gmt":"2025-03-04T22:40:09","guid":{"rendered":"https:\/\/shop.kustom.ch\/?post_type=product&#038;p=592911"},"modified":"2026-03-31T09:13:33","modified_gmt":"2026-03-31T08:13:33","slug":"damen-unterhose-2er-pack","status":"publish","type":"product","link":"https:\/\/shop.kustom.ch\/it\/prodotto\/damen-unterhose-2er-pack\/","title":{"rendered":"Pantaloni da donna 2 pezzi"},"content":{"rendered":"<p>I pantaloni sono disponibili in colori ad alta visibilit\u00e0 e con stampa camo.<\/p>\n<p>DETTAGLI: Vita elasticizzata con logo Bl\u00e5kl\u00e4der. CARATTERISTICHE PRINCIPALI: Donna. TESSUTO: Donna. Giallo alta visibilit\u00e0. ISTRUZIONI DI LAVAGGIO: Non lavare a secco. CONFEZIONE: Confezione da 2 pezzi, uno con fantasia e uno a tinta unita.<\/p>\n<p>85% poliestere, 15% elastan, single jersey, 180g \/m\u00b2<\/p>","protected":false},"excerpt":{"rendered":"<p>Die Unterhosen sind in High Vis Farbe und Camoprint erh\u00e4ltlich. DETAILS: Gummizug an der Taille mit Bl\u00e5kl\u00e4der Logo. HAUPTEIGENSCHAFTEN: Damen. STOFF: Damen. High-Vis Gelb. WASCHANLEITUNG: Nicht chemisch reinigen. VERPACKUNG: 2er-Pack, eins mit Muster und eins einfarbig 85% Polyester, 15% Elastan, Single jersey, 180g \/m\u00b2<\/p>","protected":false},"featured_media":530866,"template":"","meta":[],"product_brand":[],"product_cat":[4206],"product_tag":[],"class_list":{"0":"post-592911","1":"product","2":"type-product","3":"status-publish","4":"has-post-thumbnail","6":"product_cat-underwear","7":"pa_brand-blaklaeder","8":"pa_brand-type-workwear","9":"pa_filter-color-gelb","10":"pa_filter-color-grau","12":"first","13":"instock","14":"sale","15":"taxable","16":"shipping-taxable","17":"purchasable","18":"product-type-variable","19":"add-to-wishlist-before_image"},"exclude_global_add_ons":[],"addons":[],"acf":[],"_links":{"self":[{"href":"https:\/\/shop.kustom.ch\/it\/wp-json\/wp\/v2\/product\/592911"}],"collection":[{"href":"https:\/\/shop.kustom.ch\/it\/wp-json\/wp\/v2\/product"}],"about":[{"href":"https:\/\/shop.kustom.ch\/it\/wp-json\/wp\/v2\/types\/product"}],"wp:featuredmedia":[{"embeddable":true,"href":"https:\/\/shop.kustom.ch\/it\/wp-json\/wp\/v2\/media\/530866"}],"wp:attachment":[{"href":"https:\/\/shop.kustom.ch\/it\/wp-json\/wp\/v2\/media?parent=592911"}],"wp:term":[{"taxonomy":"product_brand","embeddable":true,"href":"https:\/\/shop.kustom.ch\/it\/wp-json\/wp\/v2\/product_brand?post=592911"},{"taxonomy":"product_cat","embeddable":true,"href":"https:\/\/shop.kustom.ch\/it\/wp-json\/wp\/v2\/product_cat?post=592911"},{"taxonomy":"product_tag","embeddable":true,"href":"https:\/\/shop.kustom.ch\/it\/wp-json\/wp\/v2\/product_tag?post=592911"}],"curies":[{"name":"wp","href":"https:\/\/api.w.org\/{rel}","templated":true}]}}