{"id":592893,"date":"2025-03-04T23:39:39","date_gmt":"2025-03-04T22:39:39","guid":{"rendered":"https:\/\/shop.kustom.ch\/?post_type=product&#038;p=592893"},"modified":"2026-03-31T09:13:32","modified_gmt":"2026-03-31T08:13:32","slug":"damen-flammschutz-unterhose-68-merinowolle","status":"publish","type":"product","link":"https:\/\/shop.kustom.ch\/it\/prodotto\/damen-flammschutz-unterhose-68-merinowolle\/","title":{"rendered":"Pantaloni antifiamma da donna, lana merino 68%"},"content":{"rendered":"<p>Pantaloni antifiamma in lana merino di alta qualit\u00e0 con taglio femminile. La migliore qualit\u00e0 in termini di materiali e lavorazione garantisce tutti i requisiti di una buona biancheria intima. Oltre alla vestibilit\u00e0 ergonomica e alle propriet\u00e0 protettive, questa biancheria intima ha la capacit\u00e0 unica di trattenere il calore sia in ambienti umidi che asciutti. \u00c8 ideale per ambienti interni ed esterni. Lavabile con un ciclo delicato a 60\u00b0C. Certificato secondo le norme EN 1149-5, EN ISO 11612, IEC 61482-2, EBT 7,3 cal\/cm\u00b2.<\/p>\n<p>CHIUSURA: Polsini all'estremit\u00e0 delle gambe. DETTAGLI: Etichette di certificazione esterne. Cuciture a contrasto. Vita elasticizzata. CARATTERISTICHE PRINCIPALI: EN 1149-5. TESSUTO: Disponibile per uomo e donna. nero. Ritardante di fiamma. ISTRUZIONI DI LAVAGGIO: Non lavare a secco. CERTIFICAZIONE: EBT 7,3 cal\/cm\u00b2, HAF: 78,6%. EN 1149-5. ISO 11612 A1, B1, C1. EBT - 7,3 cal\/cm\u00b2<\/p>\n<p>68% lana, 30% modacrilico, 2% antistatico, interlock merino, ritardante di fiamma, antistatico, 225 g\/m\u00b2<\/p>","protected":false},"excerpt":{"rendered":"<p>Flammschutz Unterhose aus hoch qualitativer Merinowolle im Damenschnitt. Die beste Qualit\u00e4t in Bezug auf Material und Verarbeitung garantiert alle Anforderungen von guter Unterw\u00e4sche. Neben einer ergonomischen Passform und den Schutzeigenschaften hat diese Unterw\u00e4sche die einzigartige F\u00e4higkeit, die W\u00e4rme zu halten, sowohl in nasser als auch in trockener Umgebung. Sie ist ideal geeignet f\u00fcr Umgebungen drinnen [&hellip;]<\/p>\n","protected":false},"featured_media":592938,"template":"","meta":[],"product_brand":[],"product_cat":[4206],"product_tag":[],"class_list":{"0":"post-592893","1":"product","2":"type-product","3":"status-publish","4":"has-post-thumbnail","6":"product_cat-underwear","7":"pa_brand-blaklaeder","8":"pa_brand-type-workwear","9":"pa_filter-color-schwarz","11":"first","12":"instock","13":"sale","14":"taxable","15":"shipping-taxable","16":"purchasable","17":"product-type-variable","18":"add-to-wishlist-before_image"},"exclude_global_add_ons":[],"addons":[],"acf":[],"_links":{"self":[{"href":"https:\/\/shop.kustom.ch\/it\/wp-json\/wp\/v2\/product\/592893"}],"collection":[{"href":"https:\/\/shop.kustom.ch\/it\/wp-json\/wp\/v2\/product"}],"about":[{"href":"https:\/\/shop.kustom.ch\/it\/wp-json\/wp\/v2\/types\/product"}],"wp:featuredmedia":[{"embeddable":true,"href":"https:\/\/shop.kustom.ch\/it\/wp-json\/wp\/v2\/media\/592938"}],"wp:attachment":[{"href":"https:\/\/shop.kustom.ch\/it\/wp-json\/wp\/v2\/media?parent=592893"}],"wp:term":[{"taxonomy":"product_brand","embeddable":true,"href":"https:\/\/shop.kustom.ch\/it\/wp-json\/wp\/v2\/product_brand?post=592893"},{"taxonomy":"product_cat","embeddable":true,"href":"https:\/\/shop.kustom.ch\/it\/wp-json\/wp\/v2\/product_cat?post=592893"},{"taxonomy":"product_tag","embeddable":true,"href":"https:\/\/shop.kustom.ch\/it\/wp-json\/wp\/v2\/product_tag?post=592893"}],"curies":[{"name":"wp","href":"https:\/\/api.w.org\/{rel}","templated":true}]}}