{"id":592873,"date":"2025-03-04T23:39:35","date_gmt":"2025-03-04T22:39:35","guid":{"rendered":"https:\/\/shop.kustom.ch\/?post_type=product&#038;p=592873"},"modified":"2026-03-31T09:13:31","modified_gmt":"2026-03-31T08:13:31","slug":"damen-unterhose-warm-100-merinowolle","status":"publish","type":"product","link":"https:\/\/shop.kustom.ch\/it\/prodotto\/damen-unterhose-warm-100-merinowolle\/","title":{"rendered":"Pantaloni da donna WARM, lana merino 100%"},"content":{"rendered":"<p>Questo intimo lungo isolante mantiene il corpo caldo e asciutto nella stagione fredda. L'intimo lungo \u00e8 dotato di una fascia in vita ed \u00e8 realizzato in lana merino 100%, che offre un eccellente isolamento e propriet\u00e0 di trasporto del caldo e dell'asciutto. Consigliato per temperature da -5\u00b0C a -30\u00b0C.<\/p>\n<p>CHIUSURA: Polsini all'estremit\u00e0 delle gambe. DETTAGLI: Cuciture a contrasto. Vita elasticizzata con logo Bl\u00e5kl\u00e4der. FUNZIONALIT\u00c0: Temperatura consigliata da -5\u00b0C a -30\u00b0C. CARATTERISTICHE PRINCIPALI: Disponibile per uomo e donna. TESSUTO: Disponibile per uomo e donna. nero. Vento \/ bagnato \/ freddo. ISTRUZIONI DI LAVAGGIO: Utilizzare un detersivo per lana. Non stirare<\/p>\n<p>100% Lana, merino, maglia a coste, regolazione dell'umidit\u00e0, 200 g\/m\u00b2<\/p>","protected":false},"excerpt":{"rendered":"<p>Diese isolierende lange Unterw\u00e4sche h\u00e4lt den K\u00f6rper warm und trocken bei kaltem Wetter. Die lange Unterw\u00e4sche hat einen Bund und besteht aus 100% Merinowolle, die ausgezeichnete Isolation und warm- und trockenhaltende transportierende Eigenschaften bietet. Empfohlen bei Temperaturen von -5\u00b0C bis -30\u00b0C. ABSCHLUSS: Manschetten an den Beinabschl\u00fcssen. DETAILS: Kontrastn\u00e4hte. Gummizug an der Taille mit Bl\u00e5kl\u00e4der Logo. [&hellip;]<\/p>\n","protected":false},"featured_media":530865,"template":"","meta":[],"product_brand":[],"product_cat":[4206],"product_tag":[],"class_list":{"0":"post-592873","1":"product","2":"type-product","3":"status-publish","4":"has-post-thumbnail","6":"product_cat-underwear","7":"pa_brand-blaklaeder","8":"pa_brand-type-workwear","9":"pa_filter-color-grau","10":"pa_filter-color-schwarz","12":"first","13":"instock","14":"sale","15":"taxable","16":"shipping-taxable","17":"purchasable","18":"product-type-variable","19":"add-to-wishlist-before_image"},"exclude_global_add_ons":[],"addons":[],"acf":[],"_links":{"self":[{"href":"https:\/\/shop.kustom.ch\/it\/wp-json\/wp\/v2\/product\/592873"}],"collection":[{"href":"https:\/\/shop.kustom.ch\/it\/wp-json\/wp\/v2\/product"}],"about":[{"href":"https:\/\/shop.kustom.ch\/it\/wp-json\/wp\/v2\/types\/product"}],"wp:featuredmedia":[{"embeddable":true,"href":"https:\/\/shop.kustom.ch\/it\/wp-json\/wp\/v2\/media\/530865"}],"wp:attachment":[{"href":"https:\/\/shop.kustom.ch\/it\/wp-json\/wp\/v2\/media?parent=592873"}],"wp:term":[{"taxonomy":"product_brand","embeddable":true,"href":"https:\/\/shop.kustom.ch\/it\/wp-json\/wp\/v2\/product_brand?post=592873"},{"taxonomy":"product_cat","embeddable":true,"href":"https:\/\/shop.kustom.ch\/it\/wp-json\/wp\/v2\/product_cat?post=592873"},{"taxonomy":"product_tag","embeddable":true,"href":"https:\/\/shop.kustom.ch\/it\/wp-json\/wp\/v2\/product_tag?post=592873"}],"curies":[{"name":"wp","href":"https:\/\/api.w.org\/{rel}","templated":true}]}}