{"id":592813,"date":"2025-03-04T23:38:55","date_gmt":"2025-03-04T22:38:55","guid":{"rendered":"https:\/\/shop.kustom.ch\/?post_type=product&#038;p=592813"},"modified":"2026-03-31T09:13:20","modified_gmt":"2026-03-31T08:13:20","slug":"damen-high-vis-arbeitshose-4-wege-stretch-2","status":"publish","type":"product","link":"https:\/\/shop.kustom.ch\/it\/prodotto\/damen-high-vis-arbeitshose-4-wege-stretch-2\/","title":{"rendered":"Pantaloni da lavoro da donna ad alta visibilit\u00e0 elasticizzati in 4 direzioni"},"content":{"rendered":"<p>Questi pantaloni a vita alta, versatili e confortevoli, con gambe dal taglio stretto, sono pensati per la figura femminile. Offrono grande libert\u00e0 di movimento e sono estremamente morbidi. Questi pantaloni sono progettati per resistere ai lavori pi\u00f9 duri senza compromettere il comfort e la vestibilit\u00e0. Il materiale \u00e8 un tessuto liscio ed elasticizzato in 4 direzioni, resistente ed estensibile in tutte le direzioni. I pantaloni presentano dettagli avanzati e pratiche tasche con rinforzo in CORDURA\u00ae, una tasca obliqua sulla coscia con cerniera, una tasca per il righello, tasche anteriori, tasche posteriori con patta e portautensili funzionali, ad esempio passanti per tenere i martelli. La tasca per le ginocchiere \u00e8 rinforzata con materiale elastico CORDURA\u00ae all'esterno e tessuto elasticizzato all'interno per una maggiore libert\u00e0 di movimento. Il morbido tessuto a rete elasticizzato sul retro del ginocchio garantisce una buona ventilazione. Il rinforzo in CORDURA\u00ae sull'orlo della gamba offre una protezione efficace contro l'usura. Certificato secondo la norma EN ISO 20471, abbigliamento protettivo High Vis di Classe 2.<\/p>\n<p>CHIUSURA: polsini regolabili con coulisse e rinforzo in CORDURA\u00ae. DETTAGLI: anello a D. Bottoni in metallo. Portacoltelli con bottone. Doppia cucitura sul cavallo. Zip in plastica sul cavallo. Due passanti sui lati con bottone per il portamartello. Anello a D in vita. FUNZIONALIT\u00c0: stretch a 4 vie. Taglia donna. CARATTERISTICHE PRINCIPALI: Artigianale. EN 14004. REFLEX: Materiale riflettente intorno alle gambe. TESSUTO: Disponibile per uomo e donna. Arancione ad alta visibilit\u00e0. Stretch. Alta visibilit\u00e0. TASCHE: Tasca sulla gamba con soffietto e patta con chiusura a velcro e tasca interna per cellulare in rete. Tasche posteriori a soffietto, rinforzate. Una con patta. Tasche esterne per ginocchiere. Tasche per le unghie - extra larghe con portautensili e scomparti per utensili supplementari e tasche extra con cerniera. Tasche laterali. Tasca rinforzata per regolo pieghevole con portacoltelli e tasca portapenne. ISTRUZIONI DI LAVAGGIO: Numero di lavaggi: 20, non candeggiare. RINFORZO: tasche per ginocchiere rinforzate in Cordura\u00ae elasticizzato. CERTIFICAZIONE: EN 14404:2004+A1:2010 insieme alle ginocchiere 4027, 4057, 4058 e 4032. EN ISO 20471, classe 2<\/p>\n<p>Poliestere 94%, elastan 6%, elasticizzato in 4 direzioni, 320 g\/m\u00b2.<\/p>","protected":false},"excerpt":{"rendered":"<p>Diese vielseitige und bequeme High Vis Hose mit eng geschnittenen Beinen ist f\u00fcr die weibliche Figur konzipiert. Sie bietet eine hohe Bewegungsfreiheit und ist extrem weich. Diese Hose ist so entwickelt, dass sie auch harten Arbeiten standh\u00e4lt, ohne Kompromisse bei Komfort und Passform einzugehen. Das Material ist ein glatter 4-Wege-Stretch Stoff, der stark und in [&hellip;]<\/p>\n","protected":false},"featured_media":592849,"template":"","meta":[],"product_brand":[],"product_cat":[4185],"product_tag":[],"class_list":{"0":"post-592813","1":"product","2":"type-product","3":"status-publish","4":"has-post-thumbnail","6":"product_cat-hosen","7":"pa_brand-blaklaeder","8":"pa_brand-type-workwear","9":"pa_filter-color-blau","10":"pa_filter-color-orange","12":"first","13":"instock","14":"sale","15":"taxable","16":"shipping-taxable","17":"purchasable","18":"product-type-variable","19":"add-to-wishlist-before_image"},"exclude_global_add_ons":[],"addons":[],"acf":[],"_links":{"self":[{"href":"https:\/\/shop.kustom.ch\/it\/wp-json\/wp\/v2\/product\/592813"}],"collection":[{"href":"https:\/\/shop.kustom.ch\/it\/wp-json\/wp\/v2\/product"}],"about":[{"href":"https:\/\/shop.kustom.ch\/it\/wp-json\/wp\/v2\/types\/product"}],"wp:featuredmedia":[{"embeddable":true,"href":"https:\/\/shop.kustom.ch\/it\/wp-json\/wp\/v2\/media\/592849"}],"wp:attachment":[{"href":"https:\/\/shop.kustom.ch\/it\/wp-json\/wp\/v2\/media?parent=592813"}],"wp:term":[{"taxonomy":"product_brand","embeddable":true,"href":"https:\/\/shop.kustom.ch\/it\/wp-json\/wp\/v2\/product_brand?post=592813"},{"taxonomy":"product_cat","embeddable":true,"href":"https:\/\/shop.kustom.ch\/it\/wp-json\/wp\/v2\/product_cat?post=592813"},{"taxonomy":"product_tag","embeddable":true,"href":"https:\/\/shop.kustom.ch\/it\/wp-json\/wp\/v2\/product_tag?post=592813"}],"curies":[{"name":"wp","href":"https:\/\/api.w.org\/{rel}","templated":true}]}}