{"id":592540,"date":"2025-03-04T23:35:04","date_gmt":"2025-03-04T22:35:04","guid":{"rendered":"https:\/\/shop.kustom.ch\/?post_type=product&#038;p=592540"},"modified":"2026-03-31T09:12:38","modified_gmt":"2026-03-31T08:12:38","slug":"damen-high-vis-shorts-mit-stretch","status":"publish","type":"product","link":"https:\/\/shop.kustom.ch\/it\/prodotto\/damen-high-vis-shorts-mit-stretch\/","title":{"rendered":"Pantaloncini da donna in alta visibilit\u00e0 con elastico"},"content":{"rendered":"<p>Pantaloncini a vista comodi e flessibili, dal taglio femminile. Hanno inserti elasticizzati nel cavallo, nella seduta e nel carr\u00e9. Strisce riflettenti, tasca posteriore con patta, tasca sulla coscia, tasca per il cellulare, tasca per la carta d'identit\u00e0, tasca per il metro pieghevole e tasca per le unghie rinforzate in CORDURA\u00ae. Certificato secondo lo standard EN ISO 20471, classe 1.<\/p>\n<p>DETTAGLI: Cuciture rinforzate sul cavallo. Zip in plastica sul cavallo. Passanti, uno con anello a D. Vita elasticizzata. FUNZIONALIT\u00c0: Inserto elasticizzato sul cavallo e sulla seduta, taglia donna. CARATTERISTICHE PRINCIPALI: Lavoratore da giardino. Disponibile per uomo e donna. EN ISO 20471. REFLEX: strisce riflettenti larghe 60 mm. TESSUTO: Disponibile per uomo e donna. Arancione ad alta visibilit\u00e0. Leggero. Elasticizzato. TASCHE: Tasca sulla gamba con soffietto, patta e tasca per le penne, tasca supplementare e tasca per il cellulare. Tasca posteriore, una con patta. Tasche per le unghie rinforzate in tre parti. Tasche laterali. Tasca rinforzata per regolo pieghevole con portacoltelli e portapenne. ISTRUZIONI DI LAVAGGIO: Numero di lavaggi: 50, non centrifugare. RINFORZO: tasche portachiodi e tasca porta metro pieghevole rinforzate in CORDURA\u00ae. CERTIFICAZIONE: Gruppo di certificazione V<\/p>\n<p>65% poliestere, 35% cotone, twill, tessuto esterno idrorepellente, 240g\/m\u00b2.<\/p>","protected":false},"excerpt":{"rendered":"<p>Bequeme und flexible High Vis Shorts mit weiblichem Schnitt. Sie hat Stretch-Eins\u00e4tze im Schritt, am Ges\u00e4ss und an der Passe. Reflexstreifen, Ges\u00e4sstasche mit Patte, Oberschenkeltasche, Handytasche, Ausweistasche und eine CORDURA\u00ae-verst\u00e4rkte Zollstocktasche und Nageltasche. Zertifiziert nach der Norm EN ISO 20471, Klasse 1. DETAILS: Verst\u00e4rkte N\u00e4hte am Schritt. Kunststoff-Reissverschluss im Schritt. Schlaufen, davon eine mit D-Ring. [&hellip;]<\/p>\n","protected":false},"featured_media":592572,"template":"","meta":[],"product_brand":[],"product_cat":[4198],"product_tag":[],"class_list":{"0":"post-592540","1":"product","2":"type-product","3":"status-publish","4":"has-post-thumbnail","6":"product_cat-shorts","7":"pa_brand-blaklaeder","8":"pa_brand-type-workwear","9":"pa_filter-color-orange","10":"pa_filter-color-rot","12":"first","13":"instock","14":"sale","15":"taxable","16":"shipping-taxable","17":"purchasable","18":"product-type-variable","19":"add-to-wishlist-before_image"},"exclude_global_add_ons":[],"addons":[],"acf":[],"_links":{"self":[{"href":"https:\/\/shop.kustom.ch\/it\/wp-json\/wp\/v2\/product\/592540"}],"collection":[{"href":"https:\/\/shop.kustom.ch\/it\/wp-json\/wp\/v2\/product"}],"about":[{"href":"https:\/\/shop.kustom.ch\/it\/wp-json\/wp\/v2\/types\/product"}],"wp:featuredmedia":[{"embeddable":true,"href":"https:\/\/shop.kustom.ch\/it\/wp-json\/wp\/v2\/media\/592572"}],"wp:attachment":[{"href":"https:\/\/shop.kustom.ch\/it\/wp-json\/wp\/v2\/media?parent=592540"}],"wp:term":[{"taxonomy":"product_brand","embeddable":true,"href":"https:\/\/shop.kustom.ch\/it\/wp-json\/wp\/v2\/product_brand?post=592540"},{"taxonomy":"product_cat","embeddable":true,"href":"https:\/\/shop.kustom.ch\/it\/wp-json\/wp\/v2\/product_cat?post=592540"},{"taxonomy":"product_tag","embeddable":true,"href":"https:\/\/shop.kustom.ch\/it\/wp-json\/wp\/v2\/product_tag?post=592540"}],"curies":[{"name":"wp","href":"https:\/\/api.w.org\/{rel}","templated":true}]}}