{"id":592442,"date":"2025-03-04T23:33:47","date_gmt":"2025-03-04T22:33:47","guid":{"rendered":"https:\/\/shop.kustom.ch\/?post_type=product&#038;p=592442"},"modified":"2026-03-31T09:12:20","modified_gmt":"2026-03-31T08:12:20","slug":"damen-service-softshell-winterhose","status":"publish","type":"product","link":"https:\/\/shop.kustom.ch\/it\/prodotto\/damen-service-softshell-winterhose\/","title":{"rendered":"Pantaloni invernali softshell da donna"},"content":{"rendered":"<p>Pantaloni da lavoro di servizio dal taglio femminile, pensati per l'autunno e l'inverno, realizzati interamente in tessuto softshell elasticizzato. Questi pantaloni non sono solo morbidi, leggeri e altamente traspiranti, ma anche sufficientemente caldi per lavorare in ambienti freddi e apprezzati dagli autisti che salgono e scendono continuamente dai loro veicoli.<\/p>\n<p>FINITURA: Possibilit\u00e0 di allungamento dell'orlo delle gambe. DETTAGLI: Buone superfici per la finitura. Bottone in metallo rivestito in gomma. Zip in plastica al cavallo. Vita elasticizzata. FUNZIONALIT\u00c0: elasticizzato a 2 vie. Gambe dei pantaloni particolarmente ergonomiche. CARATTERISTICHE PRINCIPALI: Rider. REFLEX: Dettagli riflettenti sulla gamba. TESSUTO: Disponibile per uomo e donna. blu. Stretch. Stretch. TASCHE: Tasche sulla gamba con soffietto, zip, tasca per penna e coltello. Tasca interna per cellulare. Tasca interna porta metro pieghevole. ISTRUZIONI DI LAVAGGIO: Non candeggiare.<\/p>\n<p>92% poliestere, 8% elastan, softshell 3 strati, impermeabile 11.000 mm, antivento, traspirante Ret 20.0, elasticizzato, 255 g\/m\u00b2<\/p>","protected":false},"excerpt":{"rendered":"<p>Service Arbeitshose mit femininem Schnitt, konzipiert f\u00fcr Herbst- und Winterbekleidung, komplett aus elastischem Softshell Stoff. Diese Hose ist nicht nur weich, leicht und hoch atmungsaktiv, sondern auch warm genug f\u00fcr Arbeiten in K\u00fchlr\u00e4umen und beliebt bei Fahrern, die immer wieder in und aus ihren Fahrzeugen steigen. ABSCHLUSS: Verl\u00e4ngerungsm\u00f6glichkeit am Beinsaum. DETAILS: Gute Oberfl\u00e4chen f\u00fcr Veredelung. [&hellip;]<\/p>\n","protected":false},"featured_media":0,"template":"","meta":[],"product_brand":[],"product_cat":[4185],"product_tag":[],"class_list":{"0":"post-592442","1":"product","2":"type-product","3":"status-publish","5":"product_cat-hosen","6":"pa_brand-blaklaeder","7":"pa_brand-type-workwear","8":"pa_filter-color-blau","9":"pa_filter-color-schwarz","11":"first","12":"instock","13":"sale","14":"taxable","15":"shipping-taxable","16":"purchasable","17":"product-type-variable","18":"add-to-wishlist-before_image"},"exclude_global_add_ons":[],"addons":[],"acf":[],"_links":{"self":[{"href":"https:\/\/shop.kustom.ch\/it\/wp-json\/wp\/v2\/product\/592442"}],"collection":[{"href":"https:\/\/shop.kustom.ch\/it\/wp-json\/wp\/v2\/product"}],"about":[{"href":"https:\/\/shop.kustom.ch\/it\/wp-json\/wp\/v2\/types\/product"}],"wp:attachment":[{"href":"https:\/\/shop.kustom.ch\/it\/wp-json\/wp\/v2\/media?parent=592442"}],"wp:term":[{"taxonomy":"product_brand","embeddable":true,"href":"https:\/\/shop.kustom.ch\/it\/wp-json\/wp\/v2\/product_brand?post=592442"},{"taxonomy":"product_cat","embeddable":true,"href":"https:\/\/shop.kustom.ch\/it\/wp-json\/wp\/v2\/product_cat?post=592442"},{"taxonomy":"product_tag","embeddable":true,"href":"https:\/\/shop.kustom.ch\/it\/wp-json\/wp\/v2\/product_tag?post=592442"}],"curies":[{"name":"wp","href":"https:\/\/api.w.org\/{rel}","templated":true}]}}