{"id":592355,"date":"2025-03-04T23:32:35","date_gmt":"2025-03-04T22:32:35","guid":{"rendered":"https:\/\/shop.kustom.ch\/?post_type=product&#038;p=592355"},"modified":"2026-03-31T09:12:02","modified_gmt":"2026-03-31T08:12:02","slug":"damen-servicehose-mit-stretch","status":"publish","type":"product","link":"https:\/\/shop.kustom.ch\/it\/prodotto\/damen-servicehose-mit-stretch\/","title":{"rendered":"Pantaloni di servizio da donna elasticizzati"},"content":{"rendered":"<p>Pantaloni da servizio\/trasporto flessibili e resistenti con vestibilit\u00e0 femminile, adatti a varie situazioni in cui sono richiesti comfort e mobilit\u00e0. Questi pantaloni hanno una vita elasticizzata e una vestibilit\u00e0 leggermente pi\u00f9 stretta e sono dotati di pannelli elasticizzati per una maggiore flessibilit\u00e0. Le ginocchia rinforzate in CORDURA\u00ae aumentano ulteriormente la durata dei pantaloni. Possono essere allungati sull'orlo della gamba. I pantaloni sono dotati di due tasche sul retro, tasche a soffietto sul davanti e una tasca sulla gamba ideale per conservare i documenti. I colori a contrasto sulla tasca della gamba e sulle cuciture migliorano l'aspetto generale. I dettagli riflettenti neri aumentano la visibilit\u00e0 del capo. Disponibile anche come modello da uomo 1456.<\/p>\n<p>CHIUSURA: possibilit\u00e0 di estensione sul fondo gamba. Fondo gamba con rinforzo in CORDURA\u00ae. DETTAGLI: anello a D. Bottone in metallo. Zip in plastica sul cavallo. Vita elasticizzata. FUNZIONALIT\u00c0: Tessuto elasticizzato sul davanti, sul carr\u00e9, sulla parte anteriore e posteriore delle ginocchia e nel cavallo. Taglia donna. CARATTERISTICHE PRINCIPALI: Driver. EN 14004. REFLEX: Dettagli riflettenti sulla gamba. TESSUTO: Donna. nero. Inserto elasticizzato. Industria \/ Servizio. TASCHE: Tasca sulla gamba con soffietto, zip, tasca per penna e coltello. Tasca portadocumenti. Tasche posteriori. Tasche interne per ginocchiere. Tasche laterali. ISTRUZIONI DI LAVAGGIO: Non candeggiare. RINFORZO: CORDURA\u00ae rinforzato sulle ginocchia. CERTIFICAZIONE: EN 14404 2004+A1 2010, Tipo 1, Livello 0 insieme alle ginocchiere Art. 4057<\/p>\n<p>65% poliestere, 35% cotone, tessuto fine, 166g\/m\u00b2<\/p>","protected":false},"excerpt":{"rendered":"<p>Eine flexible und strapazierf\u00e4hige Service-\/Transporthose mit weiblicher Passform, die sich f\u00fcr verschiedene Situationen eignet, in denen Komfort und Beweglichkeit gefragt sind. Diese Hose hat einen Gummizug an der Taille und eine etwas schmalere Passform und ist mit Stretch-Eins\u00e4tzen f\u00fcr erh\u00f6hte Flexibilit\u00e4t ausgestattet. Die CORDURA\u00ae-verst\u00e4rkten Knie erh\u00f6hen die Lebensdauer der Hose zus\u00e4tzlich. Sie kann am Beinsaum [&hellip;]<\/p>\n","protected":false},"featured_media":592366,"template":"","meta":[],"product_brand":[],"product_cat":[4185],"product_tag":[],"class_list":{"0":"post-592355","1":"product","2":"type-product","3":"status-publish","4":"has-post-thumbnail","6":"product_cat-hosen","7":"pa_brand-blaklaeder","8":"pa_brand-type-workwear","9":"pa_filter-color-blau","10":"pa_filter-color-gelb","11":"pa_filter-color-grau","12":"pa_filter-color-rot","13":"pa_filter-color-schwarz","15":"first","16":"instock","17":"sale","18":"taxable","19":"shipping-taxable","20":"purchasable","21":"product-type-variable","22":"add-to-wishlist-before_image"},"exclude_global_add_ons":[],"addons":[],"acf":[],"_links":{"self":[{"href":"https:\/\/shop.kustom.ch\/it\/wp-json\/wp\/v2\/product\/592355"}],"collection":[{"href":"https:\/\/shop.kustom.ch\/it\/wp-json\/wp\/v2\/product"}],"about":[{"href":"https:\/\/shop.kustom.ch\/it\/wp-json\/wp\/v2\/types\/product"}],"wp:featuredmedia":[{"embeddable":true,"href":"https:\/\/shop.kustom.ch\/it\/wp-json\/wp\/v2\/media\/592366"}],"wp:attachment":[{"href":"https:\/\/shop.kustom.ch\/it\/wp-json\/wp\/v2\/media?parent=592355"}],"wp:term":[{"taxonomy":"product_brand","embeddable":true,"href":"https:\/\/shop.kustom.ch\/it\/wp-json\/wp\/v2\/product_brand?post=592355"},{"taxonomy":"product_cat","embeddable":true,"href":"https:\/\/shop.kustom.ch\/it\/wp-json\/wp\/v2\/product_cat?post=592355"},{"taxonomy":"product_tag","embeddable":true,"href":"https:\/\/shop.kustom.ch\/it\/wp-json\/wp\/v2\/product_tag?post=592355"}],"curies":[{"name":"wp","href":"https:\/\/api.w.org\/{rel}","templated":true}]}}