{"id":592318,"date":"2025-03-04T23:32:28","date_gmt":"2025-03-04T22:32:28","guid":{"rendered":"https:\/\/shop.kustom.ch\/?post_type=product&#038;p=592318"},"modified":"2026-03-31T09:11:54","modified_gmt":"2026-03-31T08:11:54","slug":"damen-chinohose-2-wege-stretch","status":"publish","type":"product","link":"https:\/\/shop.kustom.ch\/it\/prodotto\/damen-chinohose-2-wege-stretch\/","title":{"rendered":"Pantaloni chino da donna elasticizzati a 2 vie"},"content":{"rendered":"<p>Pantaloni chino dal taglio leggermente pi\u00f9 sottile e femminile. Realizzati interamente in tessuto elasticizzato a 2 vie per offrire maggiore comfort quando si lavora nei negozi o nell'uso pratico. I pantaloni sono progettati per resistere a ripetuti lavaggi industriali e sono dotati di un'elegante tasca con zip.<\/p>\n<p>CHIUSURA: possibilit\u00e0 di estensione sull'orlo della gamba. DETTAGLI: Bottoni in plastica. Zip in plastica sul cavallo. FUNZIONALIT\u00c0: elasticizzato a 2 vie. Taglia donna. CARATTERISTICHE PRINCIPALI: Personale di servizio. TESSUTO: Disponibile per uomo e donna. blu. Stretch. Industria \/ Servizio. TASCHE: Tasche posteriori. Tasca interna con zip nascosta. ISTRUZIONI DI LAVAGGIO: 70\u00b0 C<\/p>\n<p>63% poliestere, 33% cotone, 4% elastofin, twill, elasticizzato, 245 g\/m\u00b2<\/p>","protected":false},"excerpt":{"rendered":"<p>Chinohose mit einem etwas schlankeren, femininen Schnitt. Vollst\u00e4ndig aus 2-Wege-Stretch Stoff, um mehr Komfort bei der Arbeit in Gesch\u00e4ften oder im praktischen Einsatz zu bieten. Die Hose ist so entwickelt, dass sie wiederholten industriellen W\u00e4schen standh\u00e4lt und \u00fcber eine intelligente Reissverschlusstasche verf\u00fcgt. ABSCHLUSS: Verl\u00e4ngerungsm\u00f6glichkeit am Beinsaum. DETAILS: Kunststoff-Kn\u00f6pfe. Kunststoff-Reissverschluss im Schritt. FUNKTIONALIT\u00c4T: 2-Wege-Stretch. Damengr\u00f6sse. HAUPTEIGENSCHAFTEN: [&hellip;]<\/p>\n","protected":false},"featured_media":592364,"template":"","meta":[],"product_brand":[],"product_cat":[4185],"product_tag":[],"class_list":{"0":"post-592318","1":"product","2":"type-product","3":"status-publish","4":"has-post-thumbnail","6":"product_cat-hosen","7":"pa_brand-blaklaeder","8":"pa_brand-type-workwear","9":"pa_filter-color-blau","10":"pa_filter-color-schwarz","12":"first","13":"instock","14":"sale","15":"taxable","16":"shipping-taxable","17":"purchasable","18":"product-type-variable","19":"add-to-wishlist-before_image"},"exclude_global_add_ons":[],"addons":[],"acf":[],"_links":{"self":[{"href":"https:\/\/shop.kustom.ch\/it\/wp-json\/wp\/v2\/product\/592318"}],"collection":[{"href":"https:\/\/shop.kustom.ch\/it\/wp-json\/wp\/v2\/product"}],"about":[{"href":"https:\/\/shop.kustom.ch\/it\/wp-json\/wp\/v2\/types\/product"}],"wp:featuredmedia":[{"embeddable":true,"href":"https:\/\/shop.kustom.ch\/it\/wp-json\/wp\/v2\/media\/592364"}],"wp:attachment":[{"href":"https:\/\/shop.kustom.ch\/it\/wp-json\/wp\/v2\/media?parent=592318"}],"wp:term":[{"taxonomy":"product_brand","embeddable":true,"href":"https:\/\/shop.kustom.ch\/it\/wp-json\/wp\/v2\/product_brand?post=592318"},{"taxonomy":"product_cat","embeddable":true,"href":"https:\/\/shop.kustom.ch\/it\/wp-json\/wp\/v2\/product_cat?post=592318"},{"taxonomy":"product_tag","embeddable":true,"href":"https:\/\/shop.kustom.ch\/it\/wp-json\/wp\/v2\/product_tag?post=592318"}],"curies":[{"name":"wp","href":"https:\/\/api.w.org\/{rel}","templated":true}]}}