{"id":592032,"date":"2025-03-04T23:29:29","date_gmt":"2025-03-04T22:29:29","guid":{"rendered":"https:\/\/shop.kustom.ch\/?post_type=product&#038;p=592032"},"modified":"2026-03-31T09:11:39","modified_gmt":"2026-03-31T08:11:39","slug":"damen-service-arbeitshose-stretch-2","status":"publish","type":"product","link":"https:\/\/shop.kustom.ch\/it\/prodotto\/damen-service-arbeitshose-stretch-2\/","title":{"rendered":"Pantaloni da lavoro da donna elasticizzati"},"content":{"rendered":"<p>Pantaloni di servizio da donna con inserti elasticizzati, gambe preformate e vita elasticizzata per una mobilit\u00e0 e un comfort ottimali. Il materiale \u00e8 realizzato in denim CORDURA\u00ae, quattro volte pi\u00f9 resistente del normale tessuto denim.<\/p>\n<p>CHIUSURA: opzione di estensione sul fondo della gamba. DETTAGLI: Zip in plastica sul cavallo. Anello a D sulla cintura. FUNZIONALIT\u00c0: Inserti elasticizzati nel cavallo, nelle ginocchia e nella seduta. Gambe dei pantaloni particolarmente ergonomiche. CARATTERISTICHE PRINCIPALI: potere pulente. TESSUTO: Donna. nero. Inserto elasticizzato. Industria \/ Servizio. TASCHE: Tasche sulle gambe con soffietto, zip, tasca per penna e coltello. Tasca interna per cellulare. Tasche laterali. ISTRUZIONI DI LAVAGGIO: Non candeggiare.<\/p>\n<p>85% cotone, 15% poliammide, denim, rivestito, CORDURA\u00ae denim, 340 g\/m\u00b2<\/p>","protected":false},"excerpt":{"rendered":"<p>Damen Service Arbeitshose mit Stretch-Eins\u00e4tzen, vorgeformten Beinen und elastischer Taille f\u00fcr optimale Beweglichkeit und Komfort. Das Material besteht aus CORDURA\u00ae Denim, welches viermal st\u00e4rker ist, als normaler Denim Stoff. ABSCHLUSS: Verl\u00e4ngerungsm\u00f6glichkeit am Beinsaum. DETAILS: Kunststoff-Reissverschluss im Schritt. D-Ring am Bund. FUNKTIONALIT\u00c4T: Stretch-Eins\u00e4tze im Schritt, den Knien und am Ges\u00e4ss. Besonders ergonomisch geformte Hosenbeine. HAUPTEIGENSCHAFTEN: Reinigungskraft. [&hellip;]<\/p>\n","protected":false},"featured_media":592052,"template":"","meta":[],"product_brand":[],"product_cat":[4185],"product_tag":[],"class_list":{"0":"post-592032","1":"product","2":"type-product","3":"status-publish","4":"has-post-thumbnail","6":"product_cat-hosen","7":"pa_brand-blaklaeder","8":"pa_brand-type-workwear","9":"pa_filter-color-blau","10":"pa_filter-color-grau","11":"pa_filter-color-gruen","12":"pa_filter-color-rot","13":"pa_filter-color-schwarz","15":"first","16":"instock","17":"sale","18":"taxable","19":"shipping-taxable","20":"purchasable","21":"product-type-variable","22":"add-to-wishlist-before_image"},"exclude_global_add_ons":[],"addons":[],"acf":[],"_links":{"self":[{"href":"https:\/\/shop.kustom.ch\/it\/wp-json\/wp\/v2\/product\/592032"}],"collection":[{"href":"https:\/\/shop.kustom.ch\/it\/wp-json\/wp\/v2\/product"}],"about":[{"href":"https:\/\/shop.kustom.ch\/it\/wp-json\/wp\/v2\/types\/product"}],"wp:featuredmedia":[{"embeddable":true,"href":"https:\/\/shop.kustom.ch\/it\/wp-json\/wp\/v2\/media\/592052"}],"wp:attachment":[{"href":"https:\/\/shop.kustom.ch\/it\/wp-json\/wp\/v2\/media?parent=592032"}],"wp:term":[{"taxonomy":"product_brand","embeddable":true,"href":"https:\/\/shop.kustom.ch\/it\/wp-json\/wp\/v2\/product_brand?post=592032"},{"taxonomy":"product_cat","embeddable":true,"href":"https:\/\/shop.kustom.ch\/it\/wp-json\/wp\/v2\/product_cat?post=592032"},{"taxonomy":"product_tag","embeddable":true,"href":"https:\/\/shop.kustom.ch\/it\/wp-json\/wp\/v2\/product_tag?post=592032"}],"curies":[{"name":"wp","href":"https:\/\/api.w.org\/{rel}","templated":true}]}}