{"id":591952,"date":"2025-03-04T23:28:48","date_gmt":"2025-03-04T22:28:48","guid":{"rendered":"https:\/\/shop.kustom.ch\/?post_type=product&#038;p=591952"},"modified":"2026-03-31T09:11:27","modified_gmt":"2026-03-31T08:11:27","slug":"damen-high-vis-arbeitshose-mit-werkzeugtaschen","status":"publish","type":"product","link":"https:\/\/shop.kustom.ch\/it\/prodotto\/damen-high-vis-arbeitshose-mit-werkzeugtaschen\/","title":{"rendered":"Pantaloni da lavoro da donna ad alta visibilit\u00e0 con tasche porta attrezzi"},"content":{"rendered":"<p>Questi pantaloni da lavoro da donna ad alta visibilit\u00e0 con tasche per attrezzi sono robusti, idrorepellenti e freschi. Elevato comfort, perfetta funzionalit\u00e0 e rinforzi in CORDURA\u00ae sulle ginocchia. I pantaloni sono dotati di un elastico in vita per una migliore vestibilit\u00e0 e di una coulisse all'estremit\u00e0 delle gambe. Certificato secondo la norma EN ISO 20471 classe 2.<\/p>\n<p>CHIUSURA: polsini regolabili con coulisse e rinforzo in CORDURA\u00ae. DETTAGLI: Tasca per carte d'identit\u00e0 staccabile. Passante per martello sul lato. Portacoltelli con bottone. Passanti, uno con anello a D. Vita elasticizzata. FUNZIONALIT\u00c0: Taglia donna. CARATTERISTICHE PRINCIPALI: Artigiano. EN 14004. REFLEX: Materiale riflettente intorno alle gambe. TESSUTO: Donna. blu. Leggero. Alta visibilit\u00e0. TASCHE: Tasca sulla gamba con portamatite e portacellulare. Tasche posteriori a soffietto, rinforzate. Una con patta. Tasca per cellulare. Tasche esterne per ginocchiere. Tasche per le unghie - extra larghe, con taglio obliquo e con un numero particolarmente elevato di scomparti. Tasche a filetto oblique. Tasca porta metro pieghevole con portacoltelli e portapenne. ISTRUZIONI DI LAVAGGIO: Numero di lavaggi: 50. 70\u00b0 C. RINFORZO: CORDURA\u00ae rinforzato sulle ginocchia. LAVAGGIO: lavanderia industriale EN ISO 15797. CERTIFICAZIONE: EN 14404:2004+A1:2010 insieme alle ginocchiere 4027, 4057, 4058 e 4032. gruppo di certificazione Y<\/p>\n<p>65% poliestere, 35% cotone, twill, tessuto esterno idrorepellente, 240g\/m\u00b2.<\/p>","protected":false},"excerpt":{"rendered":"<p>Diese Damen High-Vis Arbeitshose mit Werkzeugtaschen ist robust, wasserabweisend und k\u00fchl. Hoher Tragekomfort, perfekte Funktionalit\u00e4t und CORDURA\u00ae-Verst\u00e4rkungen an den Knien. Die Bundhose hat einen elastischen Bund f\u00fcr bessere Passform und einen Kordelzug am Beinabschluss. Zertifiziert nach EN ISO 20471 Klasse 2. ABSCHLUSS: Verstellbare Beinabschl\u00fcsse mit Kordelzug und CORDURA\u00ae-Verst\u00e4rkung. DETAILS: Abnehmbare Ausweistasche. Hammerschlaufe an der Seite. [&hellip;]<\/p>\n","protected":false},"featured_media":591987,"template":"","meta":[],"product_brand":[],"product_cat":[4185],"product_tag":[],"class_list":{"0":"post-591952","1":"product","2":"type-product","3":"status-publish","4":"has-post-thumbnail","6":"product_cat-hosen","7":"pa_brand-blaklaeder","8":"pa_brand-type-workwear","9":"pa_filter-color-blau","10":"pa_filter-color-gelb","11":"pa_filter-color-gruen","12":"pa_filter-color-orange","13":"pa_filter-color-schwarz","15":"first","16":"instock","17":"sale","18":"taxable","19":"shipping-taxable","20":"purchasable","21":"product-type-variable","22":"add-to-wishlist-before_image"},"exclude_global_add_ons":[],"addons":[],"acf":[],"_links":{"self":[{"href":"https:\/\/shop.kustom.ch\/it\/wp-json\/wp\/v2\/product\/591952"}],"collection":[{"href":"https:\/\/shop.kustom.ch\/it\/wp-json\/wp\/v2\/product"}],"about":[{"href":"https:\/\/shop.kustom.ch\/it\/wp-json\/wp\/v2\/types\/product"}],"wp:featuredmedia":[{"embeddable":true,"href":"https:\/\/shop.kustom.ch\/it\/wp-json\/wp\/v2\/media\/591987"}],"wp:attachment":[{"href":"https:\/\/shop.kustom.ch\/it\/wp-json\/wp\/v2\/media?parent=591952"}],"wp:term":[{"taxonomy":"product_brand","embeddable":true,"href":"https:\/\/shop.kustom.ch\/it\/wp-json\/wp\/v2\/product_brand?post=591952"},{"taxonomy":"product_cat","embeddable":true,"href":"https:\/\/shop.kustom.ch\/it\/wp-json\/wp\/v2\/product_cat?post=591952"},{"taxonomy":"product_tag","embeddable":true,"href":"https:\/\/shop.kustom.ch\/it\/wp-json\/wp\/v2\/product_tag?post=591952"}],"curies":[{"name":"wp","href":"https:\/\/api.w.org\/{rel}","templated":true}]}}