{"id":591808,"date":"2025-03-04T23:26:51","date_gmt":"2025-03-04T22:26:51","guid":{"rendered":"https:\/\/shop.kustom.ch\/?post_type=product&#038;p=591808"},"modified":"2026-03-31T09:11:16","modified_gmt":"2026-03-31T08:11:16","slug":"damen-service-shorts-stretch-2","status":"publish","type":"product","link":"https:\/\/shop.kustom.ch\/it\/prodotto\/damen-service-shorts-stretch-2\/","title":{"rendered":"Pantaloncini di servizio da donna elasticizzati"},"content":{"rendered":"<p>Pantaloncini con inserti elasticizzati ed elastico in vita per una libert\u00e0 di movimento e un comfort ottimali. Il materiale \u00e8 leggero, robusto e ad asciugatura rapida.<\/p>\n<p>DETTAGLI: Zip in plastica sul cavallo. Anello a D in vita. FUNZIONALIT\u00c0: Inserti elasticizzati. Taglia donna. CARATTERISTICHE PRINCIPALI: Lavoratore da giardino. Disponibile per uomo e donna. TESSUTO: Disponibile per uomo e donna. nero. Leggero. Industria \/ Servizio. TASCHE: Tasche sulle gambe con soffietto, zip, tasca per penna e coltello. Tasche posteriori. Tasca interna per cellulare. Tasche laterali. ISTRUZIONI DI LAVAGGIO: 40\u00b0 C<\/p>\n<p>65% poliestere, 35% cotone, tessuto fine, 166g\/m\u00b2<\/p>","protected":false},"excerpt":{"rendered":"<p>Shorts mit Stretch Eins\u00e4tzen und elastischem Bund f\u00fcr optimale Bewegungsfreiheit und Komfort. Das Material ist leicht, robust und schnelltrocknend. DETAILS: Kunststoff-Reissverschluss im Schritt. D-Ring am Bund. FUNKTIONALIT\u00c4T: Stretch-Eins\u00e4tze. Damengr\u00f6sse. HAUPTEIGENSCHAFTEN: Gartenarbeiter. Erh\u00e4ltlich f\u00fcr Damen und Herren. STOFF: Erh\u00e4ltlich f\u00fcr Damen und Herren. schwarz. Leicht. Industrie \/ Service. TASCHEN: Beintaschen mit Balg, Reissverschluss, Stift- und Messertasche. [&hellip;]<\/p>\n","protected":false},"featured_media":591842,"template":"","meta":[],"product_brand":[],"product_cat":[4198],"product_tag":[],"class_list":{"0":"post-591808","1":"product","2":"type-product","3":"status-publish","4":"has-post-thumbnail","6":"product_cat-shorts","7":"pa_brand-blaklaeder","8":"pa_brand-type-workwear","9":"pa_filter-color-blau","10":"pa_filter-color-grau","11":"pa_filter-color-rot","12":"pa_filter-color-schwarz","14":"first","15":"instock","16":"sale","17":"taxable","18":"shipping-taxable","19":"purchasable","20":"product-type-variable","21":"add-to-wishlist-before_image"},"exclude_global_add_ons":[],"addons":[],"acf":[],"_links":{"self":[{"href":"https:\/\/shop.kustom.ch\/it\/wp-json\/wp\/v2\/product\/591808"}],"collection":[{"href":"https:\/\/shop.kustom.ch\/it\/wp-json\/wp\/v2\/product"}],"about":[{"href":"https:\/\/shop.kustom.ch\/it\/wp-json\/wp\/v2\/types\/product"}],"wp:featuredmedia":[{"embeddable":true,"href":"https:\/\/shop.kustom.ch\/it\/wp-json\/wp\/v2\/media\/591842"}],"wp:attachment":[{"href":"https:\/\/shop.kustom.ch\/it\/wp-json\/wp\/v2\/media?parent=591808"}],"wp:term":[{"taxonomy":"product_brand","embeddable":true,"href":"https:\/\/shop.kustom.ch\/it\/wp-json\/wp\/v2\/product_brand?post=591808"},{"taxonomy":"product_cat","embeddable":true,"href":"https:\/\/shop.kustom.ch\/it\/wp-json\/wp\/v2\/product_cat?post=591808"},{"taxonomy":"product_tag","embeddable":true,"href":"https:\/\/shop.kustom.ch\/it\/wp-json\/wp\/v2\/product_tag?post=591808"}],"curies":[{"name":"wp","href":"https:\/\/api.w.org\/{rel}","templated":true}]}}