{"id":591648,"date":"2025-03-04T23:24:48","date_gmt":"2025-03-04T22:24:48","guid":{"rendered":"https:\/\/shop.kustom.ch\/?post_type=product&#038;p=591648"},"modified":"2026-03-31T09:10:50","modified_gmt":"2026-03-31T08:10:50","slug":"damen-industrie-arbeitshose-stretch-2","status":"publish","type":"product","link":"https:\/\/shop.kustom.ch\/it\/prodotto\/damen-industrie-arbeitshose-stretch-2\/","title":{"rendered":"Pantaloni da lavoro industriali da donna elasticizzati"},"content":{"rendered":"<p>Questi pantaloni da lavoro da donna fanno parte della nuova collezione industriale con stretch di Bl\u00e5kl\u00e4der. Adatti al lavaggio industriale, questi pantaloni antigraffio sono realizzati interamente in materiale elasticizzato a 2 vie e presentano un elastico in vita per un comfort ancora maggiore. Le caratteristiche nascoste includono una tasca interna per il metro pieghevole, una tasca di sicurezza con cerniera e bottoni a pressione, che rendono questi pantaloni estremamente affidabili per lavorare in ambienti con superfici sensibili. Le strisce riflettenti garantiscono una maggiore visibilit\u00e0 quando necessario.<\/p>\n<p>CHIUSURA: possibilit\u00e0 di estensione sull'orlo della gamba. DETTAGLI: Anello a D. Bottoni a pressione in metallo. Cucitura interna della gamba con tripla impuntura. Zip in plastica sul cavallo. Fascia elastica in vita. FUNZIONALIT\u00c0: elasticizzato a 2 vie. Gambe dei pantaloni particolarmente ergonomiche. PROPRIET\u00c0 PRINCIPALI: Lavoratore di magazzino. REFLEX: Dettagli riflettenti sulla gamba. TESSUTO: Disponibile per uomo e donna. Stretch. Stretch. TASCHE: Tasche sulla gamba con soffietto e patta, bottoni metallici nascosti. Tasca posteriore, una con patta. Tasca interna per cellulare. Tasche dei pantaloni con tasca con zip. Tasca interna porta metro pieghevole. ISTRUZIONI DI LAVAGGIO: Non candeggiare. LAVAGGIO: lavanderia industriale EN ISO 15797.<\/p>\n<p>63% poliestere, 33% cotone, 4% elastofin, twill, elasticizzato, 260 g\/m\u00b2<\/p>","protected":false},"excerpt":{"rendered":"<p>Diese Damen Arbeitshose ist Teil der neuen Industriekollektion mit Stretch von Bl\u00e5kl\u00e4der. Geeignet f\u00fcr die Industriew\u00e4sche, besteht diese kratzerresistente Hose vollst\u00e4ndig aus 2-Wege-Stretch Material und hat einen elastischen Bund, der f\u00fcr noch mehr Tragekomfort sorgt. Zu den verdeckten Eigenschaften geh\u00f6ren eine Zollstock-Innentasche, eine Sicherheitstasche mit Reissverschluss und Druckkn\u00f6pfe, die diese \u00e4usserst zuverl\u00e4ssige Hose f\u00fcr das [&hellip;]<\/p>\n","protected":false},"featured_media":591661,"template":"","meta":[],"product_brand":[],"product_cat":[4185],"product_tag":[],"class_list":{"0":"post-591648","1":"product","2":"type-product","3":"status-publish","4":"has-post-thumbnail","6":"product_cat-hosen","7":"pa_brand-blaklaeder","8":"pa_brand-type-workwear","9":"pa_filter-color-blau","10":"pa_filter-color-gelb","12":"first","13":"instock","14":"sale","15":"taxable","16":"shipping-taxable","17":"purchasable","18":"product-type-variable","19":"add-to-wishlist-before_image"},"exclude_global_add_ons":[],"addons":[],"acf":[],"_links":{"self":[{"href":"https:\/\/shop.kustom.ch\/it\/wp-json\/wp\/v2\/product\/591648"}],"collection":[{"href":"https:\/\/shop.kustom.ch\/it\/wp-json\/wp\/v2\/product"}],"about":[{"href":"https:\/\/shop.kustom.ch\/it\/wp-json\/wp\/v2\/types\/product"}],"wp:featuredmedia":[{"embeddable":true,"href":"https:\/\/shop.kustom.ch\/it\/wp-json\/wp\/v2\/media\/591661"}],"wp:attachment":[{"href":"https:\/\/shop.kustom.ch\/it\/wp-json\/wp\/v2\/media?parent=591648"}],"wp:term":[{"taxonomy":"product_brand","embeddable":true,"href":"https:\/\/shop.kustom.ch\/it\/wp-json\/wp\/v2\/product_brand?post=591648"},{"taxonomy":"product_cat","embeddable":true,"href":"https:\/\/shop.kustom.ch\/it\/wp-json\/wp\/v2\/product_cat?post=591648"},{"taxonomy":"product_tag","embeddable":true,"href":"https:\/\/shop.kustom.ch\/it\/wp-json\/wp\/v2\/product_tag?post=591648"}],"curies":[{"name":"wp","href":"https:\/\/api.w.org\/{rel}","templated":true}]}}