{"id":591609,"date":"2025-03-04T23:24:14","date_gmt":"2025-03-04T22:24:14","guid":{"rendered":"https:\/\/shop.kustom.ch\/?post_type=product&#038;p=591609"},"modified":"2026-03-31T09:10:42","modified_gmt":"2026-03-31T08:10:42","slug":"damen-service-arbeitshose-stretch","status":"publish","type":"product","link":"https:\/\/shop.kustom.ch\/it\/prodotto\/damen-service-arbeitshose-stretch\/","title":{"rendered":"Pantaloni da lavoro da donna elasticizzati"},"content":{"rendered":"<p>Pantaloni di servizio da donna realizzati in robusto CORDURA\u00ae denim stretch. I pantaloni hanno la vita elasticizzata, sono antigraffio e il tessuto \u00e8 resistente e morbido. Sono dotati di tasche intelligenti, gambe preformate per un maggiore comfort e dettagli neri riflettenti per una migliore visibilit\u00e0. Il capo pu\u00f2 essere lavato per ottenere una sensazione pi\u00f9 morbida.<\/p>\n<p>DETTAGLI: Bottoni nascosti. Cucitura al cavallo come doppia cucitura. Cerniera metallica sul cavallo. Ricamo Bl\u00e5kl\u00e4der sulla schiena. Vita elasticizzata. FUNZIONALIT\u00c0: elasticizzato a 2 vie. Gambe dei pantaloni particolarmente ergonomiche. PROPRIET\u00c0 PRINCIPALI: Artigianale. EN 14004. REFLEX: Dettagli riflettenti sulla gamba. TESSUTO: Donna. blu. Tasche per ginocchiere. Industria \/ Servizio. TASCHE: Tasca sulla gamba con soffietto, tasca portapenne e tasca portacellulare interna in rete. Tasche posteriori. Tasche interne per ginocchiere. Tasca portamonete. Tasche laterali. ISTRUZIONI DI LAVAGGIO: Non lavare a secco. CERTIFICAZIONE: EN 14404 2004+A1 2010, Tipo 1, Livello 0 insieme alle ginocchiere Art. 4057<\/p>\n<p>55% cotone, 15% poliammide, 30% poliestere, denim, rivestito, CORDURA\u00ae denim, stretch, 340 g\/m\u00b2<\/p>","protected":false},"excerpt":{"rendered":"<p>Eine Service Hose f\u00fcr Damen, die aus robustem CORDURA\u00ae Denim Stretch besteht. Die Hose hat eine elastische Taille, ist kratzfrei und der Stoff ist stark und weich. Sie hat clever platzierte Taschen, vorgeformte Beine f\u00fcr besseren Komfort und schwarze Reflexdetails f\u00fcr bessere Sichtbarkeit. Das Kleidungsst\u00fcck kann f\u00fcr ein weicheres Gef\u00fchl gewaschen werden. DETAILS: Verdeckte Kn\u00f6pfe. [&hellip;]<\/p>\n","protected":false},"featured_media":591659,"template":"","meta":[],"product_brand":[],"product_cat":[4185],"product_tag":[],"class_list":{"0":"post-591609","1":"product","2":"type-product","3":"status-publish","4":"has-post-thumbnail","6":"product_cat-hosen","7":"pa_brand-blaklaeder","8":"pa_brand-type-workwear","9":"pa_filter-color-blau","10":"pa_filter-color-schwarz","12":"first","13":"instock","14":"sale","15":"taxable","16":"shipping-taxable","17":"purchasable","18":"product-type-variable","19":"add-to-wishlist-before_image"},"exclude_global_add_ons":[],"addons":[],"acf":[],"_links":{"self":[{"href":"https:\/\/shop.kustom.ch\/it\/wp-json\/wp\/v2\/product\/591609"}],"collection":[{"href":"https:\/\/shop.kustom.ch\/it\/wp-json\/wp\/v2\/product"}],"about":[{"href":"https:\/\/shop.kustom.ch\/it\/wp-json\/wp\/v2\/types\/product"}],"wp:featuredmedia":[{"embeddable":true,"href":"https:\/\/shop.kustom.ch\/it\/wp-json\/wp\/v2\/media\/591659"}],"wp:attachment":[{"href":"https:\/\/shop.kustom.ch\/it\/wp-json\/wp\/v2\/media?parent=591609"}],"wp:term":[{"taxonomy":"product_brand","embeddable":true,"href":"https:\/\/shop.kustom.ch\/it\/wp-json\/wp\/v2\/product_brand?post=591609"},{"taxonomy":"product_cat","embeddable":true,"href":"https:\/\/shop.kustom.ch\/it\/wp-json\/wp\/v2\/product_cat?post=591609"},{"taxonomy":"product_tag","embeddable":true,"href":"https:\/\/shop.kustom.ch\/it\/wp-json\/wp\/v2\/product_tag?post=591609"}],"curies":[{"name":"wp","href":"https:\/\/api.w.org\/{rel}","templated":true}]}}