{"id":591506,"date":"2025-03-04T23:22:51","date_gmt":"2025-03-04T22:22:51","guid":{"rendered":"https:\/\/shop.kustom.ch\/?post_type=product&#038;p=591506"},"modified":"2026-03-31T09:10:21","modified_gmt":"2026-03-31T08:10:21","slug":"damen-handwerker-arbeitshose-mit-stretch-2","status":"publish","type":"product","link":"https:\/\/shop.kustom.ch\/it\/prodotto\/damen-handwerker-arbeitshose-mit-stretch-2\/","title":{"rendered":"Pantaloni da lavoro artigianali da donna con elastico"},"content":{"rendered":"<p>Questi pantaloni da lavoro artigianali dal taglio femminile sono realizzati in cotone 100%. Sono robusti, comodi e ricchi di dettagli pratici che vi accompagneranno durante la vostra giornata lavorativa. Nonostante il materiale robusto, i pantaloni sono ariosi e morbidi. Gli inserti elasticizzati a 4 vie su schiena, carr\u00e9, stinchi e aperture delle tasche li rendono particolarmente leggeri e comodi da indossare. Sono inoltre dotati di tasche per ginocchiere in CORDURA\u00ae stretch per un comfort imbattibile. Disponibile anche come modello da uomo 1590.<\/p>\n<p>CHIUSURA: estremit\u00e0 delle gambe con rinforzo sul retro. DETTAGLI: Tasca per carte d'identit\u00e0 staccabile. Bottoni in metallo. Portacoltelli con bottone. Cucitura interna della gamba con tripla impuntura. Zip in plastica sul cavallo. Due passanti per cintura sui lati con bottone per il passante per il martello, un passante per cintura con anello a D sul davanti. Ampio passante per cintura sul retro. Anello a D sulla cintura. FUNZIONALIT\u00c0: inserto elasticizzato su cavallo, ginocchia, fianchi e polpaccio. PROPRIET\u00c0 PRINCIPALI: Lavoratore da giardino. EN 14004. REFLEX: Dettagli riflettenti sulla gamba. TESSUTO: Donna. nero. Tasche a chiodo. Artigianale. TASCHE: Tasca sulla gamba con soffietto, tasca per penne, tasca flessibile per cellulare e due grandi tasche - una con zip e tasca per carta d'identit\u00e0 staccabile. Tasche posteriori con soffietto. Tasche per ginocchiere. Tasche per i chiodi - con portautensili e tasche extra con zip. Tasca interna con inserto elastico. Tasca rinforzata per regolo pieghevole con portacoltelli e portapenne. ISTRUZIONI DI LAVAGGIO: 40\u00b0 C. RINFORZO: tasche portachiodi, tasche posteriori, tasca porta metro e fondo gamba rinforzati in CORDURA\u00ae1000. CERTIFICAZIONE: EN 14404:2004+A1:2010 insieme alle ginocchiere 4027, 4057, 4058 e 4032.<\/p>\n<p>100% Cotone, twill, 370 g\/m\u00b2<\/p>","protected":false},"excerpt":{"rendered":"<p>Diese Handwerker Arbeitshose im Damenschnitt besteht zu 100% aus Baumwolle. Sie ist robust, bequem und voller praktischer Details, die Sie durch Ihren Arbeitstag begleiten. Trotz des robusten Materials ist die Hose luftig und geschmeidig. F\u00fcr ein besonders leichtes und angenehmes Tragegef\u00fchl sorgen die 4-Wege-Stretch-Eins\u00e4tze am R\u00fccken, an der Passe, an den Schienbeinen und an den [&hellip;]<\/p>\n","protected":false},"featured_media":591532,"template":"","meta":[],"product_brand":[],"product_cat":[4185],"product_tag":[],"class_list":{"0":"post-591506","1":"product","2":"type-product","3":"status-publish","4":"has-post-thumbnail","6":"product_cat-hosen","7":"pa_brand-blaklaeder","8":"pa_brand-type-workwear","9":"pa_filter-color-schwarz","11":"first","12":"instock","13":"sale","14":"taxable","15":"shipping-taxable","16":"purchasable","17":"product-type-variable","18":"add-to-wishlist-before_image"},"exclude_global_add_ons":[],"addons":[],"acf":[],"_links":{"self":[{"href":"https:\/\/shop.kustom.ch\/it\/wp-json\/wp\/v2\/product\/591506"}],"collection":[{"href":"https:\/\/shop.kustom.ch\/it\/wp-json\/wp\/v2\/product"}],"about":[{"href":"https:\/\/shop.kustom.ch\/it\/wp-json\/wp\/v2\/types\/product"}],"wp:featuredmedia":[{"embeddable":true,"href":"https:\/\/shop.kustom.ch\/it\/wp-json\/wp\/v2\/media\/591532"}],"wp:attachment":[{"href":"https:\/\/shop.kustom.ch\/it\/wp-json\/wp\/v2\/media?parent=591506"}],"wp:term":[{"taxonomy":"product_brand","embeddable":true,"href":"https:\/\/shop.kustom.ch\/it\/wp-json\/wp\/v2\/product_brand?post=591506"},{"taxonomy":"product_cat","embeddable":true,"href":"https:\/\/shop.kustom.ch\/it\/wp-json\/wp\/v2\/product_cat?post=591506"},{"taxonomy":"product_tag","embeddable":true,"href":"https:\/\/shop.kustom.ch\/it\/wp-json\/wp\/v2\/product_tag?post=591506"}],"curies":[{"name":"wp","href":"https:\/\/api.w.org\/{rel}","templated":true}]}}