{"id":591468,"date":"2025-03-04T23:22:18","date_gmt":"2025-03-04T22:22:18","guid":{"rendered":"https:\/\/shop.kustom.ch\/?post_type=product&#038;p=591468"},"modified":"2026-03-31T09:10:15","modified_gmt":"2026-03-31T08:10:15","slug":"damen-service-piratenhose-mit-stretch","status":"publish","type":"product","link":"https:\/\/shop.kustom.ch\/it\/prodotto\/damen-service-piratenhose-mit-stretch\/","title":{"rendered":"Pantaloni pirata di servizio da donna con elastico"},"content":{"rendered":"<p>Moderni pantaloni da pirata con vestibilit\u00e0 femminile in un materiale leggero ma resistente, con un tessuto ad asciugatura rapida, che li rende perfetti per il lavoro al chiuso o all'aperto. I pantaloni da pirata hanno una buona vestibilit\u00e0 e sono elasticizzati in alcune zone per una libert\u00e0 di movimento ottimale. Sono dotati di una tasca per penne e coltelli adatta a destri e mancini e di tasche sulle gambe con tasche interne in rete per il cellulare.<\/p>\n<p>DETTAGLI: Zip in plastica al cavallo. Vita elasticizzata. FUNZIONALIT\u00c0: inserti elasticizzati al cavallo, alle ginocchia e alla seduta. taglia donna. PROPRIET\u00c0 PRINCIPALI: Lavoratore di magazzino. Donna. TESSUTO: nero. Leggero. Industria \/ Servizio. TASCHE: tasche sulle gambe con soffietto, zip, tasca per penna e coltello. Tasca interna per cellulare. Tasche laterali. Tasca interna porta metro pieghevole. ISTRUZIONI DI LAVAGGIO: Stiratura bassa.<\/p>\n<p>65% poliestere, 35% cotone, tessuto fine, 166g\/m\u00b2<\/p>","protected":false},"excerpt":{"rendered":"<p>Eine moderne Piratenhose mit Damenpassform aus leichtem, aber strapazierf\u00e4higen Material mit einem schnelltrocknenden Stoff, was sie perfekt f\u00fcr die Arbeit Innen oder das Wetter draussen macht. Die Piratenhose hat eine gute Passform und f\u00fcr optimale Bewegungsfreiheit ist sie an ausgew\u00e4hlten Stellen mit Stretch versehen. Sie verf\u00fcgt \u00fcber eine Stift- und Messertasche angepasst f\u00fcr Rechts- und [&hellip;]<\/p>\n","protected":false},"featured_media":591530,"template":"","meta":[],"product_brand":[],"product_cat":[4198],"product_tag":[],"class_list":{"0":"post-591468","1":"product","2":"type-product","3":"status-publish","4":"has-post-thumbnail","6":"product_cat-shorts","7":"pa_brand-blaklaeder","8":"pa_brand-type-workwear","9":"pa_filter-color-schwarz","11":"first","12":"instock","13":"sale","14":"taxable","15":"shipping-taxable","16":"purchasable","17":"product-type-variable","18":"add-to-wishlist-before_image"},"exclude_global_add_ons":[],"addons":[],"acf":[],"_links":{"self":[{"href":"https:\/\/shop.kustom.ch\/it\/wp-json\/wp\/v2\/product\/591468"}],"collection":[{"href":"https:\/\/shop.kustom.ch\/it\/wp-json\/wp\/v2\/product"}],"about":[{"href":"https:\/\/shop.kustom.ch\/it\/wp-json\/wp\/v2\/types\/product"}],"wp:featuredmedia":[{"embeddable":true,"href":"https:\/\/shop.kustom.ch\/it\/wp-json\/wp\/v2\/media\/591530"}],"wp:attachment":[{"href":"https:\/\/shop.kustom.ch\/it\/wp-json\/wp\/v2\/media?parent=591468"}],"wp:term":[{"taxonomy":"product_brand","embeddable":true,"href":"https:\/\/shop.kustom.ch\/it\/wp-json\/wp\/v2\/product_brand?post=591468"},{"taxonomy":"product_cat","embeddable":true,"href":"https:\/\/shop.kustom.ch\/it\/wp-json\/wp\/v2\/product_cat?post=591468"},{"taxonomy":"product_tag","embeddable":true,"href":"https:\/\/shop.kustom.ch\/it\/wp-json\/wp\/v2\/product_tag?post=591468"}],"curies":[{"name":"wp","href":"https:\/\/api.w.org\/{rel}","templated":true}]}}